{"id":1213,"date":"2020-11-05T15:06:57","date_gmt":"2020-11-05T14:06:57","guid":{"rendered":"http:\/\/stacjadezynfekujaca.com.pl\/?page_id=1213"},"modified":"2022-04-25T13:34:42","modified_gmt":"2022-04-25T11:34:42","slug":"nozny-dozownik","status":"publish","type":"page","link":"https:\/\/job.szczecinek.pl\/de\/produkty\/stacje-dezynfekujace\/nozny-dozownik\/","title":{"rendered":"Stacja dezynfekcji r\u0105k &#8211; no\u017cny dozownik EMDN 01"},"content":{"rendered":"<figure class=\"wp-block-image size-large\"><img decoding=\"async\" src=\"https:\/\/stacjadezynfekujaca.com.pl\/wp-content\/uploads\/2020\/11\/miniaura-1118x629.jpg\" alt=\"\" class=\"wp-image-1215\"\/><\/figure>\n\n\n\n<div class=\"wp-block-file\"><a id=\"wp-block-file--media-7688087d-eab8-4ab1-900a-878e942430b5\" href=\"https:\/\/stacjadezynfekujaca.com.pl\/wp-content\/uploads\/2020\/11\/EMDN01_PL.pdf\">Spezifikation im PDF-Format<\/a><a href=\"https:\/\/stacjadezynfekujaca.com.pl\/wp-content\/uploads\/2020\/11\/EMDN01_PL.pdf\" class=\"wp-block-file__button\" download aria-describedby=\"wp-block-file--media-7688087d-eab8-4ab1-900a-878e942430b5\">Pobierz<\/a><\/div>\n\n\n\n<div class=\"wp-block-file\"><a id=\"wp-block-file--media-234e9e3c-2e86-49db-8b21-2d2d5df12c60\" href=\"https:\/\/stacjadezynfekujaca.com.pl\/wp-content\/uploads\/2020\/11\/Instrukcja-Stacja-dezynfekcji-r\u0105k-no\u017cny-dozownik-E02-931-01-szkic-1.pdf\">Kolejno\u015b\u0107 czynno\u015bci przygotowawczej przed pierwszym u\u017cyciem<\/a><a href=\"https:\/\/stacjadezynfekujaca.com.pl\/wp-content\/uploads\/2020\/11\/Instrukcja-Stacja-dezynfekcji-r\u0105k-no\u017cny-dozownik-E02-931-01-szkic-1.pdf\" class=\"wp-block-file__button\" download aria-describedby=\"wp-block-file--media-234e9e3c-2e86-49db-8b21-2d2d5df12c60\">Pobierz<\/a><\/div>\n\n\n\n<ul class=\"wp-block-list\"><li>zastosowanie do p\u0142yn\u00f3w dezynfekcyjnych. <\/li><li>wyprodukowany &nbsp;z mocnego i odpornego na korozj\u0119 materia\u0142u \u2013 stali ocynkowanej &nbsp;DX51D + Z275MA o grubo\u015bci 1,5mm i podstaw\u0119 z stali DC01 8mm. <\/li><li>ergonomiczny rozmiar <\/li><li>wygodny w u\u017cytkowaniu. <\/li><li>p\u0142yn dezynfekcyjny dozuje si\u0119 przyciskiem no\u017cnym, po naci\u015bni\u0119ciu metalowego peda\u0142u u podstawy dozownika. <\/li><li>idealnie pasuje do pomieszcze\u0144 wewn\u0119trznych jak r\u00f3wnie\u017c nadaje si\u0119 do ustawienia na zewn\u0105trz budynku. <\/li><li>10 litrowy zbiornik pozwala na du\u017c\u0105 przepustowo\u015b\u0107 urz\u0105dzenia bez konieczno\u015bci cz\u0119stego uzupe\u0142niania pojemnika. <\/li><li>wygodny peda\u0142 nadaje si\u0119 r\u00f3wnie\u017c do zastosowania przez dzieci. <\/li><li>mo\u017cliwo\u015b\u0107 w\u0142asnego logo i w dowolnym kolorze RAL. <\/li><li>za dop\u0142at\u0105 nadruk grafiki.<\/li><\/ul>\n\n\n\n<h3 class=\"wp-block-heading\">Parameter<\/h3>\n\n\n\n<p>Materia\u0142: Stal DX51D + Z275MA i DC01, lakier proszkowy poliestrowy<br>Kolor: wybrany kolor RAL<br>Pojemno\u015b\u0107: 10 litr\u00f3w<br>Przycisk: no\u017cny<br>Nape\u0142nianie: Z kanistra<br>Wymiary:<br>&#8211; dozownika (wysoko\u015b\u0107 x szeroko\u015b\u0107): 1148mm x 265mm,<br>&#8211; podstawy: 350mm x 370mm<br>Waga dozownika: 42kg<br>Gwarancja: 1 lata<br><\/p>\n\n\n\n<h3 class=\"wp-block-heading\">Produktgalerie<\/h3>\n\n\n\n<figure class=\"wp-block-gallery has-nested-images columns-default wp-block-gallery-1 is-layout-flex wp-block-gallery-is-layout-flex\">\n<figure class=\"wp-block-image size-large\"><a href=\"https:\/\/stacjadezynfekujaca.com.pl\/wp-content\/uploads\/2020\/11\/stacja-no\u017cna-1-194x629.jpg\"><img decoding=\"async\" data-id=\"1217\" src=\"https:\/\/stacjadezynfekujaca.com.pl\/wp-content\/uploads\/2020\/11\/stacja-no\u017cna-1-194x629.jpg\" alt=\"\" class=\"wp-image-1217\"\/><\/a><\/figure>\n\n\n\n<figure class=\"wp-block-image size-large\"><a href=\"https:\/\/stacjadezynfekujaca.com.pl\/wp-content\/uploads\/2020\/11\/stacja-no\u017cna-3-234x629.jpg\"><img decoding=\"async\" data-id=\"1218\" src=\"https:\/\/stacjadezynfekujaca.com.pl\/wp-content\/uploads\/2020\/11\/stacja-no\u017cna-3-234x629.jpg\" alt=\"\" class=\"wp-image-1218\"\/><\/a><\/figure>\n\n\n\n<figure class=\"wp-block-image size-large\"><a href=\"https:\/\/stacjadezynfekujaca.com.pl\/wp-content\/uploads\/2020\/11\/stacja-no\u017cna-5-378x629.jpg\"><img decoding=\"async\" data-id=\"1219\" src=\"https:\/\/stacjadezynfekujaca.com.pl\/wp-content\/uploads\/2020\/11\/stacja-no\u017cna-5-378x629.jpg\" alt=\"\" class=\"wp-image-1219\"\/><\/a><\/figure>\n\n\n\n<figure class=\"wp-block-image size-large\"><a href=\"https:\/\/stacjadezynfekujaca.com.pl\/wp-content\/uploads\/2020\/11\/stacja-no\u017cna-7-458x629.jpg\"><img decoding=\"async\" data-id=\"1220\" src=\"https:\/\/stacjadezynfekujaca.com.pl\/wp-content\/uploads\/2020\/11\/stacja-no\u017cna-7-458x629.jpg\" alt=\"\" class=\"wp-image-1220\"\/><\/a><\/figure>\n<\/figure>\n\n\n\n<h2 class=\"wp-block-heading\">Technische Zeichnung<\/h2>\n\n\n\n<figure class=\"wp-block-gallery has-nested-images columns-default wp-block-gallery-2 is-layout-flex wp-block-gallery-is-layout-flex\">\n<figure class=\"wp-block-image size-large\"><a href=\"https:\/\/stacjadezynfekujaca.com.pl\/wp-content\/uploads\/2020\/11\/bry\u0142a-272x629.png\"><img decoding=\"async\" data-id=\"1221\" src=\"https:\/\/stacjadezynfekujaca.com.pl\/wp-content\/uploads\/2020\/11\/bry\u0142a-272x629.png\" alt=\"\" class=\"wp-image-1221\"\/><\/a><\/figure>\n\n\n\n<figure class=\"wp-block-image size-large\"><a href=\"https:\/\/stacjadezynfekujaca.com.pl\/wp-content\/uploads\/2020\/11\/oznaczenia-463x629.png\"><img decoding=\"async\" data-id=\"1222\" src=\"https:\/\/stacjadezynfekujaca.com.pl\/wp-content\/uploads\/2020\/11\/oznaczenia-463x629.png\" alt=\"\" class=\"wp-image-1222\"\/><\/a><\/figure>\n\n\n\n<figure class=\"wp-block-image size-large\"><a href=\"https:\/\/stacjadezynfekujaca.com.pl\/wp-content\/uploads\/2020\/11\/oznaczenia-zbiornik-323x629.png\"><img decoding=\"async\" data-id=\"1226\" src=\"https:\/\/stacjadezynfekujaca.com.pl\/wp-content\/uploads\/2020\/11\/oznaczenia-zbiornik-323x629.png\" alt=\"\" class=\"wp-image-1226\"\/><\/a><\/figure>\n<\/figure>\n\n\n\n<p><\/p>","protected":false},"excerpt":{"rendered":"<p>zastosowanie do p\u0142yn\u00f3w dezynfekcyjnych. wyprodukowany &nbsp;z mocnego i odpornego na korozj\u0119 materia\u0142u \u2013 stali ocynkowanej &nbsp;DX51D + Z275MA o grubo\u015bci 1,5mm i podstaw\u0119 z stali&#8230;<\/p>","protected":false},"author":1,"featured_media":304,"parent":303,"menu_order":0,"comment_status":"closed","ping_status":"closed","template":"","meta":{"_acf_changed":false,"footnotes":""},"class_list":["post-1213","page","type-page","status-publish","has-post-thumbnail","hentry"],"acf":[],"yoast_head":"<!-- This site is optimized with the Yoast SEO plugin v25.7 - https:\/\/yoast.com\/wordpress\/plugins\/seo\/ -->\n<title>Stacja dezynfekcji r\u0105k - no\u017cny dozownik EMDN 01 - JOB Szczecinek<\/title>\n<meta name=\"description\" content=\"Specyfikacja w formacie PDFPobierz Kolejno\u015b\u0107 czynno\u015bci przygotowawczej przed pierwszym u\u017cyciemPobierz zastosowanie do p\u0142yn\u00f3w dezynfekcyjnych.\" \/>\n<meta name=\"robots\" content=\"index, follow, max-snippet:-1, max-image-preview:large, max-video-preview:-1\" \/>\n<link rel=\"canonical\" href=\"https:\/\/job.szczecinek.pl\/de\/produkty\/stacje-dezynfekujace\/nozny-dozownik\/\" \/>\n<meta property=\"og:locale\" content=\"de_DE\" \/>\n<meta property=\"og:type\" content=\"article\" \/>\n<meta property=\"og:title\" content=\"Stacja dezynfekcji r\u0105k - no\u017cny dozownik EMDN 01 - JOB Szczecinek\" \/>\n<meta property=\"og:description\" content=\"Specyfikacja w formacie PDFPobierz Kolejno\u015b\u0107 czynno\u015bci przygotowawczej przed pierwszym u\u017cyciemPobierz zastosowanie do p\u0142yn\u00f3w dezynfekcyjnych.\" \/>\n<meta property=\"og:url\" content=\"https:\/\/job.szczecinek.pl\/de\/produkty\/stacje-dezynfekujace\/nozny-dozownik\/\" \/>\n<meta property=\"og:site_name\" content=\"JOB Szczecinek\" \/>\n<meta property=\"article:modified_time\" content=\"2022-04-25T11:34:42+00:00\" \/>\n<meta property=\"og:image\" content=\"https:\/\/job.szczecinek.pl\/wp-content\/uploads\/2022\/04\/zdjecie.jpg\" \/>\n\t<meta property=\"og:image:width\" content=\"1920\" \/>\n\t<meta property=\"og:image:height\" content=\"1280\" \/>\n\t<meta property=\"og:image:type\" content=\"image\/jpeg\" \/>\n<meta name=\"twitter:card\" content=\"summary_large_image\" \/>\n<meta name=\"twitter:label1\" content=\"Gesch\u00e4tzte Lesezeit\" \/>\n\t<meta name=\"twitter:data1\" content=\"1\u00a0Minute\" \/>\n<script type=\"application\/ld+json\" class=\"yoast-schema-graph\">{\"@context\":\"https:\/\/schema.org\",\"@graph\":[{\"@type\":\"WebPage\",\"@id\":\"https:\/\/job.szczecinek.pl\/produkty\/stacje-dezynfekujace\/nozny-dozownik\/\",\"url\":\"https:\/\/job.szczecinek.pl\/produkty\/stacje-dezynfekujace\/nozny-dozownik\/\",\"name\":\"Stacja dezynfekcji r\u0105k - no\u017cny dozownik EMDN 01 - JOB Szczecinek\",\"isPartOf\":{\"@id\":\"https:\/\/job.szczecinek.pl\/#website\"},\"primaryImageOfPage\":{\"@id\":\"https:\/\/job.szczecinek.pl\/produkty\/stacje-dezynfekujace\/nozny-dozownik\/#primaryimage\"},\"image\":{\"@id\":\"https:\/\/job.szczecinek.pl\/produkty\/stacje-dezynfekujace\/nozny-dozownik\/#primaryimage\"},\"thumbnailUrl\":\"https:\/\/job.szczecinek.pl\/wp-content\/uploads\/2022\/04\/zdjecie.jpg\",\"datePublished\":\"2020-11-05T14:06:57+00:00\",\"dateModified\":\"2022-04-25T11:34:42+00:00\",\"description\":\"Specyfikacja w formacie PDFPobierz Kolejno\u015b\u0107 czynno\u015bci przygotowawczej przed pierwszym u\u017cyciemPobierz zastosowanie do p\u0142yn\u00f3w dezynfekcyjnych.\",\"breadcrumb\":{\"@id\":\"https:\/\/job.szczecinek.pl\/produkty\/stacje-dezynfekujace\/nozny-dozownik\/#breadcrumb\"},\"inLanguage\":\"de\",\"potentialAction\":[{\"@type\":\"ReadAction\",\"target\":[\"https:\/\/job.szczecinek.pl\/produkty\/stacje-dezynfekujace\/nozny-dozownik\/\"]}]},{\"@type\":\"ImageObject\",\"inLanguage\":\"de\",\"@id\":\"https:\/\/job.szczecinek.pl\/produkty\/stacje-dezynfekujace\/nozny-dozownik\/#primaryimage\",\"url\":\"https:\/\/job.szczecinek.pl\/wp-content\/uploads\/2022\/04\/zdjecie.jpg\",\"contentUrl\":\"https:\/\/job.szczecinek.pl\/wp-content\/uploads\/2022\/04\/zdjecie.jpg\",\"width\":1920,\"height\":1280},{\"@type\":\"BreadcrumbList\",\"@id\":\"https:\/\/job.szczecinek.pl\/produkty\/stacje-dezynfekujace\/nozny-dozownik\/#breadcrumb\",\"itemListElement\":[{\"@type\":\"ListItem\",\"position\":1,\"name\":\"Produkty\",\"item\":\"https:\/\/job.szczecinek.pl\/produkty\/\"},{\"@type\":\"ListItem\",\"position\":2,\"name\":\"Stacje dezynfekuj\u0105ce\",\"item\":\"https:\/\/job.szczecinek.pl\/produkty\/stacje-dezynfekujace\/\"},{\"@type\":\"ListItem\",\"position\":3,\"name\":\"Stacja dezynfekcji r\u0105k &#8211; no\u017cny dozownik EMDN 01\"}]},{\"@type\":\"WebSite\",\"@id\":\"https:\/\/job.szczecinek.pl\/#website\",\"url\":\"https:\/\/job.szczecinek.pl\/\",\"name\":\"JOB Szczecinek\",\"description\":\"Wyroby metalowe\",\"publisher\":{\"@id\":\"https:\/\/job.szczecinek.pl\/#organization\"},\"potentialAction\":[{\"@type\":\"SearchAction\",\"target\":{\"@type\":\"EntryPoint\",\"urlTemplate\":\"https:\/\/job.szczecinek.pl\/?s={search_term_string}\"},\"query-input\":{\"@type\":\"PropertyValueSpecification\",\"valueRequired\":true,\"valueName\":\"search_term_string\"}}],\"inLanguage\":\"de\"},{\"@type\":\"Organization\",\"@id\":\"https:\/\/job.szczecinek.pl\/#organization\",\"name\":\"JOB Szczecinek\",\"url\":\"https:\/\/job.szczecinek.pl\/\",\"logo\":{\"@type\":\"ImageObject\",\"inLanguage\":\"de\",\"@id\":\"https:\/\/job.szczecinek.pl\/#\/schema\/logo\/image\/\",\"url\":\"https:\/\/job.szczecinek.pl\/wp-content\/uploads\/2022\/05\/job-szczecinek.jpg\",\"contentUrl\":\"https:\/\/job.szczecinek.pl\/wp-content\/uploads\/2022\/05\/job-szczecinek.jpg\",\"width\":1200,\"height\":630,\"caption\":\"JOB Szczecinek\"},\"image\":{\"@id\":\"https:\/\/job.szczecinek.pl\/#\/schema\/logo\/image\/\"}}]}<\/script>\n<!-- \/ Yoast SEO plugin. -->","yoast_head_json":{"title":"Stacja dezynfekcji r\u0105k - no\u017cny dozownik EMDN 01 - JOB Szczecinek","description":"Specyfikacja w formacie PDFPobierz Kolejno\u015b\u0107 czynno\u015bci przygotowawczej przed pierwszym u\u017cyciemPobierz zastosowanie do p\u0142yn\u00f3w dezynfekcyjnych.","robots":{"index":"index","follow":"follow","max-snippet":"max-snippet:-1","max-image-preview":"max-image-preview:large","max-video-preview":"max-video-preview:-1"},"canonical":"https:\/\/job.szczecinek.pl\/de\/produkty\/stacje-dezynfekujace\/nozny-dozownik\/","og_locale":"de_DE","og_type":"article","og_title":"Stacja dezynfekcji r\u0105k - no\u017cny dozownik EMDN 01 - JOB Szczecinek","og_description":"Specyfikacja w formacie PDFPobierz Kolejno\u015b\u0107 czynno\u015bci przygotowawczej przed pierwszym u\u017cyciemPobierz zastosowanie do p\u0142yn\u00f3w dezynfekcyjnych.","og_url":"https:\/\/job.szczecinek.pl\/de\/produkty\/stacje-dezynfekujace\/nozny-dozownik\/","og_site_name":"JOB Szczecinek","article_modified_time":"2022-04-25T11:34:42+00:00","og_image":[{"width":1920,"height":1280,"url":"https:\/\/job.szczecinek.pl\/wp-content\/uploads\/2022\/04\/zdjecie.jpg","type":"image\/jpeg"}],"twitter_card":"summary_large_image","twitter_misc":{"Gesch\u00e4tzte Lesezeit":"1\u00a0Minute"},"schema":{"@context":"https:\/\/schema.org","@graph":[{"@type":"WebPage","@id":"https:\/\/job.szczecinek.pl\/produkty\/stacje-dezynfekujace\/nozny-dozownik\/","url":"https:\/\/job.szczecinek.pl\/produkty\/stacje-dezynfekujace\/nozny-dozownik\/","name":"Stacja dezynfekcji r\u0105k - no\u017cny dozownik EMDN 01 - JOB Szczecinek","isPartOf":{"@id":"https:\/\/job.szczecinek.pl\/#website"},"primaryImageOfPage":{"@id":"https:\/\/job.szczecinek.pl\/produkty\/stacje-dezynfekujace\/nozny-dozownik\/#primaryimage"},"image":{"@id":"https:\/\/job.szczecinek.pl\/produkty\/stacje-dezynfekujace\/nozny-dozownik\/#primaryimage"},"thumbnailUrl":"https:\/\/job.szczecinek.pl\/wp-content\/uploads\/2022\/04\/zdjecie.jpg","datePublished":"2020-11-05T14:06:57+00:00","dateModified":"2022-04-25T11:34:42+00:00","description":"Specyfikacja w formacie PDFPobierz Kolejno\u015b\u0107 czynno\u015bci przygotowawczej przed pierwszym u\u017cyciemPobierz zastosowanie do p\u0142yn\u00f3w dezynfekcyjnych.","breadcrumb":{"@id":"https:\/\/job.szczecinek.pl\/produkty\/stacje-dezynfekujace\/nozny-dozownik\/#breadcrumb"},"inLanguage":"de","potentialAction":[{"@type":"ReadAction","target":["https:\/\/job.szczecinek.pl\/produkty\/stacje-dezynfekujace\/nozny-dozownik\/"]}]},{"@type":"ImageObject","inLanguage":"de","@id":"https:\/\/job.szczecinek.pl\/produkty\/stacje-dezynfekujace\/nozny-dozownik\/#primaryimage","url":"https:\/\/job.szczecinek.pl\/wp-content\/uploads\/2022\/04\/zdjecie.jpg","contentUrl":"https:\/\/job.szczecinek.pl\/wp-content\/uploads\/2022\/04\/zdjecie.jpg","width":1920,"height":1280},{"@type":"BreadcrumbList","@id":"https:\/\/job.szczecinek.pl\/produkty\/stacje-dezynfekujace\/nozny-dozownik\/#breadcrumb","itemListElement":[{"@type":"ListItem","position":1,"name":"Produkty","item":"https:\/\/job.szczecinek.pl\/produkty\/"},{"@type":"ListItem","position":2,"name":"Stacje dezynfekuj\u0105ce","item":"https:\/\/job.szczecinek.pl\/produkty\/stacje-dezynfekujace\/"},{"@type":"ListItem","position":3,"name":"Stacja dezynfekcji r\u0105k &#8211; no\u017cny dozownik EMDN 01"}]},{"@type":"WebSite","@id":"https:\/\/job.szczecinek.pl\/#website","url":"https:\/\/job.szczecinek.pl\/","name":"JOB Szczecinek","description":"Wyroby metalowe","publisher":{"@id":"https:\/\/job.szczecinek.pl\/#organization"},"potentialAction":[{"@type":"SearchAction","target":{"@type":"EntryPoint","urlTemplate":"https:\/\/job.szczecinek.pl\/?s={search_term_string}"},"query-input":{"@type":"PropertyValueSpecification","valueRequired":true,"valueName":"search_term_string"}}],"inLanguage":"de"},{"@type":"Organization","@id":"https:\/\/job.szczecinek.pl\/#organization","name":"JOB Szczecinek","url":"https:\/\/job.szczecinek.pl\/","logo":{"@type":"ImageObject","inLanguage":"de","@id":"https:\/\/job.szczecinek.pl\/#\/schema\/logo\/image\/","url":"https:\/\/job.szczecinek.pl\/wp-content\/uploads\/2022\/05\/job-szczecinek.jpg","contentUrl":"https:\/\/job.szczecinek.pl\/wp-content\/uploads\/2022\/05\/job-szczecinek.jpg","width":1200,"height":630,"caption":"JOB Szczecinek"},"image":{"@id":"https:\/\/job.szczecinek.pl\/#\/schema\/logo\/image\/"}}]}},"_links":{"self":[{"href":"https:\/\/job.szczecinek.pl\/de\/wp-json\/wp\/v2\/pages\/1213","targetHints":{"allow":["GET"]}}],"collection":[{"href":"https:\/\/job.szczecinek.pl\/de\/wp-json\/wp\/v2\/pages"}],"about":[{"href":"https:\/\/job.szczecinek.pl\/de\/wp-json\/wp\/v2\/types\/page"}],"author":[{"embeddable":true,"href":"https:\/\/job.szczecinek.pl\/de\/wp-json\/wp\/v2\/users\/1"}],"replies":[{"embeddable":true,"href":"https:\/\/job.szczecinek.pl\/de\/wp-json\/wp\/v2\/comments?post=1213"}],"version-history":[{"count":0,"href":"https:\/\/job.szczecinek.pl\/de\/wp-json\/wp\/v2\/pages\/1213\/revisions"}],"up":[{"embeddable":true,"href":"https:\/\/job.szczecinek.pl\/de\/wp-json\/wp\/v2\/pages\/303"}],"wp:featuredmedia":[{"embeddable":true,"href":"https:\/\/job.szczecinek.pl\/de\/wp-json\/wp\/v2\/media\/304"}],"wp:attachment":[{"href":"https:\/\/job.szczecinek.pl\/de\/wp-json\/wp\/v2\/media?parent=1213"}],"curies":[{"name":"wp","href":"https:\/\/api.w.org\/{rel}","templated":true}]}}