{"id":141,"date":"2022-04-25T11:32:43","date_gmt":"2022-04-25T09:32:43","guid":{"rendered":"https:\/\/job.szczecinek.pl\/?page_id=141"},"modified":"2022-04-29T11:51:20","modified_gmt":"2022-04-29T09:51:20","slug":"ciecie","status":"publish","type":"page","link":"https:\/\/job.szczecinek.pl\/de\/angebot\/ciecie\/","title":{"rendered":"Schneiden"},"content":{"rendered":"<p>Wir bieten die M\u00f6glichkeit des Tafelschneidens von Blechen auf Gr\u00f6\u00dfe. Wir bieten auch das Schneiden von Profilen, Strangpressprofilen, Rohren und Stangen mit einem Bands\u00e4gen-Schneidger\u00e4t an.<\/p>\n\n\n\n<figure class=\"wp-block-gallery has-nested-images columns-default wp-block-gallery-1 is-layout-flex wp-block-gallery-is-layout-flex\">\n<figure class=\"wp-block-image size-full\"><a href=\"https:\/\/job.szczecinek.pl\/wp-content\/uploads\/2022\/04\/GXII630_01.jpg\" target=\"_blank\" rel=\"noopener\"><img loading=\"lazy\" decoding=\"async\" width=\"1870\" height=\"1314\" data-id=\"174\" src=\"https:\/\/job.szczecinek.pl\/wp-content\/uploads\/2022\/04\/GXII630_01.jpg\" alt=\"\" class=\"wp-image-174\" srcset=\"https:\/\/job.szczecinek.pl\/wp-content\/uploads\/2022\/04\/GXII630_01.jpg 1870w, https:\/\/job.szczecinek.pl\/wp-content\/uploads\/2022\/04\/GXII630_01-300x211.jpg 300w, https:\/\/job.szczecinek.pl\/wp-content\/uploads\/2022\/04\/GXII630_01-1024x720.jpg 1024w, https:\/\/job.szczecinek.pl\/wp-content\/uploads\/2022\/04\/GXII630_01-768x540.jpg 768w, https:\/\/job.szczecinek.pl\/wp-content\/uploads\/2022\/04\/GXII630_01-1536x1079.jpg 1536w, https:\/\/job.szczecinek.pl\/wp-content\/uploads\/2022\/04\/GXII630_01-1200x843.jpg 1200w\" sizes=\"auto, (max-width: 1870px) 100vw, 1870px\" \/><\/a><\/figure>\n\n\n\n<figure class=\"wp-block-image size-full\"><a href=\"https:\/\/job.szczecinek.pl\/wp-content\/uploads\/2022\/04\/8-2.jpg\" target=\"_blank\" rel=\"noopener\"><img loading=\"lazy\" decoding=\"async\" width=\"561\" height=\"394\" data-id=\"1328\" src=\"https:\/\/job.szczecinek.pl\/wp-content\/uploads\/2022\/04\/8-2.jpg\" alt=\"\" class=\"wp-image-1328\" srcset=\"https:\/\/job.szczecinek.pl\/wp-content\/uploads\/2022\/04\/8-2.jpg 561w, https:\/\/job.szczecinek.pl\/wp-content\/uploads\/2022\/04\/8-2-300x211.jpg 300w\" sizes=\"auto, (max-width: 561px) 100vw, 561px\" \/><\/a><\/figure>\n<\/figure>","protected":false},"excerpt":{"rendered":"<p>Wir bieten die M\u00f6glichkeit des Tafelschneidens von Blechen auf Gr\u00f6\u00dfe. Wir bieten auch das Schneiden von Profilen, Strangpressprofilen, Rohren und Stangen mit einem Bands\u00e4gen-Schneidger\u00e4t an.<\/p>","protected":false},"author":1,"featured_media":74,"parent":84,"menu_order":0,"comment_status":"closed","ping_status":"closed","template":"","meta":{"_acf_changed":false,"footnotes":""},"class_list":["post-141","page","type-page","status-publish","has-post-thumbnail","hentry"],"acf":[],"yoast_head":"<!-- This site is optimized with the Yoast SEO plugin v25.7 - https:\/\/yoast.com\/wordpress\/plugins\/seo\/ -->\n<title>Ci\u0119cie - JOB Szczecinek<\/title>\n<meta name=\"description\" content=\"Posiadamy mo\u017cliwo\u015b\u0107 ci\u0119cia gilotynowego blach na formaty. Oferujemy r\u00f3wnie\u017c ci\u0119cie przecinark\u0105 ta\u015bmow\u0105 profili, kszta\u0142townik\u00f3w, rur oraz wa\u0142k\u00f3w.\" \/>\n<meta name=\"robots\" content=\"index, follow, max-snippet:-1, max-image-preview:large, max-video-preview:-1\" \/>\n<link rel=\"canonical\" href=\"https:\/\/job.szczecinek.pl\/de\/angebot\/ciecie\/\" \/>\n<meta property=\"og:locale\" content=\"de_DE\" \/>\n<meta property=\"og:type\" content=\"article\" \/>\n<meta property=\"og:title\" content=\"Ci\u0119cie - JOB Szczecinek\" \/>\n<meta property=\"og:description\" content=\"Posiadamy mo\u017cliwo\u015b\u0107 ci\u0119cia gilotynowego blach na formaty. Oferujemy r\u00f3wnie\u017c ci\u0119cie przecinark\u0105 ta\u015bmow\u0105 profili, kszta\u0142townik\u00f3w, rur oraz wa\u0142k\u00f3w.\" \/>\n<meta property=\"og:url\" content=\"https:\/\/job.szczecinek.pl\/de\/angebot\/ciecie\/\" \/>\n<meta property=\"og:site_name\" content=\"JOB Szczecinek\" \/>\n<meta property=\"article:modified_time\" content=\"2022-04-29T09:51:20+00:00\" \/>\n<meta property=\"og:image\" content=\"https:\/\/job.szczecinek.pl\/wp-content\/uploads\/2022\/04\/header-1.jpg\" \/>\n\t<meta property=\"og:image:width\" content=\"1920\" \/>\n\t<meta property=\"og:image:height\" content=\"900\" \/>\n\t<meta property=\"og:image:type\" content=\"image\/jpeg\" \/>\n<meta name=\"twitter:card\" content=\"summary_large_image\" \/>\n<script type=\"application\/ld+json\" class=\"yoast-schema-graph\">{\"@context\":\"https:\/\/schema.org\",\"@graph\":[{\"@type\":\"WebPage\",\"@id\":\"https:\/\/job.szczecinek.pl\/oferta\/ciecie\/\",\"url\":\"https:\/\/job.szczecinek.pl\/oferta\/ciecie\/\",\"name\":\"Ci\u0119cie - JOB Szczecinek\",\"isPartOf\":{\"@id\":\"https:\/\/job.szczecinek.pl\/#website\"},\"primaryImageOfPage\":{\"@id\":\"https:\/\/job.szczecinek.pl\/oferta\/ciecie\/#primaryimage\"},\"image\":{\"@id\":\"https:\/\/job.szczecinek.pl\/oferta\/ciecie\/#primaryimage\"},\"thumbnailUrl\":\"https:\/\/job.szczecinek.pl\/wp-content\/uploads\/2022\/04\/header-1.jpg\",\"datePublished\":\"2022-04-25T09:32:43+00:00\",\"dateModified\":\"2022-04-29T09:51:20+00:00\",\"description\":\"Posiadamy mo\u017cliwo\u015b\u0107 ci\u0119cia gilotynowego blach na formaty. Oferujemy r\u00f3wnie\u017c ci\u0119cie przecinark\u0105 ta\u015bmow\u0105 profili, kszta\u0142townik\u00f3w, rur oraz wa\u0142k\u00f3w.\",\"breadcrumb\":{\"@id\":\"https:\/\/job.szczecinek.pl\/oferta\/ciecie\/#breadcrumb\"},\"inLanguage\":\"de\",\"potentialAction\":[{\"@type\":\"ReadAction\",\"target\":[\"https:\/\/job.szczecinek.pl\/oferta\/ciecie\/\"]}]},{\"@type\":\"ImageObject\",\"inLanguage\":\"de\",\"@id\":\"https:\/\/job.szczecinek.pl\/oferta\/ciecie\/#primaryimage\",\"url\":\"https:\/\/job.szczecinek.pl\/wp-content\/uploads\/2022\/04\/header-1.jpg\",\"contentUrl\":\"https:\/\/job.szczecinek.pl\/wp-content\/uploads\/2022\/04\/header-1.jpg\",\"width\":1920,\"height\":900},{\"@type\":\"BreadcrumbList\",\"@id\":\"https:\/\/job.szczecinek.pl\/oferta\/ciecie\/#breadcrumb\",\"itemListElement\":[{\"@type\":\"ListItem\",\"position\":1,\"name\":\"Oferta\",\"item\":\"https:\/\/job.szczecinek.pl\/oferta\/\"},{\"@type\":\"ListItem\",\"position\":2,\"name\":\"Ci\u0119cie\"}]},{\"@type\":\"WebSite\",\"@id\":\"https:\/\/job.szczecinek.pl\/#website\",\"url\":\"https:\/\/job.szczecinek.pl\/\",\"name\":\"JOB Szczecinek\",\"description\":\"Wyroby metalowe\",\"publisher\":{\"@id\":\"https:\/\/job.szczecinek.pl\/#organization\"},\"potentialAction\":[{\"@type\":\"SearchAction\",\"target\":{\"@type\":\"EntryPoint\",\"urlTemplate\":\"https:\/\/job.szczecinek.pl\/?s={search_term_string}\"},\"query-input\":{\"@type\":\"PropertyValueSpecification\",\"valueRequired\":true,\"valueName\":\"search_term_string\"}}],\"inLanguage\":\"de\"},{\"@type\":\"Organization\",\"@id\":\"https:\/\/job.szczecinek.pl\/#organization\",\"name\":\"JOB Szczecinek\",\"url\":\"https:\/\/job.szczecinek.pl\/\",\"logo\":{\"@type\":\"ImageObject\",\"inLanguage\":\"de\",\"@id\":\"https:\/\/job.szczecinek.pl\/#\/schema\/logo\/image\/\",\"url\":\"https:\/\/job.szczecinek.pl\/wp-content\/uploads\/2022\/05\/job-szczecinek.jpg\",\"contentUrl\":\"https:\/\/job.szczecinek.pl\/wp-content\/uploads\/2022\/05\/job-szczecinek.jpg\",\"width\":1200,\"height\":630,\"caption\":\"JOB Szczecinek\"},\"image\":{\"@id\":\"https:\/\/job.szczecinek.pl\/#\/schema\/logo\/image\/\"}}]}<\/script>\n<!-- \/ Yoast SEO plugin. -->","yoast_head_json":{"title":"Ci\u0119cie - JOB Szczecinek","description":"Wir bieten die M\u00f6glichkeit des Tafelschneidens von Blechen auf Gr\u00f6\u00dfe. Wir bieten auch das Schneiden von Profilen, Strangpressprofilen, Rohren und Stangen mit einem Bands\u00e4gen-Schneidger\u00e4t an.","robots":{"index":"index","follow":"follow","max-snippet":"max-snippet:-1","max-image-preview":"max-image-preview:large","max-video-preview":"max-video-preview:-1"},"canonical":"https:\/\/job.szczecinek.pl\/de\/angebot\/ciecie\/","og_locale":"de_DE","og_type":"article","og_title":"Ci\u0119cie - JOB Szczecinek","og_description":"Posiadamy mo\u017cliwo\u015b\u0107 ci\u0119cia gilotynowego blach na formaty. Oferujemy r\u00f3wnie\u017c ci\u0119cie przecinark\u0105 ta\u015bmow\u0105 profili, kszta\u0142townik\u00f3w, rur oraz wa\u0142k\u00f3w.","og_url":"https:\/\/job.szczecinek.pl\/de\/angebot\/ciecie\/","og_site_name":"JOB Szczecinek","article_modified_time":"2022-04-29T09:51:20+00:00","og_image":[{"width":1920,"height":900,"url":"https:\/\/job.szczecinek.pl\/wp-content\/uploads\/2022\/04\/header-1.jpg","type":"image\/jpeg"}],"twitter_card":"summary_large_image","schema":{"@context":"https:\/\/schema.org","@graph":[{"@type":"WebPage","@id":"https:\/\/job.szczecinek.pl\/oferta\/ciecie\/","url":"https:\/\/job.szczecinek.pl\/oferta\/ciecie\/","name":"Ci\u0119cie - JOB Szczecinek","isPartOf":{"@id":"https:\/\/job.szczecinek.pl\/#website"},"primaryImageOfPage":{"@id":"https:\/\/job.szczecinek.pl\/oferta\/ciecie\/#primaryimage"},"image":{"@id":"https:\/\/job.szczecinek.pl\/oferta\/ciecie\/#primaryimage"},"thumbnailUrl":"https:\/\/job.szczecinek.pl\/wp-content\/uploads\/2022\/04\/header-1.jpg","datePublished":"2022-04-25T09:32:43+00:00","dateModified":"2022-04-29T09:51:20+00:00","description":"Wir bieten die M\u00f6glichkeit des Tafelschneidens von Blechen auf Gr\u00f6\u00dfe. Wir bieten auch das Schneiden von Profilen, Strangpressprofilen, Rohren und Stangen mit einem Bands\u00e4gen-Schneidger\u00e4t an.","breadcrumb":{"@id":"https:\/\/job.szczecinek.pl\/oferta\/ciecie\/#breadcrumb"},"inLanguage":"de","potentialAction":[{"@type":"ReadAction","target":["https:\/\/job.szczecinek.pl\/oferta\/ciecie\/"]}]},{"@type":"ImageObject","inLanguage":"de","@id":"https:\/\/job.szczecinek.pl\/oferta\/ciecie\/#primaryimage","url":"https:\/\/job.szczecinek.pl\/wp-content\/uploads\/2022\/04\/header-1.jpg","contentUrl":"https:\/\/job.szczecinek.pl\/wp-content\/uploads\/2022\/04\/header-1.jpg","width":1920,"height":900},{"@type":"BreadcrumbList","@id":"https:\/\/job.szczecinek.pl\/oferta\/ciecie\/#breadcrumb","itemListElement":[{"@type":"ListItem","position":1,"name":"Oferta","item":"https:\/\/job.szczecinek.pl\/oferta\/"},{"@type":"ListItem","position":2,"name":"Ci\u0119cie"}]},{"@type":"WebSite","@id":"https:\/\/job.szczecinek.pl\/#website","url":"https:\/\/job.szczecinek.pl\/","name":"JOB Szczecinek","description":"Wyroby metalowe","publisher":{"@id":"https:\/\/job.szczecinek.pl\/#organization"},"potentialAction":[{"@type":"SearchAction","target":{"@type":"EntryPoint","urlTemplate":"https:\/\/job.szczecinek.pl\/?s={search_term_string}"},"query-input":{"@type":"PropertyValueSpecification","valueRequired":true,"valueName":"search_term_string"}}],"inLanguage":"de"},{"@type":"Organization","@id":"https:\/\/job.szczecinek.pl\/#organization","name":"JOB Szczecinek","url":"https:\/\/job.szczecinek.pl\/","logo":{"@type":"ImageObject","inLanguage":"de","@id":"https:\/\/job.szczecinek.pl\/#\/schema\/logo\/image\/","url":"https:\/\/job.szczecinek.pl\/wp-content\/uploads\/2022\/05\/job-szczecinek.jpg","contentUrl":"https:\/\/job.szczecinek.pl\/wp-content\/uploads\/2022\/05\/job-szczecinek.jpg","width":1200,"height":630,"caption":"JOB Szczecinek"},"image":{"@id":"https:\/\/job.szczecinek.pl\/#\/schema\/logo\/image\/"}}]}},"_links":{"self":[{"href":"https:\/\/job.szczecinek.pl\/de\/wp-json\/wp\/v2\/pages\/141","targetHints":{"allow":["GET"]}}],"collection":[{"href":"https:\/\/job.szczecinek.pl\/de\/wp-json\/wp\/v2\/pages"}],"about":[{"href":"https:\/\/job.szczecinek.pl\/de\/wp-json\/wp\/v2\/types\/page"}],"author":[{"embeddable":true,"href":"https:\/\/job.szczecinek.pl\/de\/wp-json\/wp\/v2\/users\/1"}],"replies":[{"embeddable":true,"href":"https:\/\/job.szczecinek.pl\/de\/wp-json\/wp\/v2\/comments?post=141"}],"version-history":[{"count":0,"href":"https:\/\/job.szczecinek.pl\/de\/wp-json\/wp\/v2\/pages\/141\/revisions"}],"up":[{"embeddable":true,"href":"https:\/\/job.szczecinek.pl\/de\/wp-json\/wp\/v2\/pages\/84"}],"wp:featuredmedia":[{"embeddable":true,"href":"https:\/\/job.szczecinek.pl\/de\/wp-json\/wp\/v2\/media\/74"}],"wp:attachment":[{"href":"https:\/\/job.szczecinek.pl\/de\/wp-json\/wp\/v2\/media?parent=141"}],"curies":[{"name":"wp","href":"https:\/\/api.w.org\/{rel}","templated":true}]}}