{"id":303,"date":"2022-04-25T12:58:21","date_gmt":"2022-04-25T10:58:21","guid":{"rendered":"https:\/\/job.szczecinek.pl\/?page_id=303"},"modified":"2022-04-29T11:52:13","modified_gmt":"2022-04-29T09:52:13","slug":"stacje-dezynfekujace","status":"publish","type":"page","link":"https:\/\/job.szczecinek.pl\/de\/produkty\/stacje-dezynfekujace\/","title":{"rendered":"Desinfektionsstationen"},"content":{"rendered":"<h2 class=\"wp-block-heading\"><a href=\"https:\/\/job.szczecinek.pl\/de\/produkty\/stacje-dezynfekujace\/dozownik-z-obudowa-do-zawieszenia-emst-03-tp\/\">Dosierer mit Aufh\u00e4ngungsh\u00fclle EMST 03 TP (f\u00fcr \u00f6ffentliche Verkehrsmittel wie Busse, Stra\u00dfenbahnen, Z\u00fcge, U-Bahnen usw.) abschlie\u00dfbar<\/a><\/h2>\n\n\n\n<figure class=\"wp-block-image\"><img decoding=\"async\" src=\"https:\/\/stacjadezynfekujaca.com.pl\/wp-content\/uploads\/2020\/07\/produkt.jpg\" alt=\"\"\/><\/figure>\n\n\n\n<h2 class=\"wp-block-heading\"><a href=\"https:\/\/job.szczecinek.pl\/de\/produkty\/stacje-dezynfekujace\/smyk-dozownik-plynow-dezynfekujacych-dla-dzieci-emst-02-emst-03\/\">SMYK-Despenser f\u00fcr Desinfektionsfl\u00fcssigkeiten f\u00fcr Kinder EMST 02, EMST 03<\/a><\/h2>\n\n\n\n<figure class=\"wp-block-image\"><img decoding=\"async\" src=\"https:\/\/stacjadezynfekujaca.com.pl\/wp-content\/uploads\/2020\/07\/smyk.jpg\" alt=\"\"\/><\/figure>\n\n\n\n<h2 class=\"wp-block-heading\"><a href=\"https:\/\/job.szczecinek.pl\/de\/produkty\/stacje-dezynfekujace\/nozny-dozownik\/\">Handdesinfektionsstation - Fu\u00dfspender EMDN 01<\/a><\/h2>\n\n\n\n<figure class=\"wp-block-image\"><img decoding=\"async\" src=\"https:\/\/stacjadezynfekujaca.com.pl\/wp-content\/uploads\/2020\/11\/miniaura-1118x629.jpg\" alt=\"\"\/><\/figure>\n\n\n\n<h2 class=\"wp-block-heading\"><a href=\"https:\/\/job.szczecinek.pl\/de\/produkty\/stacje-dezynfekujace\/sterylizator-powietrza\/\">Luftsterilisator EMSP 01<\/a><\/h2>\n\n\n\n<figure class=\"wp-block-image\"><img decoding=\"async\" src=\"https:\/\/stacjadezynfekujaca.com.pl\/wp-content\/uploads\/2020\/07\/sterylizator-powietrza-1118x629.jpg\" alt=\"\"\/><\/figure>\n\n\n\n<h2 class=\"wp-block-heading\"><a href=\"https:\/\/job.szczecinek.pl\/de\/produkty\/stacje-dezynfekujace\/uniwersalna-bezdotykowa-stacja-dezynfekcji-rak\/\">Universelle Handdesinfektionsstation EMDEZ 02<\/a><\/h2>\n\n\n\n<figure class=\"wp-block-image\"><img decoding=\"async\" src=\"https:\/\/stacjadezynfekujaca.com.pl\/wp-content\/uploads\/2020\/07\/Uniwersalna-stacja-dezynfekcji-r%C4%85k-EMDEZ-02.jpg\" alt=\"\"\/><\/figure>\n\n\n\n<h2 class=\"wp-block-heading\"><a href=\"https:\/\/job.szczecinek.pl\/de\/produkty\/stacje-dezynfekujace\/uniwersalny-kosz-na-odpady\/\">Universaler M\u00fclleimer<\/a><\/h2>\n\n\n\n<figure class=\"wp-block-image\"><img decoding=\"async\" src=\"https:\/\/stacjadezynfekujaca.com.pl\/wp-content\/uploads\/2020\/07\/uniwersalny-kosz-na-odpady-1118x629.jpg\" alt=\"\"\/><\/figure>","protected":false},"excerpt":{"rendered":"<p>Dozownik z obudow\u0105 do zawieszenia EMST 03 TP (do \u015brodk\u00f3w transportu publicznego autobus, tramwaj, poci\u0105g, metro itd.) zamykany na klucz SMYK dozownik p\u0142yn\u00f3w dezynfekuj\u0105cych dla&#8230;<\/p>","protected":false},"author":1,"featured_media":304,"parent":313,"menu_order":0,"comment_status":"closed","ping_status":"closed","template":"","meta":{"_acf_changed":false,"footnotes":""},"class_list":["post-303","page","type-page","status-publish","has-post-thumbnail","hentry"],"acf":[],"yoast_head":"<!-- This site is optimized with the Yoast SEO plugin v25.7 - https:\/\/yoast.com\/wordpress\/plugins\/seo\/ -->\n<title>Stacje dezynfekuj\u0105ce - JOB Szczecinek<\/title>\n<meta name=\"description\" content=\"Dozownik z obudow\u0105 do zawieszenia EMST 03 TP (do \u015brodk\u00f3w transportu publicznego autobus, tramwaj, poci\u0105g, metro itd.) zamykany na klucz SMYK dozownik\" \/>\n<meta name=\"robots\" content=\"index, follow, max-snippet:-1, max-image-preview:large, max-video-preview:-1\" \/>\n<link rel=\"canonical\" href=\"https:\/\/job.szczecinek.pl\/de\/produkty\/stacje-dezynfekujace\/\" \/>\n<meta property=\"og:locale\" content=\"de_DE\" \/>\n<meta property=\"og:type\" content=\"article\" \/>\n<meta property=\"og:title\" content=\"Stacje dezynfekuj\u0105ce - JOB Szczecinek\" \/>\n<meta property=\"og:description\" content=\"Dozownik z obudow\u0105 do zawieszenia EMST 03 TP (do \u015brodk\u00f3w transportu publicznego autobus, tramwaj, poci\u0105g, metro itd.) zamykany na klucz SMYK dozownik\" \/>\n<meta property=\"og:url\" content=\"https:\/\/job.szczecinek.pl\/de\/produkty\/stacje-dezynfekujace\/\" \/>\n<meta property=\"og:site_name\" content=\"JOB Szczecinek\" \/>\n<meta property=\"article:modified_time\" content=\"2022-04-29T09:52:13+00:00\" \/>\n<meta property=\"og:image\" content=\"https:\/\/job.szczecinek.pl\/wp-content\/uploads\/2022\/04\/zdjecie.jpg\" \/>\n\t<meta property=\"og:image:width\" content=\"1920\" \/>\n\t<meta property=\"og:image:height\" content=\"1280\" \/>\n\t<meta property=\"og:image:type\" content=\"image\/jpeg\" \/>\n<meta name=\"twitter:card\" content=\"summary_large_image\" \/>\n<script type=\"application\/ld+json\" class=\"yoast-schema-graph\">{\"@context\":\"https:\/\/schema.org\",\"@graph\":[{\"@type\":\"WebPage\",\"@id\":\"https:\/\/job.szczecinek.pl\/produkty\/stacje-dezynfekujace\/\",\"url\":\"https:\/\/job.szczecinek.pl\/produkty\/stacje-dezynfekujace\/\",\"name\":\"Stacje dezynfekuj\u0105ce - JOB Szczecinek\",\"isPartOf\":{\"@id\":\"https:\/\/job.szczecinek.pl\/#website\"},\"primaryImageOfPage\":{\"@id\":\"https:\/\/job.szczecinek.pl\/produkty\/stacje-dezynfekujace\/#primaryimage\"},\"image\":{\"@id\":\"https:\/\/job.szczecinek.pl\/produkty\/stacje-dezynfekujace\/#primaryimage\"},\"thumbnailUrl\":\"https:\/\/job.szczecinek.pl\/wp-content\/uploads\/2022\/04\/zdjecie.jpg\",\"datePublished\":\"2022-04-25T10:58:21+00:00\",\"dateModified\":\"2022-04-29T09:52:13+00:00\",\"description\":\"Dozownik z obudow\u0105 do zawieszenia EMST 03 TP (do \u015brodk\u00f3w transportu publicznego autobus, tramwaj, poci\u0105g, metro itd.) zamykany na klucz SMYK dozownik\",\"breadcrumb\":{\"@id\":\"https:\/\/job.szczecinek.pl\/produkty\/stacje-dezynfekujace\/#breadcrumb\"},\"inLanguage\":\"de\",\"potentialAction\":[{\"@type\":\"ReadAction\",\"target\":[\"https:\/\/job.szczecinek.pl\/produkty\/stacje-dezynfekujace\/\"]}]},{\"@type\":\"ImageObject\",\"inLanguage\":\"de\",\"@id\":\"https:\/\/job.szczecinek.pl\/produkty\/stacje-dezynfekujace\/#primaryimage\",\"url\":\"https:\/\/job.szczecinek.pl\/wp-content\/uploads\/2022\/04\/zdjecie.jpg\",\"contentUrl\":\"https:\/\/job.szczecinek.pl\/wp-content\/uploads\/2022\/04\/zdjecie.jpg\",\"width\":1920,\"height\":1280},{\"@type\":\"BreadcrumbList\",\"@id\":\"https:\/\/job.szczecinek.pl\/produkty\/stacje-dezynfekujace\/#breadcrumb\",\"itemListElement\":[{\"@type\":\"ListItem\",\"position\":1,\"name\":\"Produkty\",\"item\":\"https:\/\/job.szczecinek.pl\/produkty\/\"},{\"@type\":\"ListItem\",\"position\":2,\"name\":\"Stacje dezynfekuj\u0105ce\"}]},{\"@type\":\"WebSite\",\"@id\":\"https:\/\/job.szczecinek.pl\/#website\",\"url\":\"https:\/\/job.szczecinek.pl\/\",\"name\":\"JOB Szczecinek\",\"description\":\"Wyroby metalowe\",\"publisher\":{\"@id\":\"https:\/\/job.szczecinek.pl\/#organization\"},\"potentialAction\":[{\"@type\":\"SearchAction\",\"target\":{\"@type\":\"EntryPoint\",\"urlTemplate\":\"https:\/\/job.szczecinek.pl\/?s={search_term_string}\"},\"query-input\":{\"@type\":\"PropertyValueSpecification\",\"valueRequired\":true,\"valueName\":\"search_term_string\"}}],\"inLanguage\":\"de\"},{\"@type\":\"Organization\",\"@id\":\"https:\/\/job.szczecinek.pl\/#organization\",\"name\":\"JOB Szczecinek\",\"url\":\"https:\/\/job.szczecinek.pl\/\",\"logo\":{\"@type\":\"ImageObject\",\"inLanguage\":\"de\",\"@id\":\"https:\/\/job.szczecinek.pl\/#\/schema\/logo\/image\/\",\"url\":\"https:\/\/job.szczecinek.pl\/wp-content\/uploads\/2022\/05\/job-szczecinek.jpg\",\"contentUrl\":\"https:\/\/job.szczecinek.pl\/wp-content\/uploads\/2022\/05\/job-szczecinek.jpg\",\"width\":1200,\"height\":630,\"caption\":\"JOB Szczecinek\"},\"image\":{\"@id\":\"https:\/\/job.szczecinek.pl\/#\/schema\/logo\/image\/\"}}]}<\/script>\n<!-- \/ Yoast SEO plugin. -->","yoast_head_json":{"title":"Stacje dezynfekuj\u0105ce - JOB Szczecinek","description":"Dozownik z obudow\u0105 do zawieszenia EMST 03 TP (do \u015brodk\u00f3w transportu publicznego autobus, tramwaj, poci\u0105g, metro itd.) zamykany na klucz SMYK dozownik","robots":{"index":"index","follow":"follow","max-snippet":"max-snippet:-1","max-image-preview":"max-image-preview:large","max-video-preview":"max-video-preview:-1"},"canonical":"https:\/\/job.szczecinek.pl\/de\/produkty\/stacje-dezynfekujace\/","og_locale":"de_DE","og_type":"article","og_title":"Stacje dezynfekuj\u0105ce - JOB Szczecinek","og_description":"Dozownik z obudow\u0105 do zawieszenia EMST 03 TP (do \u015brodk\u00f3w transportu publicznego autobus, tramwaj, poci\u0105g, metro itd.) zamykany na klucz SMYK dozownik","og_url":"https:\/\/job.szczecinek.pl\/de\/produkty\/stacje-dezynfekujace\/","og_site_name":"JOB Szczecinek","article_modified_time":"2022-04-29T09:52:13+00:00","og_image":[{"width":1920,"height":1280,"url":"https:\/\/job.szczecinek.pl\/wp-content\/uploads\/2022\/04\/zdjecie.jpg","type":"image\/jpeg"}],"twitter_card":"summary_large_image","schema":{"@context":"https:\/\/schema.org","@graph":[{"@type":"WebPage","@id":"https:\/\/job.szczecinek.pl\/produkty\/stacje-dezynfekujace\/","url":"https:\/\/job.szczecinek.pl\/produkty\/stacje-dezynfekujace\/","name":"Stacje dezynfekuj\u0105ce - JOB Szczecinek","isPartOf":{"@id":"https:\/\/job.szczecinek.pl\/#website"},"primaryImageOfPage":{"@id":"https:\/\/job.szczecinek.pl\/produkty\/stacje-dezynfekujace\/#primaryimage"},"image":{"@id":"https:\/\/job.szczecinek.pl\/produkty\/stacje-dezynfekujace\/#primaryimage"},"thumbnailUrl":"https:\/\/job.szczecinek.pl\/wp-content\/uploads\/2022\/04\/zdjecie.jpg","datePublished":"2022-04-25T10:58:21+00:00","dateModified":"2022-04-29T09:52:13+00:00","description":"Dozownik z obudow\u0105 do zawieszenia EMST 03 TP (do \u015brodk\u00f3w transportu publicznego autobus, tramwaj, poci\u0105g, metro itd.) zamykany na klucz SMYK dozownik","breadcrumb":{"@id":"https:\/\/job.szczecinek.pl\/produkty\/stacje-dezynfekujace\/#breadcrumb"},"inLanguage":"de","potentialAction":[{"@type":"ReadAction","target":["https:\/\/job.szczecinek.pl\/produkty\/stacje-dezynfekujace\/"]}]},{"@type":"ImageObject","inLanguage":"de","@id":"https:\/\/job.szczecinek.pl\/produkty\/stacje-dezynfekujace\/#primaryimage","url":"https:\/\/job.szczecinek.pl\/wp-content\/uploads\/2022\/04\/zdjecie.jpg","contentUrl":"https:\/\/job.szczecinek.pl\/wp-content\/uploads\/2022\/04\/zdjecie.jpg","width":1920,"height":1280},{"@type":"BreadcrumbList","@id":"https:\/\/job.szczecinek.pl\/produkty\/stacje-dezynfekujace\/#breadcrumb","itemListElement":[{"@type":"ListItem","position":1,"name":"Produkty","item":"https:\/\/job.szczecinek.pl\/produkty\/"},{"@type":"ListItem","position":2,"name":"Stacje dezynfekuj\u0105ce"}]},{"@type":"WebSite","@id":"https:\/\/job.szczecinek.pl\/#website","url":"https:\/\/job.szczecinek.pl\/","name":"JOB Szczecinek","description":"Wyroby metalowe","publisher":{"@id":"https:\/\/job.szczecinek.pl\/#organization"},"potentialAction":[{"@type":"SearchAction","target":{"@type":"EntryPoint","urlTemplate":"https:\/\/job.szczecinek.pl\/?s={search_term_string}"},"query-input":{"@type":"PropertyValueSpecification","valueRequired":true,"valueName":"search_term_string"}}],"inLanguage":"de"},{"@type":"Organization","@id":"https:\/\/job.szczecinek.pl\/#organization","name":"JOB Szczecinek","url":"https:\/\/job.szczecinek.pl\/","logo":{"@type":"ImageObject","inLanguage":"de","@id":"https:\/\/job.szczecinek.pl\/#\/schema\/logo\/image\/","url":"https:\/\/job.szczecinek.pl\/wp-content\/uploads\/2022\/05\/job-szczecinek.jpg","contentUrl":"https:\/\/job.szczecinek.pl\/wp-content\/uploads\/2022\/05\/job-szczecinek.jpg","width":1200,"height":630,"caption":"JOB Szczecinek"},"image":{"@id":"https:\/\/job.szczecinek.pl\/#\/schema\/logo\/image\/"}}]}},"_links":{"self":[{"href":"https:\/\/job.szczecinek.pl\/de\/wp-json\/wp\/v2\/pages\/303","targetHints":{"allow":["GET"]}}],"collection":[{"href":"https:\/\/job.szczecinek.pl\/de\/wp-json\/wp\/v2\/pages"}],"about":[{"href":"https:\/\/job.szczecinek.pl\/de\/wp-json\/wp\/v2\/types\/page"}],"author":[{"embeddable":true,"href":"https:\/\/job.szczecinek.pl\/de\/wp-json\/wp\/v2\/users\/1"}],"replies":[{"embeddable":true,"href":"https:\/\/job.szczecinek.pl\/de\/wp-json\/wp\/v2\/comments?post=303"}],"version-history":[{"count":0,"href":"https:\/\/job.szczecinek.pl\/de\/wp-json\/wp\/v2\/pages\/303\/revisions"}],"up":[{"embeddable":true,"href":"https:\/\/job.szczecinek.pl\/de\/wp-json\/wp\/v2\/pages\/313"}],"wp:featuredmedia":[{"embeddable":true,"href":"https:\/\/job.szczecinek.pl\/de\/wp-json\/wp\/v2\/media\/304"}],"wp:attachment":[{"href":"https:\/\/job.szczecinek.pl\/de\/wp-json\/wp\/v2\/media?parent=303"}],"curies":[{"name":"wp","href":"https:\/\/api.w.org\/{rel}","templated":true}]}}