{"id":686,"date":"2020-05-26T17:28:47","date_gmt":"2020-05-26T15:28:47","guid":{"rendered":"http:\/\/stacjadezynfekujaca.com.pl\/?page_id=686"},"modified":"2022-04-25T13:35:12","modified_gmt":"2022-04-25T11:35:12","slug":"autonomiczny-stojak-do-dozownikow-plynow","status":"publish","type":"page","link":"https:\/\/job.szczecinek.pl\/de\/produkty\/stacje-dezynfekujace\/autonomiczny-stojak-do-dozownikow-plynow\/","title":{"rendered":"Autonomiczny stojak do dozownik\u00f3w p\u0142yn\u00f3w                                   EMST 01, EMST 02, EMST 03"},"content":{"rendered":"<figure class=\"wp-block-image size-full\"><img decoding=\"async\" src=\"https:\/\/stacjadezynfekujaca.com.pl\/wp-content\/uploads\/2020\/07\/Miniatura-produktu.jpg\" alt=\"\" class=\"wp-image-1111\"\/><\/figure>\n\n\n\n<div class=\"wp-block-file\"><a id=\"wp-block-file--media-6360fddb-d9a5-433e-a6d6-70c3f9e1ba33\" href=\"https:\/\/stacjadezynfekujaca.com.pl\/wp-content\/uploads\/2020\/08\/PDF-kompresja.pdf\">Spezifikation im PDF-Format<\/a><a href=\"https:\/\/stacjadezynfekujaca.com.pl\/wp-content\/uploads\/2020\/08\/PDF-kompresja.pdf\" class=\"wp-block-file__button\" download aria-describedby=\"wp-block-file--media-6360fddb-d9a5-433e-a6d6-70c3f9e1ba33\">Pobierz<\/a><\/div>\n\n\n\n<ul class=\"wp-block-list\"><li>wykonany ze stali malowanej proszkowo w dowolnym kolorze RAL<\/li><li>solidna, stabilna podstawa<\/li><li>mo\u017cliwo\u015b\u0107 zawieszenia na \u015bcianie EMST 03 (bez stojaka)<\/li><li>mo\u017cliwo\u015b\u0107 ustawienia tradycyjnego dozownika p\u0142yn\u00f3w EMST 01 lub dozownika bezdotykowego EMST 02<\/li><li>mo\u017cliwo\u015b\u0107 umieszczenia dowolnego LOGO dystrybutora<\/li><\/ul>\n\n\n\n<h3 class=\"wp-block-heading\">Parameter<\/h3>\n\n\n\n<ul class=\"wp-block-list\"><li>pojemno\u015b\u0107 zbiornika p\u0142ynu dezynfekuj\u0105cego &#8211; 1000 ml. EMST 02, EMST 03.<\/li><li>mo\u017cliwo\u015b\u0107 ustawienia pojemnika na p\u0142yn<\/li><li>dezynfekuj\u0105cy o max. pojemno\u015bci &#8211; 1000 ml EMST 01.<\/li><li>zasilanie 4 baterie alkaliczne R14 lub zewn\u0119trzny zasilacz 6VDC\/1A EMST 02, EMST 03.<\/li><li>ilo\u015b\u0107 cykli na jednym komplecie baterii do 30 000 cykli EMST 02, EMST 03.<\/li><li>system: Zaw\u00f3r niekapek\/ dyfuzor rozpylaj\u0105cy EMST 02, EMST 03.<\/li><li>dozowanie: automatyczne\/fotokom\u00f3rka EMST 02, EMST 03.<\/li><li>nape\u0142nianie: Z kanistra EMST 02, EMST 03<\/li><\/ul>\n\n\n\n<h2 class=\"wp-block-heading\"><strong>Dane techniczne stacji EMST 01, EMST 02, EMST 03<\/strong><\/h2>\n\n\n\n<figure class=\"wp-block-image size-large\"><img decoding=\"async\" src=\"https:\/\/stacjadezynfekujaca.com.pl\/wp-content\/uploads\/2020\/07\/dane-techniczne-766x629.jpg\" alt=\"\" class=\"wp-image-957\"\/><\/figure>\n\n\n\n<h3 class=\"wp-block-heading\">Produktgalerie<\/h3>\n\n\n\n<figure class=\"wp-block-gallery has-nested-images columns-default wp-block-gallery-1 is-layout-flex wp-block-gallery-is-layout-flex\">\n<figure class=\"wp-block-image size-large\"><a href=\"https:\/\/stacjadezynfekujaca.com.pl\/wp-content\/uploads\/2020\/07\/EMST-01-i-EMST-02-419x629.jpg\"><img decoding=\"async\" data-id=\"966\" src=\"https:\/\/stacjadezynfekujaca.com.pl\/wp-content\/uploads\/2020\/07\/EMST-01-i-EMST-02-419x629.jpg\" alt=\"\" class=\"wp-image-966\"\/><\/a><\/figure>\n\n\n\n<figure class=\"wp-block-image size-large\"><a href=\"https:\/\/stacjadezynfekujaca.com.pl\/wp-content\/uploads\/2020\/07\/EMST-01-419x629.jpg\"><img decoding=\"async\" data-id=\"967\" src=\"https:\/\/stacjadezynfekujaca.com.pl\/wp-content\/uploads\/2020\/07\/EMST-01-419x629.jpg\" alt=\"\" class=\"wp-image-967\"\/><\/a><\/figure>\n\n\n\n<figure class=\"wp-block-image size-large\"><a href=\"https:\/\/stacjadezynfekujaca.com.pl\/wp-content\/uploads\/2020\/07\/EMST-03-1.jpg\"><img decoding=\"async\" data-id=\"970\" src=\"https:\/\/stacjadezynfekujaca.com.pl\/wp-content\/uploads\/2020\/07\/EMST-03-1.jpg\" alt=\"\" class=\"wp-image-970\"\/><\/a><\/figure>\n\n\n\n<figure class=\"wp-block-image size-large\"><a href=\"https:\/\/stacjadezynfekujaca.com.pl\/wp-content\/uploads\/2020\/07\/RAW07368-419x629.jpg\"><img decoding=\"async\" data-id=\"971\" src=\"https:\/\/stacjadezynfekujaca.com.pl\/wp-content\/uploads\/2020\/07\/RAW07368-419x629.jpg\" alt=\"\" class=\"wp-image-971\"\/><\/a><\/figure>\n\n\n\n<figure class=\"wp-block-image size-large\"><a href=\"https:\/\/stacjadezynfekujaca.com.pl\/wp-content\/uploads\/2020\/07\/RAW07371-419x629.jpg\"><img decoding=\"async\" data-id=\"972\" src=\"https:\/\/stacjadezynfekujaca.com.pl\/wp-content\/uploads\/2020\/07\/RAW07371-419x629.jpg\" alt=\"\" class=\"wp-image-972\"\/><\/a><\/figure>\n\n\n\n<figure class=\"wp-block-image size-large\"><a href=\"https:\/\/stacjadezynfekujaca.com.pl\/wp-content\/uploads\/2020\/07\/EMST-02-szary-nowy-160x629.jpg\"><img decoding=\"async\" data-id=\"1141\" src=\"https:\/\/stacjadezynfekujaca.com.pl\/wp-content\/uploads\/2020\/07\/EMST-02-szary-nowy-160x629.jpg\" alt=\"\" class=\"wp-image-1141\"\/><\/a><\/figure>\n\n\n\n<figure class=\"wp-block-image size-large\"><a href=\"https:\/\/stacjadezynfekujaca.com.pl\/wp-content\/uploads\/2020\/07\/emst-02-bia\u0142y-nowy-168x629.jpg\"><img decoding=\"async\" data-id=\"1142\" src=\"https:\/\/stacjadezynfekujaca.com.pl\/wp-content\/uploads\/2020\/07\/emst-02-bia\u0142y-nowy-168x629.jpg\" alt=\"\" class=\"wp-image-1142\"\/><\/a><\/figure>\n\n\n\n<figure class=\"wp-block-image size-large\"><a href=\"https:\/\/stacjadezynfekujaca.com.pl\/wp-content\/uploads\/2020\/07\/EMST-01-z-ramk\u0105-125x629.jpg\"><img decoding=\"async\" data-id=\"1143\" src=\"https:\/\/stacjadezynfekujaca.com.pl\/wp-content\/uploads\/2020\/07\/EMST-01-z-ramk\u0105-125x629.jpg\" alt=\"\" class=\"wp-image-1143\"\/><\/a><\/figure>\n<\/figure>\n\n\n\n<h3 class=\"wp-block-heading\">Technische Zeichnung<\/h3>\n\n\n\n<figure class=\"wp-block-gallery has-nested-images columns-1 wp-block-gallery-2 is-layout-flex wp-block-gallery-is-layout-flex\">\n<figure class=\"wp-block-image size-large\"><a href=\"https:\/\/stacjadezynfekujaca.com.pl\/wp-content\/uploads\/2020\/07\/2020-07-08-14_08_43-EMST01-z-ramk\u0105-szkic.pdf-892x629.jpg\"><img decoding=\"async\" data-id=\"1131\" src=\"https:\/\/stacjadezynfekujaca.com.pl\/wp-content\/uploads\/2020\/07\/2020-07-08-14_08_43-EMST01-z-ramk\u0105-szkic.pdf-892x629.jpg\" alt=\"\" class=\"wp-image-1131\"\/><\/a><\/figure>\n\n\n\n<figure class=\"wp-block-image size-large\"><a href=\"https:\/\/stacjadezynfekujaca.com.pl\/wp-content\/uploads\/2020\/07\/2020-07-08-14_08_51-EMST02-szkic.pdf-891x629.jpg\"><img decoding=\"async\" data-id=\"1132\" src=\"https:\/\/stacjadezynfekujaca.com.pl\/wp-content\/uploads\/2020\/07\/2020-07-08-14_08_51-EMST02-szkic.pdf-891x629.jpg\" alt=\"\" class=\"wp-image-1132\"\/><\/a><\/figure>\n\n\n\n<figure class=\"wp-block-image size-large\"><a href=\"https:\/\/stacjadezynfekujaca.com.pl\/wp-content\/uploads\/2020\/07\/2020-07-08-14_08_59-EMST02-z-ramk\u0105-szkic.pdf-895x629.jpg\"><img decoding=\"async\" data-id=\"1133\" src=\"https:\/\/stacjadezynfekujaca.com.pl\/wp-content\/uploads\/2020\/07\/2020-07-08-14_08_59-EMST02-z-ramk\u0105-szkic.pdf-895x629.jpg\" alt=\"\" class=\"wp-image-1133\"\/><\/a><\/figure>\n\n\n\n<figure class=\"wp-block-image size-large\"><a href=\"https:\/\/stacjadezynfekujaca.com.pl\/wp-content\/uploads\/2020\/07\/2020-07-08-14_09_06-EMST03-szkic.pdf-893x629.jpg\"><img decoding=\"async\" data-id=\"1134\" src=\"https:\/\/stacjadezynfekujaca.com.pl\/wp-content\/uploads\/2020\/07\/2020-07-08-14_09_06-EMST03-szkic.pdf-893x629.jpg\" alt=\"\" class=\"wp-image-1134\"\/><\/a><\/figure>\n\n\n\n<figure class=\"wp-block-image size-large\"><a href=\"https:\/\/stacjadezynfekujaca.com.pl\/wp-content\/uploads\/2020\/07\/2020-07-08-14_08_33-EMST01-szkic.pdf-892x629.jpg\"><img decoding=\"async\" data-id=\"1135\" src=\"https:\/\/stacjadezynfekujaca.com.pl\/wp-content\/uploads\/2020\/07\/2020-07-08-14_08_33-EMST01-szkic.pdf-892x629.jpg\" alt=\"\" class=\"wp-image-1135\"\/><\/a><\/figure>\n<\/figure>","protected":false},"excerpt":{"rendered":"<p>wykonany ze stali malowanej proszkowo w dowolnym kolorze RAL solidna, stabilna podstawa mo\u017cliwo\u015b\u0107 zawieszenia na \u015bcianie EMST 03 (bez stojaka) mo\u017cliwo\u015b\u0107 ustawienia tradycyjnego dozownika p\u0142yn\u00f3w&#8230;<\/p>","protected":false},"author":1,"featured_media":304,"parent":303,"menu_order":0,"comment_status":"closed","ping_status":"closed","template":"","meta":{"_acf_changed":false,"footnotes":""},"class_list":["post-686","page","type-page","status-publish","has-post-thumbnail","hentry"],"acf":[],"yoast_head":"<!-- This site is optimized with the Yoast SEO plugin v25.7 - https:\/\/yoast.com\/wordpress\/plugins\/seo\/ -->\n<title>Autonomiczny stojak do dozownik\u00f3w p\u0142yn\u00f3w                  EMST 01, EMST 02, EMST 03 - JOB Szczecinek<\/title>\n<meta name=\"description\" content=\"Specyfikacja w formacie PDFPobierz wykonany ze stali malowanej proszkowo w dowolnym kolorze RALsolidna, stabilna podstawamo\u017cliwo\u015b\u0107 zawieszenia na \u015bcianie\" \/>\n<meta name=\"robots\" content=\"index, follow, max-snippet:-1, max-image-preview:large, max-video-preview:-1\" \/>\n<link rel=\"canonical\" href=\"https:\/\/job.szczecinek.pl\/de\/produkty\/stacje-dezynfekujace\/autonomiczny-stojak-do-dozownikow-plynow\/\" \/>\n<meta property=\"og:locale\" content=\"de_DE\" \/>\n<meta property=\"og:type\" content=\"article\" \/>\n<meta property=\"og:title\" content=\"Autonomiczny stojak do dozownik\u00f3w p\u0142yn\u00f3w                  EMST 01, EMST 02, EMST 03 - JOB Szczecinek\" \/>\n<meta property=\"og:description\" content=\"Specyfikacja w formacie PDFPobierz wykonany ze stali malowanej proszkowo w dowolnym kolorze RALsolidna, stabilna podstawamo\u017cliwo\u015b\u0107 zawieszenia na \u015bcianie\" \/>\n<meta property=\"og:url\" content=\"https:\/\/job.szczecinek.pl\/de\/produkty\/stacje-dezynfekujace\/autonomiczny-stojak-do-dozownikow-plynow\/\" \/>\n<meta property=\"og:site_name\" content=\"JOB Szczecinek\" \/>\n<meta property=\"article:modified_time\" content=\"2022-04-25T11:35:12+00:00\" \/>\n<meta property=\"og:image\" content=\"https:\/\/job.szczecinek.pl\/wp-content\/uploads\/2022\/04\/zdjecie.jpg\" \/>\n\t<meta property=\"og:image:width\" content=\"1920\" \/>\n\t<meta property=\"og:image:height\" content=\"1280\" \/>\n\t<meta property=\"og:image:type\" content=\"image\/jpeg\" \/>\n<meta name=\"twitter:card\" content=\"summary_large_image\" \/>\n<meta name=\"twitter:label1\" content=\"Gesch\u00e4tzte Lesezeit\" \/>\n\t<meta name=\"twitter:data1\" content=\"1\u00a0Minute\" \/>\n<script type=\"application\/ld+json\" class=\"yoast-schema-graph\">{\"@context\":\"https:\/\/schema.org\",\"@graph\":[{\"@type\":\"WebPage\",\"@id\":\"https:\/\/job.szczecinek.pl\/produkty\/stacje-dezynfekujace\/autonomiczny-stojak-do-dozownikow-plynow\/\",\"url\":\"https:\/\/job.szczecinek.pl\/produkty\/stacje-dezynfekujace\/autonomiczny-stojak-do-dozownikow-plynow\/\",\"name\":\"Autonomiczny stojak do dozownik\u00f3w p\u0142yn\u00f3w EMST 01, EMST 02, EMST 03 - JOB Szczecinek\",\"isPartOf\":{\"@id\":\"https:\/\/job.szczecinek.pl\/#website\"},\"primaryImageOfPage\":{\"@id\":\"https:\/\/job.szczecinek.pl\/produkty\/stacje-dezynfekujace\/autonomiczny-stojak-do-dozownikow-plynow\/#primaryimage\"},\"image\":{\"@id\":\"https:\/\/job.szczecinek.pl\/produkty\/stacje-dezynfekujace\/autonomiczny-stojak-do-dozownikow-plynow\/#primaryimage\"},\"thumbnailUrl\":\"https:\/\/job.szczecinek.pl\/wp-content\/uploads\/2022\/04\/zdjecie.jpg\",\"datePublished\":\"2020-05-26T15:28:47+00:00\",\"dateModified\":\"2022-04-25T11:35:12+00:00\",\"description\":\"Specyfikacja w formacie PDFPobierz wykonany ze stali malowanej proszkowo w dowolnym kolorze RALsolidna, stabilna podstawamo\u017cliwo\u015b\u0107 zawieszenia na \u015bcianie\",\"breadcrumb\":{\"@id\":\"https:\/\/job.szczecinek.pl\/produkty\/stacje-dezynfekujace\/autonomiczny-stojak-do-dozownikow-plynow\/#breadcrumb\"},\"inLanguage\":\"de\",\"potentialAction\":[{\"@type\":\"ReadAction\",\"target\":[\"https:\/\/job.szczecinek.pl\/produkty\/stacje-dezynfekujace\/autonomiczny-stojak-do-dozownikow-plynow\/\"]}]},{\"@type\":\"ImageObject\",\"inLanguage\":\"de\",\"@id\":\"https:\/\/job.szczecinek.pl\/produkty\/stacje-dezynfekujace\/autonomiczny-stojak-do-dozownikow-plynow\/#primaryimage\",\"url\":\"https:\/\/job.szczecinek.pl\/wp-content\/uploads\/2022\/04\/zdjecie.jpg\",\"contentUrl\":\"https:\/\/job.szczecinek.pl\/wp-content\/uploads\/2022\/04\/zdjecie.jpg\",\"width\":1920,\"height\":1280},{\"@type\":\"BreadcrumbList\",\"@id\":\"https:\/\/job.szczecinek.pl\/produkty\/stacje-dezynfekujace\/autonomiczny-stojak-do-dozownikow-plynow\/#breadcrumb\",\"itemListElement\":[{\"@type\":\"ListItem\",\"position\":1,\"name\":\"Produkty\",\"item\":\"https:\/\/job.szczecinek.pl\/produkty\/\"},{\"@type\":\"ListItem\",\"position\":2,\"name\":\"Stacje dezynfekuj\u0105ce\",\"item\":\"https:\/\/job.szczecinek.pl\/produkty\/stacje-dezynfekujace\/\"},{\"@type\":\"ListItem\",\"position\":3,\"name\":\"Autonomiczny stojak do dozownik\u00f3w p\u0142yn\u00f3w EMST 01, EMST 02, EMST 03\"}]},{\"@type\":\"WebSite\",\"@id\":\"https:\/\/job.szczecinek.pl\/#website\",\"url\":\"https:\/\/job.szczecinek.pl\/\",\"name\":\"JOB Szczecinek\",\"description\":\"Wyroby metalowe\",\"publisher\":{\"@id\":\"https:\/\/job.szczecinek.pl\/#organization\"},\"potentialAction\":[{\"@type\":\"SearchAction\",\"target\":{\"@type\":\"EntryPoint\",\"urlTemplate\":\"https:\/\/job.szczecinek.pl\/?s={search_term_string}\"},\"query-input\":{\"@type\":\"PropertyValueSpecification\",\"valueRequired\":true,\"valueName\":\"search_term_string\"}}],\"inLanguage\":\"de\"},{\"@type\":\"Organization\",\"@id\":\"https:\/\/job.szczecinek.pl\/#organization\",\"name\":\"JOB Szczecinek\",\"url\":\"https:\/\/job.szczecinek.pl\/\",\"logo\":{\"@type\":\"ImageObject\",\"inLanguage\":\"de\",\"@id\":\"https:\/\/job.szczecinek.pl\/#\/schema\/logo\/image\/\",\"url\":\"https:\/\/job.szczecinek.pl\/wp-content\/uploads\/2022\/05\/job-szczecinek.jpg\",\"contentUrl\":\"https:\/\/job.szczecinek.pl\/wp-content\/uploads\/2022\/05\/job-szczecinek.jpg\",\"width\":1200,\"height\":630,\"caption\":\"JOB Szczecinek\"},\"image\":{\"@id\":\"https:\/\/job.szczecinek.pl\/#\/schema\/logo\/image\/\"}}]}<\/script>\n<!-- \/ Yoast SEO plugin. -->","yoast_head_json":{"title":"Autonomiczny stojak do dozownik\u00f3w p\u0142yn\u00f3w                  EMST 01, EMST 02, EMST 03 - JOB Szczecinek","description":"Specyfikacja w formacie PDFPobierz wykonany ze stali malowanej proszkowo w dowolnym kolorze RALsolidna, stabilna podstawamo\u017cliwo\u015b\u0107 zawieszenia na \u015bcianie","robots":{"index":"index","follow":"follow","max-snippet":"max-snippet:-1","max-image-preview":"max-image-preview:large","max-video-preview":"max-video-preview:-1"},"canonical":"https:\/\/job.szczecinek.pl\/de\/produkty\/stacje-dezynfekujace\/autonomiczny-stojak-do-dozownikow-plynow\/","og_locale":"de_DE","og_type":"article","og_title":"Autonomiczny stojak do dozownik\u00f3w p\u0142yn\u00f3w                  EMST 01, EMST 02, EMST 03 - JOB Szczecinek","og_description":"Specyfikacja w formacie PDFPobierz wykonany ze stali malowanej proszkowo w dowolnym kolorze RALsolidna, stabilna podstawamo\u017cliwo\u015b\u0107 zawieszenia na \u015bcianie","og_url":"https:\/\/job.szczecinek.pl\/de\/produkty\/stacje-dezynfekujace\/autonomiczny-stojak-do-dozownikow-plynow\/","og_site_name":"JOB Szczecinek","article_modified_time":"2022-04-25T11:35:12+00:00","og_image":[{"width":1920,"height":1280,"url":"https:\/\/job.szczecinek.pl\/wp-content\/uploads\/2022\/04\/zdjecie.jpg","type":"image\/jpeg"}],"twitter_card":"summary_large_image","twitter_misc":{"Gesch\u00e4tzte Lesezeit":"1\u00a0Minute"},"schema":{"@context":"https:\/\/schema.org","@graph":[{"@type":"WebPage","@id":"https:\/\/job.szczecinek.pl\/produkty\/stacje-dezynfekujace\/autonomiczny-stojak-do-dozownikow-plynow\/","url":"https:\/\/job.szczecinek.pl\/produkty\/stacje-dezynfekujace\/autonomiczny-stojak-do-dozownikow-plynow\/","name":"Autonomiczny stojak do dozownik\u00f3w p\u0142yn\u00f3w EMST 01, EMST 02, EMST 03 - JOB Szczecinek","isPartOf":{"@id":"https:\/\/job.szczecinek.pl\/#website"},"primaryImageOfPage":{"@id":"https:\/\/job.szczecinek.pl\/produkty\/stacje-dezynfekujace\/autonomiczny-stojak-do-dozownikow-plynow\/#primaryimage"},"image":{"@id":"https:\/\/job.szczecinek.pl\/produkty\/stacje-dezynfekujace\/autonomiczny-stojak-do-dozownikow-plynow\/#primaryimage"},"thumbnailUrl":"https:\/\/job.szczecinek.pl\/wp-content\/uploads\/2022\/04\/zdjecie.jpg","datePublished":"2020-05-26T15:28:47+00:00","dateModified":"2022-04-25T11:35:12+00:00","description":"Specyfikacja w formacie PDFPobierz wykonany ze stali malowanej proszkowo w dowolnym kolorze RALsolidna, stabilna podstawamo\u017cliwo\u015b\u0107 zawieszenia na \u015bcianie","breadcrumb":{"@id":"https:\/\/job.szczecinek.pl\/produkty\/stacje-dezynfekujace\/autonomiczny-stojak-do-dozownikow-plynow\/#breadcrumb"},"inLanguage":"de","potentialAction":[{"@type":"ReadAction","target":["https:\/\/job.szczecinek.pl\/produkty\/stacje-dezynfekujace\/autonomiczny-stojak-do-dozownikow-plynow\/"]}]},{"@type":"ImageObject","inLanguage":"de","@id":"https:\/\/job.szczecinek.pl\/produkty\/stacje-dezynfekujace\/autonomiczny-stojak-do-dozownikow-plynow\/#primaryimage","url":"https:\/\/job.szczecinek.pl\/wp-content\/uploads\/2022\/04\/zdjecie.jpg","contentUrl":"https:\/\/job.szczecinek.pl\/wp-content\/uploads\/2022\/04\/zdjecie.jpg","width":1920,"height":1280},{"@type":"BreadcrumbList","@id":"https:\/\/job.szczecinek.pl\/produkty\/stacje-dezynfekujace\/autonomiczny-stojak-do-dozownikow-plynow\/#breadcrumb","itemListElement":[{"@type":"ListItem","position":1,"name":"Produkty","item":"https:\/\/job.szczecinek.pl\/produkty\/"},{"@type":"ListItem","position":2,"name":"Stacje dezynfekuj\u0105ce","item":"https:\/\/job.szczecinek.pl\/produkty\/stacje-dezynfekujace\/"},{"@type":"ListItem","position":3,"name":"Autonomiczny stojak do dozownik\u00f3w p\u0142yn\u00f3w EMST 01, EMST 02, EMST 03"}]},{"@type":"WebSite","@id":"https:\/\/job.szczecinek.pl\/#website","url":"https:\/\/job.szczecinek.pl\/","name":"JOB Szczecinek","description":"Wyroby metalowe","publisher":{"@id":"https:\/\/job.szczecinek.pl\/#organization"},"potentialAction":[{"@type":"SearchAction","target":{"@type":"EntryPoint","urlTemplate":"https:\/\/job.szczecinek.pl\/?s={search_term_string}"},"query-input":{"@type":"PropertyValueSpecification","valueRequired":true,"valueName":"search_term_string"}}],"inLanguage":"de"},{"@type":"Organization","@id":"https:\/\/job.szczecinek.pl\/#organization","name":"JOB Szczecinek","url":"https:\/\/job.szczecinek.pl\/","logo":{"@type":"ImageObject","inLanguage":"de","@id":"https:\/\/job.szczecinek.pl\/#\/schema\/logo\/image\/","url":"https:\/\/job.szczecinek.pl\/wp-content\/uploads\/2022\/05\/job-szczecinek.jpg","contentUrl":"https:\/\/job.szczecinek.pl\/wp-content\/uploads\/2022\/05\/job-szczecinek.jpg","width":1200,"height":630,"caption":"JOB Szczecinek"},"image":{"@id":"https:\/\/job.szczecinek.pl\/#\/schema\/logo\/image\/"}}]}},"_links":{"self":[{"href":"https:\/\/job.szczecinek.pl\/de\/wp-json\/wp\/v2\/pages\/686","targetHints":{"allow":["GET"]}}],"collection":[{"href":"https:\/\/job.szczecinek.pl\/de\/wp-json\/wp\/v2\/pages"}],"about":[{"href":"https:\/\/job.szczecinek.pl\/de\/wp-json\/wp\/v2\/types\/page"}],"author":[{"embeddable":true,"href":"https:\/\/job.szczecinek.pl\/de\/wp-json\/wp\/v2\/users\/1"}],"replies":[{"embeddable":true,"href":"https:\/\/job.szczecinek.pl\/de\/wp-json\/wp\/v2\/comments?post=686"}],"version-history":[{"count":0,"href":"https:\/\/job.szczecinek.pl\/de\/wp-json\/wp\/v2\/pages\/686\/revisions"}],"up":[{"embeddable":true,"href":"https:\/\/job.szczecinek.pl\/de\/wp-json\/wp\/v2\/pages\/303"}],"wp:featuredmedia":[{"embeddable":true,"href":"https:\/\/job.szczecinek.pl\/de\/wp-json\/wp\/v2\/media\/304"}],"wp:attachment":[{"href":"https:\/\/job.szczecinek.pl\/de\/wp-json\/wp\/v2\/media?parent=686"}],"curies":[{"name":"wp","href":"https:\/\/api.w.org\/{rel}","templated":true}]}}