{"id":691,"date":"2020-05-26T17:31:09","date_gmt":"2020-05-26T15:31:09","guid":{"rendered":"http:\/\/stacjadezynfekujaca.com.pl\/?page_id=691"},"modified":"2022-04-25T13:34:26","modified_gmt":"2022-04-25T11:34:26","slug":"uniwersalna-bezdotykowa-stacja-dezynfekcji-rak","status":"publish","type":"page","link":"https:\/\/job.szczecinek.pl\/de\/produkty\/stacje-dezynfekujace\/uniwersalna-bezdotykowa-stacja-dezynfekcji-rak\/","title":{"rendered":"Universelle Handdesinfektionsstation EMDEZ 02"},"content":{"rendered":"<figure class=\"wp-block-image size-full\"><img decoding=\"async\" src=\"https:\/\/stacjadezynfekujaca.com.pl\/wp-content\/uploads\/2020\/07\/Uniwersalna-stacja-dezynfekcji-r\u0105k-EMDEZ-02.jpg\" alt=\"\" class=\"wp-image-1041\"\/><\/figure>\n\n\n\n<div class=\"wp-block-file\"><a id=\"wp-block-file--media-716911d6-c8af-4a38-957a-7f510707630f\" href=\"https:\/\/stacjadezynfekujaca.com.pl\/wp-content\/uploads\/2020\/08\/PDF-kompresja-3.pdf\">Spezifikation im PDF-Format<\/a><a href=\"https:\/\/stacjadezynfekujaca.com.pl\/wp-content\/uploads\/2020\/08\/PDF-kompresja-3.pdf\" class=\"wp-block-file__button\" download aria-describedby=\"wp-block-file--media-716911d6-c8af-4a38-957a-7f510707630f\">Pobierz<\/a><\/div>\n\n\n\n<ul class=\"wp-block-list\"><li>wykonany ze stali malowanej poliestrow\u0105 farb\u0105 proszkow\u0105 w dowolnym kolorze RAL<\/li><li>mo\u017cliwo\u015b\u0107 samodzielnego ustawienia na dowolnej p\u0142askiej powierzchni lub zawieszenia na \u015bcianie<\/li><li>mo\u017cliwo\u015b\u0107 doposa\u017cenia w stojak i kosz wolnostoj\u0105cy na zu\u017cyte r\u0119kawice<\/li><li>w dolnej cz\u0119\u015bci umieszczony pojemnik na nadmiar p\u0142ynu, os\u0142oni\u0119ty zdejmowan\u0105 perforowan\u0105 pokryw\u0105<\/li><li>dost\u0119p serwisowy &#8211; drzwiczki z przodu zamykane na klucz<\/li><li>wewn\u0105trz zamontowany bezdotykowy dozownik p\u0142ynu dezynfekuj\u0105cego<\/li><li>sygnalizacja stan\u00f3w alarmowych<\/li><\/ul>\n\n\n\n<h3 class=\"wp-block-heading\">Parameter<\/h3>\n\n\n\n<ul class=\"wp-block-list\"><li>gabaryty<\/li><\/ul>\n\n\n\n<ol class=\"wp-block-list\"><li>szeroko\u015b\u0107 &#8211; 303 [mm]<\/li><li>wysoko\u015b\u0107 &#8211; 500 [mm]<\/li><li>g\u0142\u0119boko\u015b\u0107 &#8211; 230 [mm]<\/li><\/ol>\n\n\n\n<ul class=\"wp-block-list\"><li>waga (bez p\u0142ynu) &#8211; 15 kg<\/li><li>max. pojemno\u015b\u0107 pojemnika p\u0142ynu &#8211; 1000 ml<\/li><li>zasilanie bateryjne &#8211; 4 baterie alkaliczne R14 lub zewn\u0119trzny zasilacz 6VDC\/1A<\/li><\/ul>\n\n\n\n<h2 class=\"wp-block-heading\"><strong>Dane techniczne stacji EMDEZ 02<\/strong><\/h2>\n\n\n\n<figure class=\"wp-block-image size-full\"><img decoding=\"async\" src=\"https:\/\/stacjadezynfekujaca.com.pl\/wp-content\/uploads\/2020\/07\/dane-techniczne-3.jpg\" alt=\"\" class=\"wp-image-1059\"\/><\/figure>\n\n\n\n<h3 class=\"wp-block-heading\">Produktgalerie<\/h3>\n\n\n\n<figure class=\"wp-block-gallery has-nested-images columns-default wp-block-gallery-1 is-layout-flex wp-block-gallery-is-layout-flex\">\n<figure class=\"wp-block-image size-large\"><a href=\"https:\/\/stacjadezynfekujaca.com.pl\/wp-content\/uploads\/2020\/07\/EMDEZ-02-410x629.jpg\"><img decoding=\"async\" data-id=\"1043\" src=\"https:\/\/stacjadezynfekujaca.com.pl\/wp-content\/uploads\/2020\/07\/EMDEZ-02-410x629.jpg\" alt=\"\" class=\"wp-image-1043\"\/><\/a><\/figure>\n\n\n\n<figure class=\"wp-block-image size-large\"><a href=\"https:\/\/stacjadezynfekujaca.com.pl\/wp-content\/uploads\/2020\/07\/RAW07215-419x629.jpg\"><img decoding=\"async\" data-id=\"1044\" src=\"https:\/\/stacjadezynfekujaca.com.pl\/wp-content\/uploads\/2020\/07\/RAW07215-419x629.jpg\" alt=\"\" class=\"wp-image-1044\"\/><\/a><\/figure>\n\n\n\n<figure class=\"wp-block-image size-large\"><a href=\"https:\/\/stacjadezynfekujaca.com.pl\/wp-content\/uploads\/2020\/07\/RAW07218-944x629.jpg\"><img decoding=\"async\" data-id=\"1045\" src=\"https:\/\/stacjadezynfekujaca.com.pl\/wp-content\/uploads\/2020\/07\/RAW07218-944x629.jpg\" alt=\"\" class=\"wp-image-1045\"\/><\/a><\/figure>\n\n\n\n<figure class=\"wp-block-image size-large\"><a href=\"https:\/\/stacjadezynfekujaca.com.pl\/wp-content\/uploads\/2020\/07\/RAW07219-944x629.jpg\"><img decoding=\"async\" data-id=\"1046\" src=\"https:\/\/stacjadezynfekujaca.com.pl\/wp-content\/uploads\/2020\/07\/RAW07219-944x629.jpg\" alt=\"\" class=\"wp-image-1046\"\/><\/a><\/figure>\n\n\n\n<figure class=\"wp-block-image size-large\"><a href=\"https:\/\/stacjadezynfekujaca.com.pl\/wp-content\/uploads\/2020\/07\/RAW07233-944x629.jpg\"><img decoding=\"async\" data-id=\"1047\" src=\"https:\/\/stacjadezynfekujaca.com.pl\/wp-content\/uploads\/2020\/07\/RAW07233-944x629.jpg\" alt=\"\" class=\"wp-image-1047\"\/><\/a><\/figure>\n\n\n\n<figure class=\"wp-block-image size-large\"><a href=\"https:\/\/stacjadezynfekujaca.com.pl\/wp-content\/uploads\/2020\/07\/RAW07234-944x629.jpg\"><img decoding=\"async\" data-id=\"1048\" src=\"https:\/\/stacjadezynfekujaca.com.pl\/wp-content\/uploads\/2020\/07\/RAW07234-944x629.jpg\" alt=\"\" class=\"wp-image-1048\"\/><\/a><\/figure>\n\n\n\n<figure class=\"wp-block-image size-large\"><a href=\"https:\/\/stacjadezynfekujaca.com.pl\/wp-content\/uploads\/2020\/07\/RAW07237-1065x629.jpg\"><img decoding=\"async\" data-id=\"1049\" src=\"https:\/\/stacjadezynfekujaca.com.pl\/wp-content\/uploads\/2020\/07\/RAW07237-1065x629.jpg\" alt=\"\" class=\"wp-image-1049\"\/><\/a><\/figure>\n\n\n\n<figure class=\"wp-block-image size-large\"><a href=\"https:\/\/stacjadezynfekujaca.com.pl\/wp-content\/uploads\/2020\/07\/RAW07246-419x629.jpg\"><img decoding=\"async\" data-id=\"1050\" src=\"https:\/\/stacjadezynfekujaca.com.pl\/wp-content\/uploads\/2020\/07\/RAW07246-419x629.jpg\" alt=\"\" class=\"wp-image-1050\"\/><\/a><\/figure>\n\n\n\n<figure class=\"wp-block-image size-large\"><a href=\"https:\/\/stacjadezynfekujaca.com.pl\/wp-content\/uploads\/2020\/07\/RAW07250-419x629.jpg\"><img decoding=\"async\" data-id=\"1051\" src=\"https:\/\/stacjadezynfekujaca.com.pl\/wp-content\/uploads\/2020\/07\/RAW07250-419x629.jpg\" alt=\"\" class=\"wp-image-1051\"\/><\/a><\/figure>\n\n\n\n<figure class=\"wp-block-image size-large\"><a href=\"https:\/\/stacjadezynfekujaca.com.pl\/wp-content\/uploads\/2020\/07\/RAW07256bezlogo-419x629.jpg\"><img decoding=\"async\" data-id=\"1052\" src=\"https:\/\/stacjadezynfekujaca.com.pl\/wp-content\/uploads\/2020\/07\/RAW07256bezlogo-419x629.jpg\" alt=\"\" class=\"wp-image-1052\"\/><\/a><\/figure>\n\n\n\n<figure class=\"wp-block-image size-large\"><a href=\"https:\/\/stacjadezynfekujaca.com.pl\/wp-content\/uploads\/2020\/07\/RAW07278bezlogo-419x629.jpg\"><img decoding=\"async\" data-id=\"1053\" src=\"https:\/\/stacjadezynfekujaca.com.pl\/wp-content\/uploads\/2020\/07\/RAW07278bezlogo-419x629.jpg\" alt=\"\" class=\"wp-image-1053\"\/><\/a><\/figure>\n\n\n\n<figure class=\"wp-block-image size-large\"><a href=\"https:\/\/stacjadezynfekujaca.com.pl\/wp-content\/uploads\/2020\/07\/EMDEZ-02-na-stojaku-200x629.jpg\"><img decoding=\"async\" data-id=\"1054\" src=\"https:\/\/stacjadezynfekujaca.com.pl\/wp-content\/uploads\/2020\/07\/EMDEZ-02-na-stojaku-200x629.jpg\" alt=\"\" class=\"wp-image-1054\"\/><\/a><\/figure>\n\n\n\n<figure class=\"wp-block-image size-large\"><a href=\"https:\/\/stacjadezynfekujaca.com.pl\/wp-content\/uploads\/2020\/07\/emdez-02-produkcja-2-1147x629.jpg\"><img decoding=\"async\" data-id=\"1055\" src=\"https:\/\/stacjadezynfekujaca.com.pl\/wp-content\/uploads\/2020\/07\/emdez-02-produkcja-2-1147x629.jpg\" alt=\"\" class=\"wp-image-1055\"\/><\/a><\/figure>\n<\/figure>\n\n\n\n<h3 class=\"wp-block-heading\">Technische Zeichnung<\/h3>\n\n\n\n<figure class=\"wp-block-gallery has-nested-images columns-1 wp-block-gallery-2 is-layout-flex wp-block-gallery-is-layout-flex\">\n<figure class=\"wp-block-image size-large\"><img decoding=\"async\" data-id=\"1056\" src=\"https:\/\/stacjadezynfekujaca.com.pl\/wp-content\/uploads\/2020\/07\/szkic-1-579x629.jpg\" alt=\"\" class=\"wp-image-1056\"\/><\/figure>\n\n\n\n<figure class=\"wp-block-image size-large\"><img decoding=\"async\" data-id=\"1057\" src=\"https:\/\/stacjadezynfekujaca.com.pl\/wp-content\/uploads\/2020\/07\/szkic-2-861x629.jpg\" alt=\"\" class=\"wp-image-1057\"\/><\/figure>\n<\/figure>","protected":false},"excerpt":{"rendered":"<p>wykonany ze stali malowanej poliestrow\u0105 farb\u0105 proszkow\u0105 w dowolnym kolorze RAL mo\u017cliwo\u015b\u0107 samodzielnego ustawienia na dowolnej p\u0142askiej powierzchni lub zawieszenia na \u015bcianie mo\u017cliwo\u015b\u0107 doposa\u017cenia w&#8230;<\/p>","protected":false},"author":1,"featured_media":304,"parent":303,"menu_order":0,"comment_status":"closed","ping_status":"closed","template":"","meta":{"_acf_changed":false,"footnotes":""},"class_list":["post-691","page","type-page","status-publish","has-post-thumbnail","hentry"],"acf":[],"yoast_head":"<!-- This site is optimized with the Yoast SEO plugin v25.7 - https:\/\/yoast.com\/wordpress\/plugins\/seo\/ -->\n<title>Uniwersalna stacja dezynfekcji r\u0105k EMDEZ 02 - JOB Szczecinek<\/title>\n<meta name=\"description\" content=\"Specyfikacja w formacie PDFPobierz wykonany ze stali malowanej poliestrow\u0105 farb\u0105 proszkow\u0105 w dowolnym kolorze RALmo\u017cliwo\u015b\u0107 samodzielnego ustawienia na\" \/>\n<meta name=\"robots\" content=\"index, follow, max-snippet:-1, max-image-preview:large, max-video-preview:-1\" \/>\n<link rel=\"canonical\" href=\"https:\/\/job.szczecinek.pl\/de\/produkty\/stacje-dezynfekujace\/uniwersalna-bezdotykowa-stacja-dezynfekcji-rak\/\" \/>\n<meta property=\"og:locale\" content=\"de_DE\" \/>\n<meta property=\"og:type\" content=\"article\" \/>\n<meta property=\"og:title\" content=\"Uniwersalna stacja dezynfekcji r\u0105k EMDEZ 02 - JOB Szczecinek\" \/>\n<meta property=\"og:description\" content=\"Specyfikacja w formacie PDFPobierz wykonany ze stali malowanej poliestrow\u0105 farb\u0105 proszkow\u0105 w dowolnym kolorze RALmo\u017cliwo\u015b\u0107 samodzielnego ustawienia na\" \/>\n<meta property=\"og:url\" content=\"https:\/\/job.szczecinek.pl\/de\/produkty\/stacje-dezynfekujace\/uniwersalna-bezdotykowa-stacja-dezynfekcji-rak\/\" \/>\n<meta property=\"og:site_name\" content=\"JOB Szczecinek\" \/>\n<meta property=\"article:modified_time\" content=\"2022-04-25T11:34:26+00:00\" \/>\n<meta property=\"og:image\" content=\"https:\/\/job.szczecinek.pl\/wp-content\/uploads\/2022\/04\/zdjecie.jpg\" \/>\n\t<meta property=\"og:image:width\" content=\"1920\" \/>\n\t<meta property=\"og:image:height\" content=\"1280\" \/>\n\t<meta property=\"og:image:type\" content=\"image\/jpeg\" \/>\n<meta name=\"twitter:card\" content=\"summary_large_image\" \/>\n<meta name=\"twitter:label1\" content=\"Gesch\u00e4tzte Lesezeit\" \/>\n\t<meta name=\"twitter:data1\" content=\"1\u00a0Minute\" \/>\n<script type=\"application\/ld+json\" class=\"yoast-schema-graph\">{\"@context\":\"https:\/\/schema.org\",\"@graph\":[{\"@type\":\"WebPage\",\"@id\":\"https:\/\/job.szczecinek.pl\/produkty\/stacje-dezynfekujace\/uniwersalna-bezdotykowa-stacja-dezynfekcji-rak\/\",\"url\":\"https:\/\/job.szczecinek.pl\/produkty\/stacje-dezynfekujace\/uniwersalna-bezdotykowa-stacja-dezynfekcji-rak\/\",\"name\":\"Uniwersalna stacja dezynfekcji r\u0105k EMDEZ 02 - JOB Szczecinek\",\"isPartOf\":{\"@id\":\"https:\/\/job.szczecinek.pl\/#website\"},\"primaryImageOfPage\":{\"@id\":\"https:\/\/job.szczecinek.pl\/produkty\/stacje-dezynfekujace\/uniwersalna-bezdotykowa-stacja-dezynfekcji-rak\/#primaryimage\"},\"image\":{\"@id\":\"https:\/\/job.szczecinek.pl\/produkty\/stacje-dezynfekujace\/uniwersalna-bezdotykowa-stacja-dezynfekcji-rak\/#primaryimage\"},\"thumbnailUrl\":\"https:\/\/job.szczecinek.pl\/wp-content\/uploads\/2022\/04\/zdjecie.jpg\",\"datePublished\":\"2020-05-26T15:31:09+00:00\",\"dateModified\":\"2022-04-25T11:34:26+00:00\",\"description\":\"Specyfikacja w formacie PDFPobierz wykonany ze stali malowanej poliestrow\u0105 farb\u0105 proszkow\u0105 w dowolnym kolorze RALmo\u017cliwo\u015b\u0107 samodzielnego ustawienia na\",\"breadcrumb\":{\"@id\":\"https:\/\/job.szczecinek.pl\/produkty\/stacje-dezynfekujace\/uniwersalna-bezdotykowa-stacja-dezynfekcji-rak\/#breadcrumb\"},\"inLanguage\":\"de\",\"potentialAction\":[{\"@type\":\"ReadAction\",\"target\":[\"https:\/\/job.szczecinek.pl\/produkty\/stacje-dezynfekujace\/uniwersalna-bezdotykowa-stacja-dezynfekcji-rak\/\"]}]},{\"@type\":\"ImageObject\",\"inLanguage\":\"de\",\"@id\":\"https:\/\/job.szczecinek.pl\/produkty\/stacje-dezynfekujace\/uniwersalna-bezdotykowa-stacja-dezynfekcji-rak\/#primaryimage\",\"url\":\"https:\/\/job.szczecinek.pl\/wp-content\/uploads\/2022\/04\/zdjecie.jpg\",\"contentUrl\":\"https:\/\/job.szczecinek.pl\/wp-content\/uploads\/2022\/04\/zdjecie.jpg\",\"width\":1920,\"height\":1280},{\"@type\":\"BreadcrumbList\",\"@id\":\"https:\/\/job.szczecinek.pl\/produkty\/stacje-dezynfekujace\/uniwersalna-bezdotykowa-stacja-dezynfekcji-rak\/#breadcrumb\",\"itemListElement\":[{\"@type\":\"ListItem\",\"position\":1,\"name\":\"Produkty\",\"item\":\"https:\/\/job.szczecinek.pl\/produkty\/\"},{\"@type\":\"ListItem\",\"position\":2,\"name\":\"Stacje dezynfekuj\u0105ce\",\"item\":\"https:\/\/job.szczecinek.pl\/produkty\/stacje-dezynfekujace\/\"},{\"@type\":\"ListItem\",\"position\":3,\"name\":\"Uniwersalna stacja dezynfekcji r\u0105k EMDEZ 02\"}]},{\"@type\":\"WebSite\",\"@id\":\"https:\/\/job.szczecinek.pl\/#website\",\"url\":\"https:\/\/job.szczecinek.pl\/\",\"name\":\"JOB Szczecinek\",\"description\":\"Wyroby metalowe\",\"publisher\":{\"@id\":\"https:\/\/job.szczecinek.pl\/#organization\"},\"potentialAction\":[{\"@type\":\"SearchAction\",\"target\":{\"@type\":\"EntryPoint\",\"urlTemplate\":\"https:\/\/job.szczecinek.pl\/?s={search_term_string}\"},\"query-input\":{\"@type\":\"PropertyValueSpecification\",\"valueRequired\":true,\"valueName\":\"search_term_string\"}}],\"inLanguage\":\"de\"},{\"@type\":\"Organization\",\"@id\":\"https:\/\/job.szczecinek.pl\/#organization\",\"name\":\"JOB Szczecinek\",\"url\":\"https:\/\/job.szczecinek.pl\/\",\"logo\":{\"@type\":\"ImageObject\",\"inLanguage\":\"de\",\"@id\":\"https:\/\/job.szczecinek.pl\/#\/schema\/logo\/image\/\",\"url\":\"https:\/\/job.szczecinek.pl\/wp-content\/uploads\/2022\/05\/job-szczecinek.jpg\",\"contentUrl\":\"https:\/\/job.szczecinek.pl\/wp-content\/uploads\/2022\/05\/job-szczecinek.jpg\",\"width\":1200,\"height\":630,\"caption\":\"JOB Szczecinek\"},\"image\":{\"@id\":\"https:\/\/job.szczecinek.pl\/#\/schema\/logo\/image\/\"}}]}<\/script>\n<!-- \/ Yoast SEO plugin. -->","yoast_head_json":{"title":"Uniwersalna stacja dezynfekcji r\u0105k EMDEZ 02 - JOB Szczecinek","description":"Specyfikacja w formacie PDFPobierz wykonany ze stali malowanej poliestrow\u0105 farb\u0105 proszkow\u0105 w dowolnym kolorze RALmo\u017cliwo\u015b\u0107 samodzielnego ustawienia na","robots":{"index":"index","follow":"follow","max-snippet":"max-snippet:-1","max-image-preview":"max-image-preview:large","max-video-preview":"max-video-preview:-1"},"canonical":"https:\/\/job.szczecinek.pl\/de\/produkty\/stacje-dezynfekujace\/uniwersalna-bezdotykowa-stacja-dezynfekcji-rak\/","og_locale":"de_DE","og_type":"article","og_title":"Uniwersalna stacja dezynfekcji r\u0105k EMDEZ 02 - JOB Szczecinek","og_description":"Specyfikacja w formacie PDFPobierz wykonany ze stali malowanej poliestrow\u0105 farb\u0105 proszkow\u0105 w dowolnym kolorze RALmo\u017cliwo\u015b\u0107 samodzielnego ustawienia na","og_url":"https:\/\/job.szczecinek.pl\/de\/produkty\/stacje-dezynfekujace\/uniwersalna-bezdotykowa-stacja-dezynfekcji-rak\/","og_site_name":"JOB Szczecinek","article_modified_time":"2022-04-25T11:34:26+00:00","og_image":[{"width":1920,"height":1280,"url":"https:\/\/job.szczecinek.pl\/wp-content\/uploads\/2022\/04\/zdjecie.jpg","type":"image\/jpeg"}],"twitter_card":"summary_large_image","twitter_misc":{"Gesch\u00e4tzte Lesezeit":"1\u00a0Minute"},"schema":{"@context":"https:\/\/schema.org","@graph":[{"@type":"WebPage","@id":"https:\/\/job.szczecinek.pl\/produkty\/stacje-dezynfekujace\/uniwersalna-bezdotykowa-stacja-dezynfekcji-rak\/","url":"https:\/\/job.szczecinek.pl\/produkty\/stacje-dezynfekujace\/uniwersalna-bezdotykowa-stacja-dezynfekcji-rak\/","name":"Uniwersalna stacja dezynfekcji r\u0105k EMDEZ 02 - JOB Szczecinek","isPartOf":{"@id":"https:\/\/job.szczecinek.pl\/#website"},"primaryImageOfPage":{"@id":"https:\/\/job.szczecinek.pl\/produkty\/stacje-dezynfekujace\/uniwersalna-bezdotykowa-stacja-dezynfekcji-rak\/#primaryimage"},"image":{"@id":"https:\/\/job.szczecinek.pl\/produkty\/stacje-dezynfekujace\/uniwersalna-bezdotykowa-stacja-dezynfekcji-rak\/#primaryimage"},"thumbnailUrl":"https:\/\/job.szczecinek.pl\/wp-content\/uploads\/2022\/04\/zdjecie.jpg","datePublished":"2020-05-26T15:31:09+00:00","dateModified":"2022-04-25T11:34:26+00:00","description":"Specyfikacja w formacie PDFPobierz wykonany ze stali malowanej poliestrow\u0105 farb\u0105 proszkow\u0105 w dowolnym kolorze RALmo\u017cliwo\u015b\u0107 samodzielnego ustawienia na","breadcrumb":{"@id":"https:\/\/job.szczecinek.pl\/produkty\/stacje-dezynfekujace\/uniwersalna-bezdotykowa-stacja-dezynfekcji-rak\/#breadcrumb"},"inLanguage":"de","potentialAction":[{"@type":"ReadAction","target":["https:\/\/job.szczecinek.pl\/produkty\/stacje-dezynfekujace\/uniwersalna-bezdotykowa-stacja-dezynfekcji-rak\/"]}]},{"@type":"ImageObject","inLanguage":"de","@id":"https:\/\/job.szczecinek.pl\/produkty\/stacje-dezynfekujace\/uniwersalna-bezdotykowa-stacja-dezynfekcji-rak\/#primaryimage","url":"https:\/\/job.szczecinek.pl\/wp-content\/uploads\/2022\/04\/zdjecie.jpg","contentUrl":"https:\/\/job.szczecinek.pl\/wp-content\/uploads\/2022\/04\/zdjecie.jpg","width":1920,"height":1280},{"@type":"BreadcrumbList","@id":"https:\/\/job.szczecinek.pl\/produkty\/stacje-dezynfekujace\/uniwersalna-bezdotykowa-stacja-dezynfekcji-rak\/#breadcrumb","itemListElement":[{"@type":"ListItem","position":1,"name":"Produkty","item":"https:\/\/job.szczecinek.pl\/produkty\/"},{"@type":"ListItem","position":2,"name":"Stacje dezynfekuj\u0105ce","item":"https:\/\/job.szczecinek.pl\/produkty\/stacje-dezynfekujace\/"},{"@type":"ListItem","position":3,"name":"Uniwersalna stacja dezynfekcji r\u0105k EMDEZ 02"}]},{"@type":"WebSite","@id":"https:\/\/job.szczecinek.pl\/#website","url":"https:\/\/job.szczecinek.pl\/","name":"JOB Szczecinek","description":"Wyroby metalowe","publisher":{"@id":"https:\/\/job.szczecinek.pl\/#organization"},"potentialAction":[{"@type":"SearchAction","target":{"@type":"EntryPoint","urlTemplate":"https:\/\/job.szczecinek.pl\/?s={search_term_string}"},"query-input":{"@type":"PropertyValueSpecification","valueRequired":true,"valueName":"search_term_string"}}],"inLanguage":"de"},{"@type":"Organization","@id":"https:\/\/job.szczecinek.pl\/#organization","name":"JOB Szczecinek","url":"https:\/\/job.szczecinek.pl\/","logo":{"@type":"ImageObject","inLanguage":"de","@id":"https:\/\/job.szczecinek.pl\/#\/schema\/logo\/image\/","url":"https:\/\/job.szczecinek.pl\/wp-content\/uploads\/2022\/05\/job-szczecinek.jpg","contentUrl":"https:\/\/job.szczecinek.pl\/wp-content\/uploads\/2022\/05\/job-szczecinek.jpg","width":1200,"height":630,"caption":"JOB Szczecinek"},"image":{"@id":"https:\/\/job.szczecinek.pl\/#\/schema\/logo\/image\/"}}]}},"_links":{"self":[{"href":"https:\/\/job.szczecinek.pl\/de\/wp-json\/wp\/v2\/pages\/691","targetHints":{"allow":["GET"]}}],"collection":[{"href":"https:\/\/job.szczecinek.pl\/de\/wp-json\/wp\/v2\/pages"}],"about":[{"href":"https:\/\/job.szczecinek.pl\/de\/wp-json\/wp\/v2\/types\/page"}],"author":[{"embeddable":true,"href":"https:\/\/job.szczecinek.pl\/de\/wp-json\/wp\/v2\/users\/1"}],"replies":[{"embeddable":true,"href":"https:\/\/job.szczecinek.pl\/de\/wp-json\/wp\/v2\/comments?post=691"}],"version-history":[{"count":0,"href":"https:\/\/job.szczecinek.pl\/de\/wp-json\/wp\/v2\/pages\/691\/revisions"}],"up":[{"embeddable":true,"href":"https:\/\/job.szczecinek.pl\/de\/wp-json\/wp\/v2\/pages\/303"}],"wp:featuredmedia":[{"embeddable":true,"href":"https:\/\/job.szczecinek.pl\/de\/wp-json\/wp\/v2\/media\/304"}],"wp:attachment":[{"href":"https:\/\/job.szczecinek.pl\/de\/wp-json\/wp\/v2\/media?parent=691"}],"curies":[{"name":"wp","href":"https:\/\/api.w.org\/{rel}","templated":true}]}}