{"id":81,"date":"2022-04-25T10:27:00","date_gmt":"2022-04-25T08:27:00","guid":{"rendered":"https:\/\/job.szczecinek.pl\/?page_id=81"},"modified":"2024-06-18T11:40:48","modified_gmt":"2024-06-18T09:40:48","slug":"o-firmie","status":"publish","type":"page","link":"https:\/\/job.szczecinek.pl\/de\/uber-uns\/","title":{"rendered":"\u00dcber uns"},"content":{"rendered":"<p class=\"translation-block\">Firma JOB garantiert Dienstleistungen und die Produktion von fertigen Metallprodukten in einem breiten Spektrum.<\/p>\n\n\n\n<p>Nasze produkty ,wykorzystywane s\u0105 w bran\u017cy elektro-energetycznej, klimatyzacyjno-wentylacyjnej, bran\u017cy produkcji maszyn, bran\u017cy produkcji infokiosk\u00f3w i terminali, bran\u017cy vendingowej, bran\u017cy reklamowej, bran\u017cy o\u015bwietleniowej, bran\u017cy meblarskiej, telewizji kablowej, energetyce, handlu, itd.<\/p>\n\n\n\n<h2 class=\"wp-block-heading\">Was empfiehlt uns?<\/h2>\n\n\n\n<p>Dzia\u0142amy wed\u0142ug zasady, PRACUJEMY DLA CIEBIE. Od momentu z\u0142o\u017cenia zam\u00f3wienia gwarantujemy klientowi potwierdzon\u0105 wysok\u0105 jako\u015b\u0107 us\u0142ug, terminowo\u015b\u0107 i dotrzymanie warunk\u00f3w ustale\u0144 i zawieranych um\u00f3w.<\/p>\n\n\n\n<p>Mo\u017cemy pochwali\u0107 si\u0119 milionami wyprodukowanych detali zgodnie z najwy\u017cszymi wymogami kontroli jako\u015bci, kt\u00f3re s\u0105 sprzedawane przez naszych klient\u00f3w w Europie, Afryce na Rynkach wschodnich i w Stanach Zjednoczonych.<\/p>\n\n\n\n<p>Poprzez wk\u0142ad w budowanie marki naszych klient\u00f3w zostali\u015bmy wielokrotnie wyr\u00f3\u017cnieni podzi\u0119kowaniami za pomoc w osi\u0105gni\u0119ciu najwy\u017cszych odznacze\u0144 na \u015bwiatowych rynkach i konkursach bran\u017cowych.<\/p>\n\n\n\n<ul class=\"wp-block-list\">\n<li>Wir haben Empfehlungen vieler Firmen, darunter auch weltweit bedeutende Konzerne in ihrer Branche.<\/li>\n\n\n\n<li>Nasza firma jest konkurencyjna na rynku, poniewa\u017c charakteryzuje nas:<\/li>\n\n\n\n<li>Verf\u00fcgbarkeit,<\/li>\n\n\n\n<li>kurze Lieferzeiten,<\/li>\n\n\n\n<li>hohe Qualit\u00e4t der hergestellten Teile und Dienstleistungen,<\/li>\n\n\n\n<li>Klein- und Gro\u00dfserienfertigung,<\/li>\n\n\n\n<li>wettbewerbsf\u00e4hige Preise,<\/li>\n\n\n\n<li>g\u00fcnstige Zahlungsbedingungen,<\/li>\n\n\n\n<li>moderner Maschinenpark,<\/li>\n\n\n\n<li>kontrola jako\u015bci wytwarzanych produkt\u00f3w zgodna z standardami ISO.<\/li>\n\n\n\n<li>Kostenoptimierung bei der Bedienung,<\/li>\n\n\n\n<li>wysok\u0105 kultur\u0119 organizacji zlecenia zgodn\u0105 z standardami ISO,<\/li>\n\n\n\n<li>Zugang zu Fachleuten aus verschiedenen Bereichen.<\/li>\n\n\n\n<li>Indem Sie uns w\u00e4hlen, haben Sie die Gewissheit, dass wir f\u00fcr Sie arbeiten.<\/li>\n<\/ul>\n\n\n\n<p class=\"translation-block\">Unsere Firma besitzt das Zertifikat <strong><a href=\"https:\/\/wizytowka.rzetelnafirma.pl\/H82927WE\" target=\"_blank\" rel=\"noreferrer noopener nofollow\">Rzetelna Firma<\/a><\/strong>.<\/p>","protected":false},"excerpt":{"rendered":"<p>Firma JOB gwarantuje us\u0142ugi i produkcj\u0119 element\u00f3w gotowych wyrob\u00f3w z metalu w szerokim zakresie. Nasze produkty ,wykorzystywane s\u0105 w bran\u017cy elektro-energetycznej, klimatyzacyjno-wentylacyjnej, bran\u017cy produkcji maszyn,&#8230;<\/p>","protected":false},"author":1,"featured_media":74,"parent":0,"menu_order":0,"comment_status":"closed","ping_status":"closed","template":"","meta":{"_acf_changed":false,"footnotes":""},"class_list":["post-81","page","type-page","status-publish","has-post-thumbnail","hentry"],"acf":[],"yoast_head":"<!-- This site is optimized with the Yoast SEO plugin v25.7 - https:\/\/yoast.com\/wordpress\/plugins\/seo\/ -->\n<title>O firmie - JOB Szczecinek<\/title>\n<meta name=\"description\" content=\"Firma JOB gwarantuje us\u0142ugi i produkcj\u0119 element\u00f3w gotowych wyrob\u00f3w z metalu w szerokim zakresie. Nasze produkty ,wykorzystywane s\u0105 w bran\u017cy\" \/>\n<meta name=\"robots\" content=\"index, follow, max-snippet:-1, max-image-preview:large, max-video-preview:-1\" \/>\n<link rel=\"canonical\" href=\"https:\/\/job.szczecinek.pl\/de\/uber-uns\/\" \/>\n<meta property=\"og:locale\" content=\"de_DE\" \/>\n<meta property=\"og:type\" content=\"article\" \/>\n<meta property=\"og:title\" content=\"O firmie - JOB Szczecinek\" \/>\n<meta property=\"og:description\" content=\"Firma JOB gwarantuje us\u0142ugi i produkcj\u0119 element\u00f3w gotowych wyrob\u00f3w z metalu w szerokim zakresie. Nasze produkty ,wykorzystywane s\u0105 w bran\u017cy\" \/>\n<meta property=\"og:url\" content=\"https:\/\/job.szczecinek.pl\/de\/uber-uns\/\" \/>\n<meta property=\"og:site_name\" content=\"JOB Szczecinek\" \/>\n<meta property=\"article:modified_time\" content=\"2024-06-18T09:40:48+00:00\" \/>\n<meta property=\"og:image\" content=\"https:\/\/job.szczecinek.pl\/wp-content\/uploads\/2022\/04\/header-1.jpg\" \/>\n\t<meta property=\"og:image:width\" content=\"1920\" \/>\n\t<meta property=\"og:image:height\" content=\"900\" \/>\n\t<meta property=\"og:image:type\" content=\"image\/jpeg\" \/>\n<meta name=\"twitter:card\" content=\"summary_large_image\" \/>\n<meta name=\"twitter:label1\" content=\"Gesch\u00e4tzte Lesezeit\" \/>\n\t<meta name=\"twitter:data1\" content=\"1\u00a0Minute\" \/>\n<script type=\"application\/ld+json\" class=\"yoast-schema-graph\">{\"@context\":\"https:\/\/schema.org\",\"@graph\":[{\"@type\":\"WebPage\",\"@id\":\"https:\/\/job.szczecinek.pl\/o-firmie\/\",\"url\":\"https:\/\/job.szczecinek.pl\/o-firmie\/\",\"name\":\"O firmie - JOB Szczecinek\",\"isPartOf\":{\"@id\":\"https:\/\/job.szczecinek.pl\/#website\"},\"primaryImageOfPage\":{\"@id\":\"https:\/\/job.szczecinek.pl\/o-firmie\/#primaryimage\"},\"image\":{\"@id\":\"https:\/\/job.szczecinek.pl\/o-firmie\/#primaryimage\"},\"thumbnailUrl\":\"https:\/\/job.szczecinek.pl\/wp-content\/uploads\/2022\/04\/header-1.jpg\",\"datePublished\":\"2022-04-25T08:27:00+00:00\",\"dateModified\":\"2024-06-18T09:40:48+00:00\",\"description\":\"Firma JOB gwarantuje us\u0142ugi i produkcj\u0119 element\u00f3w gotowych wyrob\u00f3w z metalu w szerokim zakresie. Nasze produkty ,wykorzystywane s\u0105 w bran\u017cy\",\"inLanguage\":\"de\",\"potentialAction\":[{\"@type\":\"ReadAction\",\"target\":[\"https:\/\/job.szczecinek.pl\/o-firmie\/\"]}]},{\"@type\":\"ImageObject\",\"inLanguage\":\"de\",\"@id\":\"https:\/\/job.szczecinek.pl\/o-firmie\/#primaryimage\",\"url\":\"https:\/\/job.szczecinek.pl\/wp-content\/uploads\/2022\/04\/header-1.jpg\",\"contentUrl\":\"https:\/\/job.szczecinek.pl\/wp-content\/uploads\/2022\/04\/header-1.jpg\",\"width\":1920,\"height\":900},{\"@type\":\"WebSite\",\"@id\":\"https:\/\/job.szczecinek.pl\/#website\",\"url\":\"https:\/\/job.szczecinek.pl\/\",\"name\":\"JOB Szczecinek\",\"description\":\"Wyroby metalowe\",\"publisher\":{\"@id\":\"https:\/\/job.szczecinek.pl\/#organization\"},\"potentialAction\":[{\"@type\":\"SearchAction\",\"target\":{\"@type\":\"EntryPoint\",\"urlTemplate\":\"https:\/\/job.szczecinek.pl\/?s={search_term_string}\"},\"query-input\":{\"@type\":\"PropertyValueSpecification\",\"valueRequired\":true,\"valueName\":\"search_term_string\"}}],\"inLanguage\":\"de\"},{\"@type\":\"Organization\",\"@id\":\"https:\/\/job.szczecinek.pl\/#organization\",\"name\":\"JOB Szczecinek\",\"url\":\"https:\/\/job.szczecinek.pl\/\",\"logo\":{\"@type\":\"ImageObject\",\"inLanguage\":\"de\",\"@id\":\"https:\/\/job.szczecinek.pl\/#\/schema\/logo\/image\/\",\"url\":\"https:\/\/job.szczecinek.pl\/wp-content\/uploads\/2022\/05\/job-szczecinek.jpg\",\"contentUrl\":\"https:\/\/job.szczecinek.pl\/wp-content\/uploads\/2022\/05\/job-szczecinek.jpg\",\"width\":1200,\"height\":630,\"caption\":\"JOB Szczecinek\"},\"image\":{\"@id\":\"https:\/\/job.szczecinek.pl\/#\/schema\/logo\/image\/\"}}]}<\/script>\n<!-- \/ Yoast SEO plugin. -->","yoast_head_json":{"title":"O firmie - JOB Szczecinek","description":"Firma JOB gwarantuje us\u0142ugi i produkcj\u0119 element\u00f3w gotowych wyrob\u00f3w z metalu w szerokim zakresie. Nasze produkty ,wykorzystywane s\u0105 w bran\u017cy","robots":{"index":"index","follow":"follow","max-snippet":"max-snippet:-1","max-image-preview":"max-image-preview:large","max-video-preview":"max-video-preview:-1"},"canonical":"https:\/\/job.szczecinek.pl\/de\/uber-uns\/","og_locale":"de_DE","og_type":"article","og_title":"O firmie - JOB Szczecinek","og_description":"Firma JOB gwarantuje us\u0142ugi i produkcj\u0119 element\u00f3w gotowych wyrob\u00f3w z metalu w szerokim zakresie. Nasze produkty ,wykorzystywane s\u0105 w bran\u017cy","og_url":"https:\/\/job.szczecinek.pl\/de\/uber-uns\/","og_site_name":"JOB Szczecinek","article_modified_time":"2024-06-18T09:40:48+00:00","og_image":[{"width":1920,"height":900,"url":"https:\/\/job.szczecinek.pl\/wp-content\/uploads\/2022\/04\/header-1.jpg","type":"image\/jpeg"}],"twitter_card":"summary_large_image","twitter_misc":{"Gesch\u00e4tzte Lesezeit":"1\u00a0Minute"},"schema":{"@context":"https:\/\/schema.org","@graph":[{"@type":"WebPage","@id":"https:\/\/job.szczecinek.pl\/o-firmie\/","url":"https:\/\/job.szczecinek.pl\/o-firmie\/","name":"O firmie - JOB Szczecinek","isPartOf":{"@id":"https:\/\/job.szczecinek.pl\/#website"},"primaryImageOfPage":{"@id":"https:\/\/job.szczecinek.pl\/o-firmie\/#primaryimage"},"image":{"@id":"https:\/\/job.szczecinek.pl\/o-firmie\/#primaryimage"},"thumbnailUrl":"https:\/\/job.szczecinek.pl\/wp-content\/uploads\/2022\/04\/header-1.jpg","datePublished":"2022-04-25T08:27:00+00:00","dateModified":"2024-06-18T09:40:48+00:00","description":"Firma JOB gwarantuje us\u0142ugi i produkcj\u0119 element\u00f3w gotowych wyrob\u00f3w z metalu w szerokim zakresie. Nasze produkty ,wykorzystywane s\u0105 w bran\u017cy","inLanguage":"de","potentialAction":[{"@type":"ReadAction","target":["https:\/\/job.szczecinek.pl\/o-firmie\/"]}]},{"@type":"ImageObject","inLanguage":"de","@id":"https:\/\/job.szczecinek.pl\/o-firmie\/#primaryimage","url":"https:\/\/job.szczecinek.pl\/wp-content\/uploads\/2022\/04\/header-1.jpg","contentUrl":"https:\/\/job.szczecinek.pl\/wp-content\/uploads\/2022\/04\/header-1.jpg","width":1920,"height":900},{"@type":"WebSite","@id":"https:\/\/job.szczecinek.pl\/#website","url":"https:\/\/job.szczecinek.pl\/","name":"JOB Szczecinek","description":"Wyroby metalowe","publisher":{"@id":"https:\/\/job.szczecinek.pl\/#organization"},"potentialAction":[{"@type":"SearchAction","target":{"@type":"EntryPoint","urlTemplate":"https:\/\/job.szczecinek.pl\/?s={search_term_string}"},"query-input":{"@type":"PropertyValueSpecification","valueRequired":true,"valueName":"search_term_string"}}],"inLanguage":"de"},{"@type":"Organization","@id":"https:\/\/job.szczecinek.pl\/#organization","name":"JOB Szczecinek","url":"https:\/\/job.szczecinek.pl\/","logo":{"@type":"ImageObject","inLanguage":"de","@id":"https:\/\/job.szczecinek.pl\/#\/schema\/logo\/image\/","url":"https:\/\/job.szczecinek.pl\/wp-content\/uploads\/2022\/05\/job-szczecinek.jpg","contentUrl":"https:\/\/job.szczecinek.pl\/wp-content\/uploads\/2022\/05\/job-szczecinek.jpg","width":1200,"height":630,"caption":"JOB Szczecinek"},"image":{"@id":"https:\/\/job.szczecinek.pl\/#\/schema\/logo\/image\/"}}]}},"_links":{"self":[{"href":"https:\/\/job.szczecinek.pl\/de\/wp-json\/wp\/v2\/pages\/81","targetHints":{"allow":["GET"]}}],"collection":[{"href":"https:\/\/job.szczecinek.pl\/de\/wp-json\/wp\/v2\/pages"}],"about":[{"href":"https:\/\/job.szczecinek.pl\/de\/wp-json\/wp\/v2\/types\/page"}],"author":[{"embeddable":true,"href":"https:\/\/job.szczecinek.pl\/de\/wp-json\/wp\/v2\/users\/1"}],"replies":[{"embeddable":true,"href":"https:\/\/job.szczecinek.pl\/de\/wp-json\/wp\/v2\/comments?post=81"}],"version-history":[{"count":0,"href":"https:\/\/job.szczecinek.pl\/de\/wp-json\/wp\/v2\/pages\/81\/revisions"}],"wp:featuredmedia":[{"embeddable":true,"href":"https:\/\/job.szczecinek.pl\/de\/wp-json\/wp\/v2\/media\/74"}],"wp:attachment":[{"href":"https:\/\/job.szczecinek.pl\/de\/wp-json\/wp\/v2\/media?parent=81"}],"curies":[{"name":"wp","href":"https:\/\/api.w.org\/{rel}","templated":true}]}}