{"id":815,"date":"2020-06-08T20:44:42","date_gmt":"2020-06-08T18:44:42","guid":{"rendered":"http:\/\/stacjadezynfekujaca.com.pl\/?page_id=815"},"modified":"2022-04-25T13:34:21","modified_gmt":"2022-04-25T11:34:21","slug":"uniwersalny-kosz-na-odpady","status":"publish","type":"page","link":"https:\/\/job.szczecinek.pl\/de\/produkty\/stacje-dezynfekujace\/uniwersalny-kosz-na-odpady\/","title":{"rendered":"Universaler M\u00fclleimer"},"content":{"rendered":"<figure class=\"wp-block-image size-large\"><img decoding=\"async\" src=\"https:\/\/stacjadezynfekujaca.com.pl\/wp-content\/uploads\/2020\/07\/uniwersalny-kosz-na-odpady-1118x629.jpg\" alt=\"\" class=\"wp-image-1079\"\/><\/figure>\n\n\n\n<div class=\"wp-block-file\"><a id=\"wp-block-file--media-f5885440-4a3c-45dc-a608-14075070ba6e\" href=\"https:\/\/stacjadezynfekujaca.com.pl\/wp-content\/uploads\/2020\/08\/PDF-kompresja-7.pdf\">Spezifikation im PDF-Format<\/a><a href=\"https:\/\/stacjadezynfekujaca.com.pl\/wp-content\/uploads\/2020\/08\/PDF-kompresja-7.pdf\" class=\"wp-block-file__button\" download aria-describedby=\"wp-block-file--media-f5885440-4a3c-45dc-a608-14075070ba6e\">Pobierz<\/a><\/div>\n\n\n\n<ul class=\"wp-block-list\"><li>wykonany ze stali malowanej poliestrow\u0105 farb\u0105 proszkow\u0105 w dowolnym kolorze RAL<\/li><li>solidna, stabilna podstawa oparta na czterech n\u00f3\u017ckach<\/li><li>dopasowane, zdejmowana pokrywa z ergonomiczniem umieszczonym otworem wrzutowym<\/li><li>zabezpieczone kraw\u0119dzie otworu wrzutowego<\/li><li>mo\u017cliwo\u015b\u0107 umieszczenia dowolnego LOGA dystrybutora<\/li><li>idealnie nadaje si\u0119 do zestawu z EMST 02, EMDEZ 02, EMDEZ 04 (na wej\u015bciu ustawiamy dozownik a na wyj\u015bciu kosz)<\/li><\/ul>\n\n\n\n<h3 class=\"wp-block-heading\">Parameter<\/h3>\n\n\n\n<ul class=\"wp-block-list\"><li>gabaryty<\/li><\/ul>\n\n\n\n<ol class=\"wp-block-list\"><li>szeroko\u015b\u0107 \u2013 360 [mm]<\/li><li>wysoko\u015b\u0107 \u2013 765 [mm]<\/li><li>g\u0142\u0119boko\u015b\u0107 \u2013 360 [mm]<\/li><li>wysoko\u015b\u0107 samej pokrywy \u2013 200 [mm]<\/li><\/ol>\n\n\n\n<ul class=\"wp-block-list\"><li>pojemno\u015b\u0107 \u2013 73 L <\/li><li>waga \u2013 10,8 kg<\/li><\/ul>\n\n\n\n<h2 class=\"wp-block-heading\"><strong>Dane techniczne EMKO 01<\/strong><\/h2>\n\n\n\n<figure class=\"wp-block-image size-full\"><img decoding=\"async\" src=\"https:\/\/stacjadezynfekujaca.com.pl\/wp-content\/uploads\/2020\/07\/dane-techniczne-5.jpg\" alt=\"\" class=\"wp-image-1081\"\/><\/figure>\n\n\n\n<h4 class=\"wp-block-heading\">Produktgalerie<\/h4>\n\n\n\n<figure class=\"wp-block-gallery has-nested-images columns-default wp-block-gallery-1 is-layout-flex wp-block-gallery-is-layout-flex\">\n<figure class=\"wp-block-image size-large\"><a href=\"https:\/\/stacjadezynfekujaca.com.pl\/wp-content\/uploads\/2020\/07\/RAW07492-419x629.jpg\"><img decoding=\"async\" data-id=\"1073\" src=\"https:\/\/stacjadezynfekujaca.com.pl\/wp-content\/uploads\/2020\/07\/RAW07492-419x629.jpg\" alt=\"\" class=\"wp-image-1073\"\/><\/a><\/figure>\n\n\n\n<figure class=\"wp-block-image size-large\"><a href=\"https:\/\/stacjadezynfekujaca.com.pl\/wp-content\/uploads\/2020\/07\/RAW07501-419x629.jpg\"><img decoding=\"async\" data-id=\"1074\" src=\"https:\/\/stacjadezynfekujaca.com.pl\/wp-content\/uploads\/2020\/07\/RAW07501-419x629.jpg\" alt=\"\" class=\"wp-image-1074\"\/><\/a><\/figure>\n\n\n\n<figure class=\"wp-block-image size-large\"><a href=\"https:\/\/stacjadezynfekujaca.com.pl\/wp-content\/uploads\/2020\/07\/kosz-419x629.jpg\"><img decoding=\"async\" data-id=\"1075\" src=\"https:\/\/stacjadezynfekujaca.com.pl\/wp-content\/uploads\/2020\/07\/kosz-419x629.jpg\" alt=\"\" class=\"wp-image-1075\"\/><\/a><\/figure>\n\n\n\n<figure class=\"wp-block-image size-large\"><a href=\"https:\/\/stacjadezynfekujaca.com.pl\/wp-content\/uploads\/2020\/07\/kosz2-419x629.jpg\"><img decoding=\"async\" data-id=\"1076\" src=\"https:\/\/stacjadezynfekujaca.com.pl\/wp-content\/uploads\/2020\/07\/kosz2-419x629.jpg\" alt=\"\" class=\"wp-image-1076\"\/><\/a><\/figure>\n\n\n\n<figure class=\"wp-block-image size-large\"><a href=\"https:\/\/stacjadezynfekujaca.com.pl\/wp-content\/uploads\/2020\/07\/RAW07487-944x629.jpg\"><img decoding=\"async\" data-id=\"1077\" src=\"https:\/\/stacjadezynfekujaca.com.pl\/wp-content\/uploads\/2020\/07\/RAW07487-944x629.jpg\" alt=\"\" class=\"wp-image-1077\"\/><\/a><\/figure>\n\n\n\n<figure class=\"wp-block-image size-large\"><a href=\"https:\/\/stacjadezynfekujaca.com.pl\/wp-content\/uploads\/2020\/07\/RAW07489-944x629.jpg\"><img decoding=\"async\" data-id=\"1078\" src=\"https:\/\/stacjadezynfekujaca.com.pl\/wp-content\/uploads\/2020\/07\/RAW07489-944x629.jpg\" alt=\"\" class=\"wp-image-1078\"\/><\/a><\/figure>\n<\/figure>\n\n\n\n<h3 class=\"wp-block-heading\">Technische Zeichnung<\/h3>\n\n\n\n<figure class=\"wp-block-image size-large\"><img decoding=\"async\" src=\"https:\/\/stacjadezynfekujaca.com.pl\/wp-content\/uploads\/2020\/07\/kosz-szkic-825x629.jpg\" alt=\"\" class=\"wp-image-1082\"\/><\/figure>","protected":false},"excerpt":{"rendered":"<p>wykonany ze stali malowanej poliestrow\u0105 farb\u0105 proszkow\u0105 w dowolnym kolorze RAL solidna, stabilna podstawa oparta na czterech n\u00f3\u017ckach dopasowane, zdejmowana pokrywa z ergonomiczniem umieszczonym otworem&#8230;<\/p>","protected":false},"author":1,"featured_media":304,"parent":303,"menu_order":0,"comment_status":"closed","ping_status":"closed","template":"","meta":{"_acf_changed":false,"footnotes":""},"class_list":["post-815","page","type-page","status-publish","has-post-thumbnail","hentry"],"acf":[],"yoast_head":"<!-- This site is optimized with the Yoast SEO plugin v25.7 - https:\/\/yoast.com\/wordpress\/plugins\/seo\/ -->\n<title>Uniwersalny kosz na odpady - JOB Szczecinek<\/title>\n<meta name=\"description\" content=\"Specyfikacja w formacie PDFPobierz wykonany ze stali malowanej poliestrow\u0105 farb\u0105 proszkow\u0105 w dowolnym kolorze RALsolidna, stabilna podstawa oparta na\" \/>\n<meta name=\"robots\" content=\"index, follow, max-snippet:-1, max-image-preview:large, max-video-preview:-1\" \/>\n<link rel=\"canonical\" href=\"https:\/\/job.szczecinek.pl\/de\/produkty\/stacje-dezynfekujace\/uniwersalny-kosz-na-odpady\/\" \/>\n<meta property=\"og:locale\" content=\"de_DE\" \/>\n<meta property=\"og:type\" content=\"article\" \/>\n<meta property=\"og:title\" content=\"Uniwersalny kosz na odpady - JOB Szczecinek\" \/>\n<meta property=\"og:description\" content=\"Specyfikacja w formacie PDFPobierz wykonany ze stali malowanej poliestrow\u0105 farb\u0105 proszkow\u0105 w dowolnym kolorze RALsolidna, stabilna podstawa oparta na\" \/>\n<meta property=\"og:url\" content=\"https:\/\/job.szczecinek.pl\/de\/produkty\/stacje-dezynfekujace\/uniwersalny-kosz-na-odpady\/\" \/>\n<meta property=\"og:site_name\" content=\"JOB Szczecinek\" \/>\n<meta property=\"article:modified_time\" content=\"2022-04-25T11:34:21+00:00\" \/>\n<meta property=\"og:image\" content=\"https:\/\/job.szczecinek.pl\/wp-content\/uploads\/2022\/04\/zdjecie.jpg\" \/>\n\t<meta property=\"og:image:width\" content=\"1920\" \/>\n\t<meta property=\"og:image:height\" content=\"1280\" \/>\n\t<meta property=\"og:image:type\" content=\"image\/jpeg\" \/>\n<meta name=\"twitter:card\" content=\"summary_large_image\" \/>\n<script type=\"application\/ld+json\" class=\"yoast-schema-graph\">{\"@context\":\"https:\/\/schema.org\",\"@graph\":[{\"@type\":\"WebPage\",\"@id\":\"https:\/\/job.szczecinek.pl\/produkty\/stacje-dezynfekujace\/uniwersalny-kosz-na-odpady\/\",\"url\":\"https:\/\/job.szczecinek.pl\/produkty\/stacje-dezynfekujace\/uniwersalny-kosz-na-odpady\/\",\"name\":\"Uniwersalny kosz na odpady - JOB Szczecinek\",\"isPartOf\":{\"@id\":\"https:\/\/job.szczecinek.pl\/#website\"},\"primaryImageOfPage\":{\"@id\":\"https:\/\/job.szczecinek.pl\/produkty\/stacje-dezynfekujace\/uniwersalny-kosz-na-odpady\/#primaryimage\"},\"image\":{\"@id\":\"https:\/\/job.szczecinek.pl\/produkty\/stacje-dezynfekujace\/uniwersalny-kosz-na-odpady\/#primaryimage\"},\"thumbnailUrl\":\"https:\/\/job.szczecinek.pl\/wp-content\/uploads\/2022\/04\/zdjecie.jpg\",\"datePublished\":\"2020-06-08T18:44:42+00:00\",\"dateModified\":\"2022-04-25T11:34:21+00:00\",\"description\":\"Specyfikacja w formacie PDFPobierz wykonany ze stali malowanej poliestrow\u0105 farb\u0105 proszkow\u0105 w dowolnym kolorze RALsolidna, stabilna podstawa oparta na\",\"breadcrumb\":{\"@id\":\"https:\/\/job.szczecinek.pl\/produkty\/stacje-dezynfekujace\/uniwersalny-kosz-na-odpady\/#breadcrumb\"},\"inLanguage\":\"de\",\"potentialAction\":[{\"@type\":\"ReadAction\",\"target\":[\"https:\/\/job.szczecinek.pl\/produkty\/stacje-dezynfekujace\/uniwersalny-kosz-na-odpady\/\"]}]},{\"@type\":\"ImageObject\",\"inLanguage\":\"de\",\"@id\":\"https:\/\/job.szczecinek.pl\/produkty\/stacje-dezynfekujace\/uniwersalny-kosz-na-odpady\/#primaryimage\",\"url\":\"https:\/\/job.szczecinek.pl\/wp-content\/uploads\/2022\/04\/zdjecie.jpg\",\"contentUrl\":\"https:\/\/job.szczecinek.pl\/wp-content\/uploads\/2022\/04\/zdjecie.jpg\",\"width\":1920,\"height\":1280},{\"@type\":\"BreadcrumbList\",\"@id\":\"https:\/\/job.szczecinek.pl\/produkty\/stacje-dezynfekujace\/uniwersalny-kosz-na-odpady\/#breadcrumb\",\"itemListElement\":[{\"@type\":\"ListItem\",\"position\":1,\"name\":\"Produkty\",\"item\":\"https:\/\/job.szczecinek.pl\/produkty\/\"},{\"@type\":\"ListItem\",\"position\":2,\"name\":\"Stacje dezynfekuj\u0105ce\",\"item\":\"https:\/\/job.szczecinek.pl\/produkty\/stacje-dezynfekujace\/\"},{\"@type\":\"ListItem\",\"position\":3,\"name\":\"Uniwersalny kosz na odpady\"}]},{\"@type\":\"WebSite\",\"@id\":\"https:\/\/job.szczecinek.pl\/#website\",\"url\":\"https:\/\/job.szczecinek.pl\/\",\"name\":\"JOB Szczecinek\",\"description\":\"Wyroby metalowe\",\"publisher\":{\"@id\":\"https:\/\/job.szczecinek.pl\/#organization\"},\"potentialAction\":[{\"@type\":\"SearchAction\",\"target\":{\"@type\":\"EntryPoint\",\"urlTemplate\":\"https:\/\/job.szczecinek.pl\/?s={search_term_string}\"},\"query-input\":{\"@type\":\"PropertyValueSpecification\",\"valueRequired\":true,\"valueName\":\"search_term_string\"}}],\"inLanguage\":\"de\"},{\"@type\":\"Organization\",\"@id\":\"https:\/\/job.szczecinek.pl\/#organization\",\"name\":\"JOB Szczecinek\",\"url\":\"https:\/\/job.szczecinek.pl\/\",\"logo\":{\"@type\":\"ImageObject\",\"inLanguage\":\"de\",\"@id\":\"https:\/\/job.szczecinek.pl\/#\/schema\/logo\/image\/\",\"url\":\"https:\/\/job.szczecinek.pl\/wp-content\/uploads\/2022\/05\/job-szczecinek.jpg\",\"contentUrl\":\"https:\/\/job.szczecinek.pl\/wp-content\/uploads\/2022\/05\/job-szczecinek.jpg\",\"width\":1200,\"height\":630,\"caption\":\"JOB Szczecinek\"},\"image\":{\"@id\":\"https:\/\/job.szczecinek.pl\/#\/schema\/logo\/image\/\"}}]}<\/script>\n<!-- \/ Yoast SEO plugin. -->","yoast_head_json":{"title":"Uniwersalny kosz na odpady - JOB Szczecinek","description":"Specyfikacja w formacie PDFPobierz wykonany ze stali malowanej poliestrow\u0105 farb\u0105 proszkow\u0105 w dowolnym kolorze RALsolidna, stabilna podstawa oparta na","robots":{"index":"index","follow":"follow","max-snippet":"max-snippet:-1","max-image-preview":"max-image-preview:large","max-video-preview":"max-video-preview:-1"},"canonical":"https:\/\/job.szczecinek.pl\/de\/produkty\/stacje-dezynfekujace\/uniwersalny-kosz-na-odpady\/","og_locale":"de_DE","og_type":"article","og_title":"Uniwersalny kosz na odpady - JOB Szczecinek","og_description":"Specyfikacja w formacie PDFPobierz wykonany ze stali malowanej poliestrow\u0105 farb\u0105 proszkow\u0105 w dowolnym kolorze RALsolidna, stabilna podstawa oparta na","og_url":"https:\/\/job.szczecinek.pl\/de\/produkty\/stacje-dezynfekujace\/uniwersalny-kosz-na-odpady\/","og_site_name":"JOB Szczecinek","article_modified_time":"2022-04-25T11:34:21+00:00","og_image":[{"width":1920,"height":1280,"url":"https:\/\/job.szczecinek.pl\/wp-content\/uploads\/2022\/04\/zdjecie.jpg","type":"image\/jpeg"}],"twitter_card":"summary_large_image","schema":{"@context":"https:\/\/schema.org","@graph":[{"@type":"WebPage","@id":"https:\/\/job.szczecinek.pl\/produkty\/stacje-dezynfekujace\/uniwersalny-kosz-na-odpady\/","url":"https:\/\/job.szczecinek.pl\/produkty\/stacje-dezynfekujace\/uniwersalny-kosz-na-odpady\/","name":"Uniwersalny kosz na odpady - JOB Szczecinek","isPartOf":{"@id":"https:\/\/job.szczecinek.pl\/#website"},"primaryImageOfPage":{"@id":"https:\/\/job.szczecinek.pl\/produkty\/stacje-dezynfekujace\/uniwersalny-kosz-na-odpady\/#primaryimage"},"image":{"@id":"https:\/\/job.szczecinek.pl\/produkty\/stacje-dezynfekujace\/uniwersalny-kosz-na-odpady\/#primaryimage"},"thumbnailUrl":"https:\/\/job.szczecinek.pl\/wp-content\/uploads\/2022\/04\/zdjecie.jpg","datePublished":"2020-06-08T18:44:42+00:00","dateModified":"2022-04-25T11:34:21+00:00","description":"Specyfikacja w formacie PDFPobierz wykonany ze stali malowanej poliestrow\u0105 farb\u0105 proszkow\u0105 w dowolnym kolorze RALsolidna, stabilna podstawa oparta na","breadcrumb":{"@id":"https:\/\/job.szczecinek.pl\/produkty\/stacje-dezynfekujace\/uniwersalny-kosz-na-odpady\/#breadcrumb"},"inLanguage":"de","potentialAction":[{"@type":"ReadAction","target":["https:\/\/job.szczecinek.pl\/produkty\/stacje-dezynfekujace\/uniwersalny-kosz-na-odpady\/"]}]},{"@type":"ImageObject","inLanguage":"de","@id":"https:\/\/job.szczecinek.pl\/produkty\/stacje-dezynfekujace\/uniwersalny-kosz-na-odpady\/#primaryimage","url":"https:\/\/job.szczecinek.pl\/wp-content\/uploads\/2022\/04\/zdjecie.jpg","contentUrl":"https:\/\/job.szczecinek.pl\/wp-content\/uploads\/2022\/04\/zdjecie.jpg","width":1920,"height":1280},{"@type":"BreadcrumbList","@id":"https:\/\/job.szczecinek.pl\/produkty\/stacje-dezynfekujace\/uniwersalny-kosz-na-odpady\/#breadcrumb","itemListElement":[{"@type":"ListItem","position":1,"name":"Produkty","item":"https:\/\/job.szczecinek.pl\/produkty\/"},{"@type":"ListItem","position":2,"name":"Stacje dezynfekuj\u0105ce","item":"https:\/\/job.szczecinek.pl\/produkty\/stacje-dezynfekujace\/"},{"@type":"ListItem","position":3,"name":"Uniwersalny kosz na odpady"}]},{"@type":"WebSite","@id":"https:\/\/job.szczecinek.pl\/#website","url":"https:\/\/job.szczecinek.pl\/","name":"JOB Szczecinek","description":"Wyroby metalowe","publisher":{"@id":"https:\/\/job.szczecinek.pl\/#organization"},"potentialAction":[{"@type":"SearchAction","target":{"@type":"EntryPoint","urlTemplate":"https:\/\/job.szczecinek.pl\/?s={search_term_string}"},"query-input":{"@type":"PropertyValueSpecification","valueRequired":true,"valueName":"search_term_string"}}],"inLanguage":"de"},{"@type":"Organization","@id":"https:\/\/job.szczecinek.pl\/#organization","name":"JOB Szczecinek","url":"https:\/\/job.szczecinek.pl\/","logo":{"@type":"ImageObject","inLanguage":"de","@id":"https:\/\/job.szczecinek.pl\/#\/schema\/logo\/image\/","url":"https:\/\/job.szczecinek.pl\/wp-content\/uploads\/2022\/05\/job-szczecinek.jpg","contentUrl":"https:\/\/job.szczecinek.pl\/wp-content\/uploads\/2022\/05\/job-szczecinek.jpg","width":1200,"height":630,"caption":"JOB Szczecinek"},"image":{"@id":"https:\/\/job.szczecinek.pl\/#\/schema\/logo\/image\/"}}]}},"_links":{"self":[{"href":"https:\/\/job.szczecinek.pl\/de\/wp-json\/wp\/v2\/pages\/815","targetHints":{"allow":["GET"]}}],"collection":[{"href":"https:\/\/job.szczecinek.pl\/de\/wp-json\/wp\/v2\/pages"}],"about":[{"href":"https:\/\/job.szczecinek.pl\/de\/wp-json\/wp\/v2\/types\/page"}],"author":[{"embeddable":true,"href":"https:\/\/job.szczecinek.pl\/de\/wp-json\/wp\/v2\/users\/1"}],"replies":[{"embeddable":true,"href":"https:\/\/job.szczecinek.pl\/de\/wp-json\/wp\/v2\/comments?post=815"}],"version-history":[{"count":0,"href":"https:\/\/job.szczecinek.pl\/de\/wp-json\/wp\/v2\/pages\/815\/revisions"}],"up":[{"embeddable":true,"href":"https:\/\/job.szczecinek.pl\/de\/wp-json\/wp\/v2\/pages\/303"}],"wp:featuredmedia":[{"embeddable":true,"href":"https:\/\/job.szczecinek.pl\/de\/wp-json\/wp\/v2\/media\/304"}],"wp:attachment":[{"href":"https:\/\/job.szczecinek.pl\/de\/wp-json\/wp\/v2\/media?parent=815"}],"curies":[{"name":"wp","href":"https:\/\/api.w.org\/{rel}","templated":true}]}}