{"id":818,"date":"2020-06-08T20:45:12","date_gmt":"2020-06-08T18:45:12","guid":{"rendered":"http:\/\/stacjadezynfekujaca.com.pl\/?page_id=818"},"modified":"2022-04-25T13:34:37","modified_gmt":"2022-04-25T11:34:37","slug":"sterylizator-powietrza","status":"publish","type":"page","link":"https:\/\/job.szczecinek.pl\/de\/produkty\/stacje-dezynfekujace\/sterylizator-powietrza\/","title":{"rendered":"Luftsterilisator EMSP 01"},"content":{"rendered":"<figure class=\"wp-block-image size-large\"><img decoding=\"async\" src=\"https:\/\/stacjadezynfekujaca.com.pl\/wp-content\/uploads\/2020\/07\/sterylizator-powietrza-1118x629.jpg\" alt=\"\" class=\"wp-image-1032\"\/><\/figure>\n\n\n\n<div class=\"wp-block-file\"><a id=\"wp-block-file--media-8b00670f-e039-4530-b060-880b8d238142\" href=\"https:\/\/stacjadezynfekujaca.com.pl\/wp-content\/uploads\/2020\/08\/Sterylizator-kompresja.pdf\">Spezifikation im PDF-Format<\/a><a href=\"https:\/\/stacjadezynfekujaca.com.pl\/wp-content\/uploads\/2020\/08\/Sterylizator-kompresja.pdf\" class=\"wp-block-file__button\" download aria-describedby=\"wp-block-file--media-8b00670f-e039-4530-b060-880b8d238142\">Pobierz<\/a><\/div>\n\n\n\n<ul class=\"wp-block-list\"><li>sterylizator wykorzystuj\u0105cy w\u0142a\u015bciwo\u015bci promieniowania ultrafioletowego typu UV-C, niszcz\u0105cego bakterie, wirusy oraz drobnoustroje chorobotw\u00f3rcze<\/li><li>zastosowany wymienny filtr w\u0119glowy usuwaj\u0105cy z zasysanego powietrza z pomieszczenia szkodliwych substancji, typu zarodniki ple\u015bni, gazy z dymu papierosowego, szkodliwe i przykre opary, sier\u015b\u0107 zwierz\u0119ca itp.<\/li><li>konstrukcja urz\u0105dzenia zapewnia ca\u0142kowit\u0105 izolacj\u0119 od szkodliwego promieniowa UV-C i bezpiecze\u0144stwo przeciwpora\u017ceniowe<\/li><li>wszechstronne zastosowanie w pomieszczeniach gdzie mog\u0105 przebywa\u0107 ludzie<\/li><li>wykonany z blachy stalowej malowanej poliestrow\u0105 farb\u0105 proszkow\u0105 w dowolnym kolorze RAL<\/li><li>mo\u017cliwo\u015b\u0107 samodzielnego ustawienia na dowolnej p\u0142askiej powierzchni<\/li><li>dost\u0119p serwisowy \u2013 zdejmowana, przykr\u0119cana os\u0142ona urz\u0105dzenia<\/li><li>zastosowane elementy renomowanych producent\u00f3w PHILIPS, OSRAM zapewniaj\u0105 d\u0142ugotrwa\u0142e i bezpieczne u\u017cytkowanie<\/li><\/ul>\n\n\n\n<h3 class=\"wp-block-heading\">Parameter<\/h3>\n\n\n\n<ul class=\"wp-block-list\"><li>gabaryty<\/li><\/ul>\n\n\n\n<p>&#8211; szeroko\u015b\u0107 &#8211; 200 [mm]<br>&#8211; g\u0142\u0119boko\u015b\u0107 &#8211; 200 [mm]<br>&#8211; wysoko\u015b\u0107 &#8211; 610 [mm]<\/p>\n\n\n\n<ul class=\"wp-block-list\"><li>waga &#8211; 8,5 kg<\/li><li>wydajno\u015b\u0107 wentylatora \u2013 164 m3<\/li><li>zasilanie sieciowe &#8211; 230 VAC (L+N+PE)<\/li><li>zabezpieczenie \u2013 1 A<\/li><\/ul>\n\n\n\n<h2 class=\"wp-block-heading\"><strong>Dane techniczne stacji EMSP 01<\/strong><\/h2>\n\n\n\n<ul class=\"wp-block-list\"><li>Szeroko\u015b\u0107 200 mm<\/li><li>G\u0142\u0119boko\u015b\u0107 200 mm<\/li><li>Wysoko\u015b\u0107  610 mm<\/li><li>Waga 8,5 kg<\/li><li>Napi\u0119cie zasilania  230 VAC<\/li><li>Pob\u00f3r mocy 53 W<\/li><li>Zabezpieczenie 1 A<\/li><li>Typ lampy UVC 2 x TUV 15W SLV Philips&nbsp;&nbsp;&nbsp;&nbsp;&nbsp;&nbsp;&nbsp;&nbsp;&nbsp;&nbsp;&nbsp;&nbsp;&nbsp;&nbsp;&nbsp;&nbsp;&nbsp;&nbsp;&nbsp;&nbsp;&nbsp;&nbsp;&nbsp;&nbsp;&nbsp;&nbsp;&nbsp;&nbsp; &nbsp;&nbsp;&nbsp;&nbsp;&nbsp;&nbsp;&nbsp;&nbsp;&nbsp;&nbsp;&nbsp;&nbsp;&nbsp;&nbsp;<\/li><li>Statecznik elektroniczny QTZ82X18 Osram<\/li><li>Moc promieniowania UVC  2 x 4,9 W<\/li><li>Powierzchnia filtru w\u0119glowego 225  cm<strong><sup>2<\/sup><\/strong>&nbsp;&nbsp;&nbsp;&nbsp;&nbsp;<\/li><li>Wydajno\u015b\u0107 wentylatora 163 m<strong><sup>3<\/sup><\/strong><\/li><li>Poziom ha\u0142asu wentylatora 45&nbsp;dBA<\/li><\/ul>\n\n\n\n<figure class=\"wp-block-image size-full\"><img decoding=\"async\" src=\"https:\/\/stacjadezynfekujaca.com.pl\/wp-content\/uploads\/2020\/06\/specyfikacja.jpg\" alt=\"\" class=\"wp-image-833\"\/><\/figure>\n\n\n\n<h4 class=\"wp-block-heading\">Produktgalerie<\/h4>\n\n\n\n<figure class=\"wp-block-gallery has-nested-images columns-3 wp-block-gallery-1 is-layout-flex wp-block-gallery-is-layout-flex\">\n<figure class=\"wp-block-image size-large\"><a href=\"https:\/\/stacjadezynfekujaca.com.pl\/wp-content\/uploads\/2020\/07\/s\u0142awomir_k\u0142uciejasz-0028-419x629.jpg\"><img decoding=\"async\" data-id=\"1035\" src=\"https:\/\/stacjadezynfekujaca.com.pl\/wp-content\/uploads\/2020\/07\/s\u0142awomir_k\u0142uciejasz-0028-419x629.jpg\" alt=\"\" class=\"wp-image-1035\"\/><\/a><\/figure>\n\n\n\n<figure class=\"wp-block-image size-large\"><a href=\"https:\/\/stacjadezynfekujaca.com.pl\/wp-content\/uploads\/2020\/07\/IMG_20200701_152754601-472x629.jpg\"><img decoding=\"async\" data-id=\"1036\" src=\"https:\/\/stacjadezynfekujaca.com.pl\/wp-content\/uploads\/2020\/07\/IMG_20200701_152754601-472x629.jpg\" alt=\"\" class=\"wp-image-1036\"\/><\/a><\/figure>\n\n\n\n<figure class=\"wp-block-image size-large\"><a href=\"https:\/\/stacjadezynfekujaca.com.pl\/wp-content\/uploads\/2020\/07\/s\u0142awomir_k\u0142uciejasz-0012-419x629.jpg\"><img decoding=\"async\" data-id=\"1033\" src=\"https:\/\/stacjadezynfekujaca.com.pl\/wp-content\/uploads\/2020\/07\/s\u0142awomir_k\u0142uciejasz-0012-419x629.jpg\" alt=\"\" class=\"wp-image-1033\"\/><\/a><\/figure>\n\n\n\n<figure class=\"wp-block-image size-large\"><a href=\"https:\/\/stacjadezynfekujaca.com.pl\/wp-content\/uploads\/2020\/07\/s\u0142awomir_k\u0142uciejasz-0013-944x629.jpg\"><img decoding=\"async\" data-id=\"1034\" src=\"https:\/\/stacjadezynfekujaca.com.pl\/wp-content\/uploads\/2020\/07\/s\u0142awomir_k\u0142uciejasz-0013-944x629.jpg\" alt=\"\" class=\"wp-image-1034\"\/><\/a><\/figure>\n\n\n\n<figure class=\"wp-block-image size-large\"><a href=\"https:\/\/stacjadezynfekujaca.com.pl\/wp-content\/uploads\/2020\/07\/s\u0142awomir_k\u0142uciejasz-0011-419x629.jpg\"><img decoding=\"async\" data-id=\"1037\" src=\"https:\/\/stacjadezynfekujaca.com.pl\/wp-content\/uploads\/2020\/07\/s\u0142awomir_k\u0142uciejasz-0011-419x629.jpg\" alt=\"\" class=\"wp-image-1037\"\/><\/a><\/figure>\n<\/figure>\n\n\n\n<h3 class=\"wp-block-heading\">Technische Zeichnung<\/h3>\n\n\n\n<figure class=\"wp-block-image size-large\"><img decoding=\"async\" src=\"https:\/\/stacjadezynfekujaca.com.pl\/wp-content\/uploads\/2020\/07\/sterylizator-szkic-techniczny-579x629.jpg\" alt=\"\" class=\"wp-image-1038\"\/><\/figure>","protected":false},"excerpt":{"rendered":"<p>sterylizator wykorzystuj\u0105cy w\u0142a\u015bciwo\u015bci promieniowania ultrafioletowego typu UV-C, niszcz\u0105cego bakterie, wirusy oraz drobnoustroje chorobotw\u00f3rcze zastosowany wymienny filtr w\u0119glowy usuwaj\u0105cy z zasysanego powietrza z pomieszczenia szkodliwych substancji,&#8230;<\/p>","protected":false},"author":1,"featured_media":304,"parent":303,"menu_order":0,"comment_status":"closed","ping_status":"closed","template":"","meta":{"_acf_changed":false,"footnotes":""},"class_list":["post-818","page","type-page","status-publish","has-post-thumbnail","hentry"],"acf":[],"yoast_head":"<!-- This site is optimized with the Yoast SEO plugin v25.7 - https:\/\/yoast.com\/wordpress\/plugins\/seo\/ -->\n<title>Sterylizator powietrza EMSP 01 - JOB Szczecinek<\/title>\n<meta name=\"description\" content=\"Specyfikacja w formacie PDFPobierz sterylizator wykorzystuj\u0105cy w\u0142a\u015bciwo\u015bci promieniowania ultrafioletowego typu UV-C, niszcz\u0105cego bakterie, wirusy oraz\" \/>\n<meta name=\"robots\" content=\"index, follow, max-snippet:-1, max-image-preview:large, max-video-preview:-1\" \/>\n<link rel=\"canonical\" href=\"https:\/\/job.szczecinek.pl\/de\/produkty\/stacje-dezynfekujace\/sterylizator-powietrza\/\" \/>\n<meta property=\"og:locale\" content=\"de_DE\" \/>\n<meta property=\"og:type\" content=\"article\" \/>\n<meta property=\"og:title\" content=\"Sterylizator powietrza EMSP 01 - JOB Szczecinek\" \/>\n<meta property=\"og:description\" content=\"Specyfikacja w formacie PDFPobierz sterylizator wykorzystuj\u0105cy w\u0142a\u015bciwo\u015bci promieniowania ultrafioletowego typu UV-C, niszcz\u0105cego bakterie, wirusy oraz\" \/>\n<meta property=\"og:url\" content=\"https:\/\/job.szczecinek.pl\/de\/produkty\/stacje-dezynfekujace\/sterylizator-powietrza\/\" \/>\n<meta property=\"og:site_name\" content=\"JOB Szczecinek\" \/>\n<meta property=\"article:modified_time\" content=\"2022-04-25T11:34:37+00:00\" \/>\n<meta property=\"og:image\" content=\"https:\/\/job.szczecinek.pl\/wp-content\/uploads\/2022\/04\/zdjecie.jpg\" \/>\n\t<meta property=\"og:image:width\" content=\"1920\" \/>\n\t<meta property=\"og:image:height\" content=\"1280\" \/>\n\t<meta property=\"og:image:type\" content=\"image\/jpeg\" \/>\n<meta name=\"twitter:card\" content=\"summary_large_image\" \/>\n<meta name=\"twitter:label1\" content=\"Gesch\u00e4tzte Lesezeit\" \/>\n\t<meta name=\"twitter:data1\" content=\"1\u00a0Minute\" \/>\n<script type=\"application\/ld+json\" class=\"yoast-schema-graph\">{\"@context\":\"https:\/\/schema.org\",\"@graph\":[{\"@type\":\"WebPage\",\"@id\":\"https:\/\/job.szczecinek.pl\/produkty\/stacje-dezynfekujace\/sterylizator-powietrza\/\",\"url\":\"https:\/\/job.szczecinek.pl\/produkty\/stacje-dezynfekujace\/sterylizator-powietrza\/\",\"name\":\"Sterylizator powietrza EMSP 01 - JOB Szczecinek\",\"isPartOf\":{\"@id\":\"https:\/\/job.szczecinek.pl\/#website\"},\"primaryImageOfPage\":{\"@id\":\"https:\/\/job.szczecinek.pl\/produkty\/stacje-dezynfekujace\/sterylizator-powietrza\/#primaryimage\"},\"image\":{\"@id\":\"https:\/\/job.szczecinek.pl\/produkty\/stacje-dezynfekujace\/sterylizator-powietrza\/#primaryimage\"},\"thumbnailUrl\":\"https:\/\/job.szczecinek.pl\/wp-content\/uploads\/2022\/04\/zdjecie.jpg\",\"datePublished\":\"2020-06-08T18:45:12+00:00\",\"dateModified\":\"2022-04-25T11:34:37+00:00\",\"description\":\"Specyfikacja w formacie PDFPobierz sterylizator wykorzystuj\u0105cy w\u0142a\u015bciwo\u015bci promieniowania ultrafioletowego typu UV-C, niszcz\u0105cego bakterie, wirusy oraz\",\"breadcrumb\":{\"@id\":\"https:\/\/job.szczecinek.pl\/produkty\/stacje-dezynfekujace\/sterylizator-powietrza\/#breadcrumb\"},\"inLanguage\":\"de\",\"potentialAction\":[{\"@type\":\"ReadAction\",\"target\":[\"https:\/\/job.szczecinek.pl\/produkty\/stacje-dezynfekujace\/sterylizator-powietrza\/\"]}]},{\"@type\":\"ImageObject\",\"inLanguage\":\"de\",\"@id\":\"https:\/\/job.szczecinek.pl\/produkty\/stacje-dezynfekujace\/sterylizator-powietrza\/#primaryimage\",\"url\":\"https:\/\/job.szczecinek.pl\/wp-content\/uploads\/2022\/04\/zdjecie.jpg\",\"contentUrl\":\"https:\/\/job.szczecinek.pl\/wp-content\/uploads\/2022\/04\/zdjecie.jpg\",\"width\":1920,\"height\":1280},{\"@type\":\"BreadcrumbList\",\"@id\":\"https:\/\/job.szczecinek.pl\/produkty\/stacje-dezynfekujace\/sterylizator-powietrza\/#breadcrumb\",\"itemListElement\":[{\"@type\":\"ListItem\",\"position\":1,\"name\":\"Produkty\",\"item\":\"https:\/\/job.szczecinek.pl\/produkty\/\"},{\"@type\":\"ListItem\",\"position\":2,\"name\":\"Stacje dezynfekuj\u0105ce\",\"item\":\"https:\/\/job.szczecinek.pl\/produkty\/stacje-dezynfekujace\/\"},{\"@type\":\"ListItem\",\"position\":3,\"name\":\"Sterylizator powietrza EMSP 01\"}]},{\"@type\":\"WebSite\",\"@id\":\"https:\/\/job.szczecinek.pl\/#website\",\"url\":\"https:\/\/job.szczecinek.pl\/\",\"name\":\"JOB Szczecinek\",\"description\":\"Wyroby metalowe\",\"publisher\":{\"@id\":\"https:\/\/job.szczecinek.pl\/#organization\"},\"potentialAction\":[{\"@type\":\"SearchAction\",\"target\":{\"@type\":\"EntryPoint\",\"urlTemplate\":\"https:\/\/job.szczecinek.pl\/?s={search_term_string}\"},\"query-input\":{\"@type\":\"PropertyValueSpecification\",\"valueRequired\":true,\"valueName\":\"search_term_string\"}}],\"inLanguage\":\"de\"},{\"@type\":\"Organization\",\"@id\":\"https:\/\/job.szczecinek.pl\/#organization\",\"name\":\"JOB Szczecinek\",\"url\":\"https:\/\/job.szczecinek.pl\/\",\"logo\":{\"@type\":\"ImageObject\",\"inLanguage\":\"de\",\"@id\":\"https:\/\/job.szczecinek.pl\/#\/schema\/logo\/image\/\",\"url\":\"https:\/\/job.szczecinek.pl\/wp-content\/uploads\/2022\/05\/job-szczecinek.jpg\",\"contentUrl\":\"https:\/\/job.szczecinek.pl\/wp-content\/uploads\/2022\/05\/job-szczecinek.jpg\",\"width\":1200,\"height\":630,\"caption\":\"JOB Szczecinek\"},\"image\":{\"@id\":\"https:\/\/job.szczecinek.pl\/#\/schema\/logo\/image\/\"}}]}<\/script>\n<!-- \/ Yoast SEO plugin. -->","yoast_head_json":{"title":"Sterylizator powietrza EMSP 01 - JOB Szczecinek","description":"Specyfikacja w formacie PDFPobierz sterylizator wykorzystuj\u0105cy w\u0142a\u015bciwo\u015bci promieniowania ultrafioletowego typu UV-C, niszcz\u0105cego bakterie, wirusy oraz","robots":{"index":"index","follow":"follow","max-snippet":"max-snippet:-1","max-image-preview":"max-image-preview:large","max-video-preview":"max-video-preview:-1"},"canonical":"https:\/\/job.szczecinek.pl\/de\/produkty\/stacje-dezynfekujace\/sterylizator-powietrza\/","og_locale":"de_DE","og_type":"article","og_title":"Sterylizator powietrza EMSP 01 - JOB Szczecinek","og_description":"Specyfikacja w formacie PDFPobierz sterylizator wykorzystuj\u0105cy w\u0142a\u015bciwo\u015bci promieniowania ultrafioletowego typu UV-C, niszcz\u0105cego bakterie, wirusy oraz","og_url":"https:\/\/job.szczecinek.pl\/de\/produkty\/stacje-dezynfekujace\/sterylizator-powietrza\/","og_site_name":"JOB Szczecinek","article_modified_time":"2022-04-25T11:34:37+00:00","og_image":[{"width":1920,"height":1280,"url":"https:\/\/job.szczecinek.pl\/wp-content\/uploads\/2022\/04\/zdjecie.jpg","type":"image\/jpeg"}],"twitter_card":"summary_large_image","twitter_misc":{"Gesch\u00e4tzte Lesezeit":"1\u00a0Minute"},"schema":{"@context":"https:\/\/schema.org","@graph":[{"@type":"WebPage","@id":"https:\/\/job.szczecinek.pl\/produkty\/stacje-dezynfekujace\/sterylizator-powietrza\/","url":"https:\/\/job.szczecinek.pl\/produkty\/stacje-dezynfekujace\/sterylizator-powietrza\/","name":"Sterylizator powietrza EMSP 01 - JOB Szczecinek","isPartOf":{"@id":"https:\/\/job.szczecinek.pl\/#website"},"primaryImageOfPage":{"@id":"https:\/\/job.szczecinek.pl\/produkty\/stacje-dezynfekujace\/sterylizator-powietrza\/#primaryimage"},"image":{"@id":"https:\/\/job.szczecinek.pl\/produkty\/stacje-dezynfekujace\/sterylizator-powietrza\/#primaryimage"},"thumbnailUrl":"https:\/\/job.szczecinek.pl\/wp-content\/uploads\/2022\/04\/zdjecie.jpg","datePublished":"2020-06-08T18:45:12+00:00","dateModified":"2022-04-25T11:34:37+00:00","description":"Specyfikacja w formacie PDFPobierz sterylizator wykorzystuj\u0105cy w\u0142a\u015bciwo\u015bci promieniowania ultrafioletowego typu UV-C, niszcz\u0105cego bakterie, wirusy oraz","breadcrumb":{"@id":"https:\/\/job.szczecinek.pl\/produkty\/stacje-dezynfekujace\/sterylizator-powietrza\/#breadcrumb"},"inLanguage":"de","potentialAction":[{"@type":"ReadAction","target":["https:\/\/job.szczecinek.pl\/produkty\/stacje-dezynfekujace\/sterylizator-powietrza\/"]}]},{"@type":"ImageObject","inLanguage":"de","@id":"https:\/\/job.szczecinek.pl\/produkty\/stacje-dezynfekujace\/sterylizator-powietrza\/#primaryimage","url":"https:\/\/job.szczecinek.pl\/wp-content\/uploads\/2022\/04\/zdjecie.jpg","contentUrl":"https:\/\/job.szczecinek.pl\/wp-content\/uploads\/2022\/04\/zdjecie.jpg","width":1920,"height":1280},{"@type":"BreadcrumbList","@id":"https:\/\/job.szczecinek.pl\/produkty\/stacje-dezynfekujace\/sterylizator-powietrza\/#breadcrumb","itemListElement":[{"@type":"ListItem","position":1,"name":"Produkty","item":"https:\/\/job.szczecinek.pl\/produkty\/"},{"@type":"ListItem","position":2,"name":"Stacje dezynfekuj\u0105ce","item":"https:\/\/job.szczecinek.pl\/produkty\/stacje-dezynfekujace\/"},{"@type":"ListItem","position":3,"name":"Sterylizator powietrza EMSP 01"}]},{"@type":"WebSite","@id":"https:\/\/job.szczecinek.pl\/#website","url":"https:\/\/job.szczecinek.pl\/","name":"JOB Szczecinek","description":"Wyroby metalowe","publisher":{"@id":"https:\/\/job.szczecinek.pl\/#organization"},"potentialAction":[{"@type":"SearchAction","target":{"@type":"EntryPoint","urlTemplate":"https:\/\/job.szczecinek.pl\/?s={search_term_string}"},"query-input":{"@type":"PropertyValueSpecification","valueRequired":true,"valueName":"search_term_string"}}],"inLanguage":"de"},{"@type":"Organization","@id":"https:\/\/job.szczecinek.pl\/#organization","name":"JOB Szczecinek","url":"https:\/\/job.szczecinek.pl\/","logo":{"@type":"ImageObject","inLanguage":"de","@id":"https:\/\/job.szczecinek.pl\/#\/schema\/logo\/image\/","url":"https:\/\/job.szczecinek.pl\/wp-content\/uploads\/2022\/05\/job-szczecinek.jpg","contentUrl":"https:\/\/job.szczecinek.pl\/wp-content\/uploads\/2022\/05\/job-szczecinek.jpg","width":1200,"height":630,"caption":"JOB Szczecinek"},"image":{"@id":"https:\/\/job.szczecinek.pl\/#\/schema\/logo\/image\/"}}]}},"_links":{"self":[{"href":"https:\/\/job.szczecinek.pl\/de\/wp-json\/wp\/v2\/pages\/818","targetHints":{"allow":["GET"]}}],"collection":[{"href":"https:\/\/job.szczecinek.pl\/de\/wp-json\/wp\/v2\/pages"}],"about":[{"href":"https:\/\/job.szczecinek.pl\/de\/wp-json\/wp\/v2\/types\/page"}],"author":[{"embeddable":true,"href":"https:\/\/job.szczecinek.pl\/de\/wp-json\/wp\/v2\/users\/1"}],"replies":[{"embeddable":true,"href":"https:\/\/job.szczecinek.pl\/de\/wp-json\/wp\/v2\/comments?post=818"}],"version-history":[{"count":0,"href":"https:\/\/job.szczecinek.pl\/de\/wp-json\/wp\/v2\/pages\/818\/revisions"}],"up":[{"embeddable":true,"href":"https:\/\/job.szczecinek.pl\/de\/wp-json\/wp\/v2\/pages\/303"}],"wp:featuredmedia":[{"embeddable":true,"href":"https:\/\/job.szczecinek.pl\/de\/wp-json\/wp\/v2\/media\/304"}],"wp:attachment":[{"href":"https:\/\/job.szczecinek.pl\/de\/wp-json\/wp\/v2\/media?parent=818"}],"curies":[{"name":"wp","href":"https:\/\/api.w.org\/{rel}","templated":true}]}}