{"id":84,"date":"2022-04-25T10:27:33","date_gmt":"2022-04-25T08:27:33","guid":{"rendered":"https:\/\/job.szczecinek.pl\/?page_id=84"},"modified":"2022-04-25T10:54:22","modified_gmt":"2022-04-25T08:54:22","slug":"oferta","status":"publish","type":"page","link":"https:\/\/job.szczecinek.pl\/de\/angebot\/","title":{"rendered":"Angebot"},"content":{"rendered":"<p>Die Firma JOB garantiert die Verarbeitung von Materialien nach modernsten Technologien. Die Blechbearbeitung, Profilbearbeitung sowie die Verarbeitung von Elementen zu Halbfabrikaten oder Endprodukten sind Teil unseres Produktionsangebots.<\/p>\n\n\n\n<p>Wir verarbeiten Blechplatten, Profile und Flachst\u00e4be aus Schwarzstahl, Aluminium und Kupfer. Alles erfolgt gem\u00e4\u00df den Anforderungen und Erwartungen unserer Kunden. Die Endverpackung und der direkte Versand sind Teil unseres Serviceangebots.<\/p>\n\n\n\n<p>Proces produkcyjny jest rozpoczynany po akceptacji projektu, dokumentacji, szkicu lub dostarczonego wzoru przez Klienta. W przypadku gotowego produktu wystarczy z\u0142o\u017cone zam\u00f3wienie.<\/p>\n\n\n\n<p>W oparciu o przedstawione wytyczne dotycz\u0105ce rodzaju materia\u0142u, planowanych ilo\u015bci, oczekiwanych poziom\u00f3w cen uzyskujecie Pa\u0144stwo:<\/p>\n\n\n\n<ul class=\"wp-block-list\"><li>kalkulacj\u0119,<\/li><li>dokumentacj\u0119,<\/li><li>modele, wzory, prototypy,<\/li><li>produkcj\u0119 seryjn\u0105 wszelkiego rodzaju element\u00f3w toczonych, obud\u00f3w, szaf, tablic, gablot, stojak\u00f3w, szkielet\u00f3w, ram, os\u0142on, kaset, p\u00f3\u0142ek bateryjnych, pojemnik\u00f3w, wspornik\u00f3w, element\u00f3w gi\u0119tych z rur, profili gi\u0119tych, wyrob\u00f3w gotowych i innych element\u00f3w.<\/li><li>Zakres naszej oferty obejmuje:<\/li><li>Wykorzystanie wykrawarek sterowanych numerycznie, pras kraw\u0119dziowych, mo\u017cliwo\u015b\u0107 wciskania element\u00f3w z\u0142\u0105cznych typu PEM, spawanie, zgrzewanie, wykonanie element\u00f3w metod\u0105 obr\u00f3bki wi\u00f3rowej, ci\u0119cie laserem, monta\u017c podzespo\u0142\u00f3w, sitodruk oraz malowanie metod\u0105 proszkow\u0105, drukowanie naklejek i oznacze\u0144 na wysoko wyspecjalizowanym sprz\u0119cie.<\/li><li>kontrole wykonywanych element\u00f3w zgodn\u0105 z interpretacj\u0105 normy ISO 9001:2000 i systemu Kaizen,<\/li><li>Pakowanie na czas transportu i pakowanie indywidualne. Zamawiany towar pakowany jest wed\u0142ug instrukcji klienta lub standardowo.<\/li><li>transport na potrzeby Klienta. Dysponujemy mo\u017cliwo\u015bciami dostawy w okre\u015blonym czasie i w wskazane miejsce samochodami 2,4,8,15,18,32 paletowymi.<\/li><\/ul>","protected":false},"excerpt":{"rendered":"<p>Firma JOB zapewnia przetwarzanie materia\u0142\u00f3w wed\u0142ug nowoczesnych technologii. Obr\u00f3bka blach, profili oraz przetwarzanie element\u00f3w w p\u00f3\u0142-produkty lub ko\u0144cowe produkty jest cz\u0119\u015bci\u0105 naszej oferty produkcyjnej. Przetwarzamy&#8230;<\/p>","protected":false},"author":1,"featured_media":74,"parent":0,"menu_order":0,"comment_status":"closed","ping_status":"closed","template":"","meta":{"_acf_changed":false,"footnotes":""},"class_list":["post-84","page","type-page","status-publish","has-post-thumbnail","hentry"],"acf":[],"yoast_head":"<!-- This site is optimized with the Yoast SEO plugin v25.7 - https:\/\/yoast.com\/wordpress\/plugins\/seo\/ -->\n<title>Oferta - JOB Szczecinek<\/title>\n<meta name=\"description\" content=\"Firma JOB zapewnia przetwarzanie materia\u0142\u00f3w wed\u0142ug nowoczesnych technologii. Obr\u00f3bka blach, profili oraz przetwarzanie element\u00f3w w p\u00f3\u0142-produkty lub\" \/>\n<meta name=\"robots\" content=\"index, follow, max-snippet:-1, max-image-preview:large, max-video-preview:-1\" \/>\n<link rel=\"canonical\" href=\"https:\/\/job.szczecinek.pl\/de\/angebot\/\" \/>\n<meta property=\"og:locale\" content=\"de_DE\" \/>\n<meta property=\"og:type\" content=\"article\" \/>\n<meta property=\"og:title\" content=\"Oferta - JOB Szczecinek\" \/>\n<meta property=\"og:description\" content=\"Firma JOB zapewnia przetwarzanie materia\u0142\u00f3w wed\u0142ug nowoczesnych technologii. Obr\u00f3bka blach, profili oraz przetwarzanie element\u00f3w w p\u00f3\u0142-produkty lub\" \/>\n<meta property=\"og:url\" content=\"https:\/\/job.szczecinek.pl\/de\/angebot\/\" \/>\n<meta property=\"og:site_name\" content=\"JOB Szczecinek\" \/>\n<meta property=\"article:modified_time\" content=\"2022-04-25T08:54:22+00:00\" \/>\n<meta property=\"og:image\" content=\"https:\/\/job.szczecinek.pl\/wp-content\/uploads\/2022\/04\/header-1.jpg\" \/>\n\t<meta property=\"og:image:width\" content=\"1920\" \/>\n\t<meta property=\"og:image:height\" content=\"900\" \/>\n\t<meta property=\"og:image:type\" content=\"image\/jpeg\" \/>\n<meta name=\"twitter:card\" content=\"summary_large_image\" \/>\n<meta name=\"twitter:label1\" content=\"Gesch\u00e4tzte Lesezeit\" \/>\n\t<meta name=\"twitter:data1\" content=\"1\u00a0Minute\" \/>\n<script type=\"application\/ld+json\" class=\"yoast-schema-graph\">{\"@context\":\"https:\/\/schema.org\",\"@graph\":[{\"@type\":\"WebPage\",\"@id\":\"https:\/\/job.szczecinek.pl\/oferta\/\",\"url\":\"https:\/\/job.szczecinek.pl\/oferta\/\",\"name\":\"Oferta - JOB Szczecinek\",\"isPartOf\":{\"@id\":\"https:\/\/job.szczecinek.pl\/#website\"},\"primaryImageOfPage\":{\"@id\":\"https:\/\/job.szczecinek.pl\/oferta\/#primaryimage\"},\"image\":{\"@id\":\"https:\/\/job.szczecinek.pl\/oferta\/#primaryimage\"},\"thumbnailUrl\":\"https:\/\/job.szczecinek.pl\/wp-content\/uploads\/2022\/04\/header-1.jpg\",\"datePublished\":\"2022-04-25T08:27:33+00:00\",\"dateModified\":\"2022-04-25T08:54:22+00:00\",\"description\":\"Firma JOB zapewnia przetwarzanie materia\u0142\u00f3w wed\u0142ug nowoczesnych technologii. Obr\u00f3bka blach, profili oraz przetwarzanie element\u00f3w w p\u00f3\u0142-produkty lub\",\"inLanguage\":\"de\",\"potentialAction\":[{\"@type\":\"ReadAction\",\"target\":[\"https:\/\/job.szczecinek.pl\/oferta\/\"]}]},{\"@type\":\"ImageObject\",\"inLanguage\":\"de\",\"@id\":\"https:\/\/job.szczecinek.pl\/oferta\/#primaryimage\",\"url\":\"https:\/\/job.szczecinek.pl\/wp-content\/uploads\/2022\/04\/header-1.jpg\",\"contentUrl\":\"https:\/\/job.szczecinek.pl\/wp-content\/uploads\/2022\/04\/header-1.jpg\",\"width\":1920,\"height\":900},{\"@type\":\"WebSite\",\"@id\":\"https:\/\/job.szczecinek.pl\/#website\",\"url\":\"https:\/\/job.szczecinek.pl\/\",\"name\":\"JOB Szczecinek\",\"description\":\"Wyroby metalowe\",\"publisher\":{\"@id\":\"https:\/\/job.szczecinek.pl\/#organization\"},\"potentialAction\":[{\"@type\":\"SearchAction\",\"target\":{\"@type\":\"EntryPoint\",\"urlTemplate\":\"https:\/\/job.szczecinek.pl\/?s={search_term_string}\"},\"query-input\":{\"@type\":\"PropertyValueSpecification\",\"valueRequired\":true,\"valueName\":\"search_term_string\"}}],\"inLanguage\":\"de\"},{\"@type\":\"Organization\",\"@id\":\"https:\/\/job.szczecinek.pl\/#organization\",\"name\":\"JOB Szczecinek\",\"url\":\"https:\/\/job.szczecinek.pl\/\",\"logo\":{\"@type\":\"ImageObject\",\"inLanguage\":\"de\",\"@id\":\"https:\/\/job.szczecinek.pl\/#\/schema\/logo\/image\/\",\"url\":\"https:\/\/job.szczecinek.pl\/wp-content\/uploads\/2022\/05\/job-szczecinek.jpg\",\"contentUrl\":\"https:\/\/job.szczecinek.pl\/wp-content\/uploads\/2022\/05\/job-szczecinek.jpg\",\"width\":1200,\"height\":630,\"caption\":\"JOB Szczecinek\"},\"image\":{\"@id\":\"https:\/\/job.szczecinek.pl\/#\/schema\/logo\/image\/\"}}]}<\/script>\n<!-- \/ Yoast SEO plugin. -->","yoast_head_json":{"title":"Oferta - JOB Szczecinek","description":"Firma JOB zapewnia przetwarzanie materia\u0142\u00f3w wed\u0142ug nowoczesnych technologii. Obr\u00f3bka blach, profili oraz przetwarzanie element\u00f3w w p\u00f3\u0142-produkty lub","robots":{"index":"index","follow":"follow","max-snippet":"max-snippet:-1","max-image-preview":"max-image-preview:large","max-video-preview":"max-video-preview:-1"},"canonical":"https:\/\/job.szczecinek.pl\/de\/angebot\/","og_locale":"de_DE","og_type":"article","og_title":"Oferta - JOB Szczecinek","og_description":"Firma JOB zapewnia przetwarzanie materia\u0142\u00f3w wed\u0142ug nowoczesnych technologii. Obr\u00f3bka blach, profili oraz przetwarzanie element\u00f3w w p\u00f3\u0142-produkty lub","og_url":"https:\/\/job.szczecinek.pl\/de\/angebot\/","og_site_name":"JOB Szczecinek","article_modified_time":"2022-04-25T08:54:22+00:00","og_image":[{"width":1920,"height":900,"url":"https:\/\/job.szczecinek.pl\/wp-content\/uploads\/2022\/04\/header-1.jpg","type":"image\/jpeg"}],"twitter_card":"summary_large_image","twitter_misc":{"Gesch\u00e4tzte Lesezeit":"1\u00a0Minute"},"schema":{"@context":"https:\/\/schema.org","@graph":[{"@type":"WebPage","@id":"https:\/\/job.szczecinek.pl\/oferta\/","url":"https:\/\/job.szczecinek.pl\/oferta\/","name":"Oferta - JOB Szczecinek","isPartOf":{"@id":"https:\/\/job.szczecinek.pl\/#website"},"primaryImageOfPage":{"@id":"https:\/\/job.szczecinek.pl\/oferta\/#primaryimage"},"image":{"@id":"https:\/\/job.szczecinek.pl\/oferta\/#primaryimage"},"thumbnailUrl":"https:\/\/job.szczecinek.pl\/wp-content\/uploads\/2022\/04\/header-1.jpg","datePublished":"2022-04-25T08:27:33+00:00","dateModified":"2022-04-25T08:54:22+00:00","description":"Firma JOB zapewnia przetwarzanie materia\u0142\u00f3w wed\u0142ug nowoczesnych technologii. Obr\u00f3bka blach, profili oraz przetwarzanie element\u00f3w w p\u00f3\u0142-produkty lub","inLanguage":"de","potentialAction":[{"@type":"ReadAction","target":["https:\/\/job.szczecinek.pl\/oferta\/"]}]},{"@type":"ImageObject","inLanguage":"de","@id":"https:\/\/job.szczecinek.pl\/oferta\/#primaryimage","url":"https:\/\/job.szczecinek.pl\/wp-content\/uploads\/2022\/04\/header-1.jpg","contentUrl":"https:\/\/job.szczecinek.pl\/wp-content\/uploads\/2022\/04\/header-1.jpg","width":1920,"height":900},{"@type":"WebSite","@id":"https:\/\/job.szczecinek.pl\/#website","url":"https:\/\/job.szczecinek.pl\/","name":"JOB Szczecinek","description":"Wyroby metalowe","publisher":{"@id":"https:\/\/job.szczecinek.pl\/#organization"},"potentialAction":[{"@type":"SearchAction","target":{"@type":"EntryPoint","urlTemplate":"https:\/\/job.szczecinek.pl\/?s={search_term_string}"},"query-input":{"@type":"PropertyValueSpecification","valueRequired":true,"valueName":"search_term_string"}}],"inLanguage":"de"},{"@type":"Organization","@id":"https:\/\/job.szczecinek.pl\/#organization","name":"JOB Szczecinek","url":"https:\/\/job.szczecinek.pl\/","logo":{"@type":"ImageObject","inLanguage":"de","@id":"https:\/\/job.szczecinek.pl\/#\/schema\/logo\/image\/","url":"https:\/\/job.szczecinek.pl\/wp-content\/uploads\/2022\/05\/job-szczecinek.jpg","contentUrl":"https:\/\/job.szczecinek.pl\/wp-content\/uploads\/2022\/05\/job-szczecinek.jpg","width":1200,"height":630,"caption":"JOB Szczecinek"},"image":{"@id":"https:\/\/job.szczecinek.pl\/#\/schema\/logo\/image\/"}}]}},"_links":{"self":[{"href":"https:\/\/job.szczecinek.pl\/de\/wp-json\/wp\/v2\/pages\/84","targetHints":{"allow":["GET"]}}],"collection":[{"href":"https:\/\/job.szczecinek.pl\/de\/wp-json\/wp\/v2\/pages"}],"about":[{"href":"https:\/\/job.szczecinek.pl\/de\/wp-json\/wp\/v2\/types\/page"}],"author":[{"embeddable":true,"href":"https:\/\/job.szczecinek.pl\/de\/wp-json\/wp\/v2\/users\/1"}],"replies":[{"embeddable":true,"href":"https:\/\/job.szczecinek.pl\/de\/wp-json\/wp\/v2\/comments?post=84"}],"version-history":[{"count":0,"href":"https:\/\/job.szczecinek.pl\/de\/wp-json\/wp\/v2\/pages\/84\/revisions"}],"wp:featuredmedia":[{"embeddable":true,"href":"https:\/\/job.szczecinek.pl\/de\/wp-json\/wp\/v2\/media\/74"}],"wp:attachment":[{"href":"https:\/\/job.szczecinek.pl\/de\/wp-json\/wp\/v2\/media?parent=84"}],"curies":[{"name":"wp","href":"https:\/\/api.w.org\/{rel}","templated":true}]}}