{"id":1001,"date":"2020-07-06T22:23:57","date_gmt":"2020-07-06T20:23:57","guid":{"rendered":"http:\/\/stacjadezynfekujaca.com.pl\/?page_id=1001"},"modified":"2022-04-25T13:34:57","modified_gmt":"2022-04-25T11:34:57","slug":"bezdotykowa-stacja-dezynfekcji-rak-emdez-03-5l","status":"publish","type":"page","link":"https:\/\/job.szczecinek.pl\/en\/produkty\/stacje-dezynfekujace\/bezdotykowa-stacja-dezynfekcji-rak-emdez-03-5l\/","title":{"rendered":"Bezdotykowa stacja dezynfekcji r\u0105k EMDEZ 03\/5L"},"content":{"rendered":"<figure class=\"wp-block-image size-large\"><img decoding=\"async\" src=\"https:\/\/stacjadezynfekujaca.com.pl\/wp-content\/uploads\/2020\/07\/Bezdotykowa-stacja-dezynfekcji-r\u0105k-EMDEZ-03-1118x629.jpg\" alt=\"\" class=\"wp-image-1002\"\/><\/figure>\n\n\n\n<div class=\"wp-block-file\"><a id=\"wp-block-file--media-471e6d2d-1e9e-4317-a629-30c035fa5260\" href=\"https:\/\/stacjadezynfekujaca.com.pl\/wp-content\/uploads\/2020\/08\/PDF-kompresja-2.pdf\">Specification in PDF format<\/a><a href=\"https:\/\/stacjadezynfekujaca.com.pl\/wp-content\/uploads\/2020\/08\/PDF-kompresja-2.pdf\" class=\"wp-block-file__button\" download aria-describedby=\"wp-block-file--media-471e6d2d-1e9e-4317-a629-30c035fa5260\">Pobierz<\/a><\/div>\n\n\n\n<div class=\"wp-block-file\"><a id=\"wp-block-file--media-c1b2d6e5-5d3c-4e89-b3af-64acf6519408\" href=\"https:\/\/stacjadezynfekujaca.com.pl\/wp-content\/uploads\/2020\/07\/Kolejno\u015b\u0107-czynno\u015bci-przygotowawcze-przy-pierwszej-instalacji-stacji-dezynfekuj\u0105cej-EMDEZ-03_5L.pdf\">Kolejno\u015b\u0107 czynno\u015bci przygotowawczej przed pierwszym u\u017cyciem<\/a><a href=\"https:\/\/stacjadezynfekujaca.com.pl\/wp-content\/uploads\/2020\/07\/Kolejno\u015b\u0107-czynno\u015bci-przygotowawcze-przy-pierwszej-instalacji-stacji-dezynfekuj\u0105cej-EMDEZ-03_5L.pdf\" class=\"wp-block-file__button\" download aria-describedby=\"wp-block-file--media-c1b2d6e5-5d3c-4e89-b3af-64acf6519408\">Pobierz<\/a><\/div>\n\n\n\n<ul class=\"wp-block-list\"><li>wykonany ze stali malowanej poliestrow\u0105 farb\u0105 proszkow\u0105 w dowolnym kolorze RAL<\/li><li>solidna, stabilna podstawa (mo\u017cliwo\u015b\u0107 mocowania do pod\u0142o\u017ca<\/li><li>wewn\u0105trz umieszczony kosz na zu\u017cyte r\u0119kawiczki jednorazowe<\/li><li>mo\u017cliwo\u015b\u0107 ustawienia przy\u015bciennego<\/li><li>dost\u0119p do wn\u0119trza w celach serwisowych przez otwierane drzwi od przodu i wysuwan\u0105 szuflad\u0119.<\/li><li>mo\u017cliwo\u015b\u0107 wyjmowana tacki na nadmiar p\u0142ynu w celu jej oczyszczenia<\/li><li>mo\u017cliwo\u015b\u0107 trzymania zapasowych r\u0119kawic, p\u0142ynu itp. wewn\u0105trz sterylizatora<\/li><li>na wyposa\u017ceniu dodatkowa kasetka umo\u017cliwiaj\u0105ca korzystanie z kartonik\u00f3w zawieraj\u0105cych r\u0119kawiczki nitrylowe, chusteczki.<\/li><li>umieszczony wewn\u0105trz bezdotykowy dozownik p\u0142ynu z mo\u017cliwo\u015bci\u0105 uzupe\u0142niania pojemnika<\/li><li>sygnalizacja stan\u00f3w alarmowych<\/li><\/ul>\n\n\n\n<h3 class=\"wp-block-heading\">Parameters<\/h3>\n\n\n\n<ul class=\"wp-block-list\"><li>wysoko\u015b\u0107 ca\u0142kowita 1 500 [mm]<\/li><li>wymiar podstawy 585 x 450 [mm x mm]<\/li><li>waga obudowy 41 kg<\/li><li>waga podstawy 17 kg<\/li><li>pojemno\u015b\u0107 zbiornika p\u0142ynu dezynfekuj\u0105cego &#8211; 5000 ml<\/li><li>zasilanie 6 baterii alkalicznych R14 lub zewn\u0119trzny zasilacz 6VDC\/1A<\/li><li>ilo\u015b\u0107 cykli na jednym komplecie baterii do 30 000 cykli<\/li><\/ul>\n\n\n\n<h3 class=\"wp-block-heading\">Dane techniczne stacji EMDEZ 03\/5L<\/h3>\n\n\n\n<figure class=\"wp-block-image size-full\"><img decoding=\"async\" src=\"https:\/\/stacjadezynfekujaca.com.pl\/wp-content\/uploads\/2020\/07\/dane-techniczne-2.jpg\" alt=\"\" class=\"wp-image-1015\"\/><\/figure>\n\n\n\n<h3 class=\"wp-block-heading\">Product gallery<\/h3>\n\n\n\n<figure class=\"wp-block-gallery has-nested-images columns-default wp-block-gallery-1 is-layout-flex wp-block-gallery-is-layout-flex\">\n<figure class=\"wp-block-image size-large\"><a href=\"https:\/\/stacjadezynfekujaca.com.pl\/wp-content\/uploads\/2020\/07\/s\u0142awomir_k\u0142uciejasz-0002-419x629.jpg\"><img decoding=\"async\" data-id=\"1003\" src=\"https:\/\/stacjadezynfekujaca.com.pl\/wp-content\/uploads\/2020\/07\/s\u0142awomir_k\u0142uciejasz-0002-419x629.jpg\" alt=\"\" class=\"wp-image-1003\"\/><\/a><\/figure>\n\n\n\n<figure class=\"wp-block-image size-large\"><a href=\"https:\/\/stacjadezynfekujaca.com.pl\/wp-content\/uploads\/2020\/07\/s\u0142awomir_k\u0142uciejasz-0003-419x629.jpg\"><img decoding=\"async\" data-id=\"1004\" src=\"https:\/\/stacjadezynfekujaca.com.pl\/wp-content\/uploads\/2020\/07\/s\u0142awomir_k\u0142uciejasz-0003-419x629.jpg\" alt=\"\" class=\"wp-image-1004\"\/><\/a><\/figure>\n\n\n\n<figure class=\"wp-block-image size-large\"><a href=\"https:\/\/stacjadezynfekujaca.com.pl\/wp-content\/uploads\/2020\/07\/s\u0142awomir_k\u0142uciejasz-0004-419x629.jpg\"><img decoding=\"async\" data-id=\"1005\" src=\"https:\/\/stacjadezynfekujaca.com.pl\/wp-content\/uploads\/2020\/07\/s\u0142awomir_k\u0142uciejasz-0004-419x629.jpg\" alt=\"\" class=\"wp-image-1005\"\/><\/a><\/figure>\n\n\n\n<figure class=\"wp-block-image size-large\"><a href=\"https:\/\/stacjadezynfekujaca.com.pl\/wp-content\/uploads\/2020\/07\/s\u0142awomir_k\u0142uciejasz-0005-419x629.jpg\"><img decoding=\"async\" data-id=\"1006\" src=\"https:\/\/stacjadezynfekujaca.com.pl\/wp-content\/uploads\/2020\/07\/s\u0142awomir_k\u0142uciejasz-0005-419x629.jpg\" alt=\"\" class=\"wp-image-1006\"\/><\/a><\/figure>\n\n\n\n<figure class=\"wp-block-image size-large\"><a href=\"https:\/\/stacjadezynfekujaca.com.pl\/wp-content\/uploads\/2020\/07\/s\u0142awomir_k\u0142uciejasz-0032-419x629.jpg\"><img decoding=\"async\" data-id=\"1008\" src=\"https:\/\/stacjadezynfekujaca.com.pl\/wp-content\/uploads\/2020\/07\/s\u0142awomir_k\u0142uciejasz-0032-419x629.jpg\" alt=\"\" class=\"wp-image-1008\"\/><\/a><\/figure>\n\n\n\n<figure class=\"wp-block-image size-large\"><a href=\"https:\/\/stacjadezynfekujaca.com.pl\/wp-content\/uploads\/2020\/07\/sd33-294x629.jpg\"><img decoding=\"async\" data-id=\"1009\" src=\"https:\/\/stacjadezynfekujaca.com.pl\/wp-content\/uploads\/2020\/07\/sd33-294x629.jpg\" alt=\"\" class=\"wp-image-1009\"\/><\/a><\/figure>\n\n\n\n<figure class=\"wp-block-image size-large\"><a href=\"https:\/\/stacjadezynfekujaca.com.pl\/wp-content\/uploads\/2020\/07\/s\u0142awomir_k\u0142uciejasz-0029-944x629.jpg\"><img decoding=\"async\" data-id=\"1007\" src=\"https:\/\/stacjadezynfekujaca.com.pl\/wp-content\/uploads\/2020\/07\/s\u0142awomir_k\u0142uciejasz-0029-944x629.jpg\" alt=\"\" class=\"wp-image-1007\"\/><\/a><\/figure>\n<\/figure>\n\n\n\n<h2 class=\"wp-block-heading\">Technical drawing<\/h2>\n\n\n\n<figure class=\"wp-block-gallery has-nested-images columns-default wp-block-gallery-2 is-layout-flex wp-block-gallery-is-layout-flex\">\n<figure class=\"wp-block-image size-large\"><a href=\"https:\/\/stacjadezynfekujaca.com.pl\/wp-content\/uploads\/2020\/07\/e3a-1.png\"><img decoding=\"async\" data-id=\"1175\" src=\"https:\/\/stacjadezynfekujaca.com.pl\/wp-content\/uploads\/2020\/07\/e3a-1.png\" alt=\"\" class=\"wp-image-1175\"\/><\/a><\/figure>\n\n\n\n<figure class=\"wp-block-image size-large\"><a href=\"https:\/\/stacjadezynfekujaca.com.pl\/wp-content\/uploads\/2020\/07\/e3b-1.png\"><img decoding=\"async\" data-id=\"1176\" src=\"https:\/\/stacjadezynfekujaca.com.pl\/wp-content\/uploads\/2020\/07\/e3b-1.png\" alt=\"\" class=\"wp-image-1176\"\/><\/a><\/figure>\n\n\n\n<figure class=\"wp-block-image size-large\"><a href=\"https:\/\/stacjadezynfekujaca.com.pl\/wp-content\/uploads\/2020\/07\/e3c-1.png\"><img decoding=\"async\" data-id=\"1177\" src=\"https:\/\/stacjadezynfekujaca.com.pl\/wp-content\/uploads\/2020\/07\/e3c-1.png\" alt=\"\" class=\"wp-image-1177\"\/><\/a><\/figure>\n\n\n\n<figure class=\"wp-block-image size-large\"><a href=\"https:\/\/stacjadezynfekujaca.com.pl\/wp-content\/uploads\/2020\/07\/e3d-1.png\"><img decoding=\"async\" data-id=\"1178\" src=\"https:\/\/stacjadezynfekujaca.com.pl\/wp-content\/uploads\/2020\/07\/e3d-1.png\" alt=\"\" class=\"wp-image-1178\"\/><\/a><\/figure>\n<\/figure>","protected":false},"excerpt":{"rendered":"<p>wykonany ze stali malowanej poliestrow\u0105 farb\u0105 proszkow\u0105 w dowolnym kolorze RAL solidna, stabilna podstawa (mo\u017cliwo\u015b\u0107 mocowania do pod\u0142o\u017ca wewn\u0105trz umieszczony kosz na zu\u017cyte r\u0119kawiczki jednorazowe&#8230;<\/p>","protected":false},"author":1,"featured_media":304,"parent":303,"menu_order":0,"comment_status":"closed","ping_status":"closed","template":"","meta":{"_acf_changed":false,"footnotes":""},"class_list":["post-1001","page","type-page","status-publish","has-post-thumbnail","hentry"],"acf":[],"yoast_head":"<!-- This site is optimized with the Yoast SEO plugin v25.7 - https:\/\/yoast.com\/wordpress\/plugins\/seo\/ -->\n<title>Bezdotykowa stacja dezynfekcji r\u0105k EMDEZ 03\/5L - JOB Szczecinek<\/title>\n<meta name=\"description\" content=\"Specyfikacja w formacie PDFPobierz Kolejno\u015b\u0107 czynno\u015bci przygotowawczej przed pierwszym u\u017cyciemPobierz wykonany ze stali malowanej poliestrow\u0105 farb\u0105\" \/>\n<meta name=\"robots\" content=\"index, follow, max-snippet:-1, max-image-preview:large, max-video-preview:-1\" \/>\n<link rel=\"canonical\" href=\"https:\/\/job.szczecinek.pl\/en\/produkty\/stacje-dezynfekujace\/bezdotykowa-stacja-dezynfekcji-rak-emdez-03-5l\/\" \/>\n<meta property=\"og:locale\" content=\"en_GB\" \/>\n<meta property=\"og:type\" content=\"article\" \/>\n<meta property=\"og:title\" content=\"Bezdotykowa stacja dezynfekcji r\u0105k EMDEZ 03\/5L - JOB Szczecinek\" \/>\n<meta property=\"og:description\" content=\"Specyfikacja w formacie PDFPobierz Kolejno\u015b\u0107 czynno\u015bci przygotowawczej przed pierwszym u\u017cyciemPobierz wykonany ze stali malowanej poliestrow\u0105 farb\u0105\" \/>\n<meta property=\"og:url\" content=\"https:\/\/job.szczecinek.pl\/en\/produkty\/stacje-dezynfekujace\/bezdotykowa-stacja-dezynfekcji-rak-emdez-03-5l\/\" \/>\n<meta property=\"og:site_name\" content=\"JOB Szczecinek\" \/>\n<meta property=\"article:modified_time\" content=\"2022-04-25T11:34:57+00:00\" \/>\n<meta property=\"og:image\" content=\"https:\/\/job.szczecinek.pl\/wp-content\/uploads\/2022\/04\/zdjecie.jpg\" \/>\n\t<meta property=\"og:image:width\" content=\"1920\" \/>\n\t<meta property=\"og:image:height\" content=\"1280\" \/>\n\t<meta property=\"og:image:type\" content=\"image\/jpeg\" \/>\n<meta name=\"twitter:card\" content=\"summary_large_image\" \/>\n<meta name=\"twitter:label1\" content=\"Estimated reading time\" \/>\n\t<meta name=\"twitter:data1\" content=\"1 minute\" \/>\n<script type=\"application\/ld+json\" class=\"yoast-schema-graph\">{\"@context\":\"https:\/\/schema.org\",\"@graph\":[{\"@type\":\"WebPage\",\"@id\":\"https:\/\/job.szczecinek.pl\/produkty\/stacje-dezynfekujace\/bezdotykowa-stacja-dezynfekcji-rak-emdez-03-5l\/\",\"url\":\"https:\/\/job.szczecinek.pl\/produkty\/stacje-dezynfekujace\/bezdotykowa-stacja-dezynfekcji-rak-emdez-03-5l\/\",\"name\":\"Bezdotykowa stacja dezynfekcji r\u0105k EMDEZ 03\/5L - JOB Szczecinek\",\"isPartOf\":{\"@id\":\"https:\/\/job.szczecinek.pl\/#website\"},\"primaryImageOfPage\":{\"@id\":\"https:\/\/job.szczecinek.pl\/produkty\/stacje-dezynfekujace\/bezdotykowa-stacja-dezynfekcji-rak-emdez-03-5l\/#primaryimage\"},\"image\":{\"@id\":\"https:\/\/job.szczecinek.pl\/produkty\/stacje-dezynfekujace\/bezdotykowa-stacja-dezynfekcji-rak-emdez-03-5l\/#primaryimage\"},\"thumbnailUrl\":\"https:\/\/job.szczecinek.pl\/wp-content\/uploads\/2022\/04\/zdjecie.jpg\",\"datePublished\":\"2020-07-06T20:23:57+00:00\",\"dateModified\":\"2022-04-25T11:34:57+00:00\",\"description\":\"Specyfikacja w formacie PDFPobierz Kolejno\u015b\u0107 czynno\u015bci przygotowawczej przed pierwszym u\u017cyciemPobierz wykonany ze stali malowanej poliestrow\u0105 farb\u0105\",\"breadcrumb\":{\"@id\":\"https:\/\/job.szczecinek.pl\/produkty\/stacje-dezynfekujace\/bezdotykowa-stacja-dezynfekcji-rak-emdez-03-5l\/#breadcrumb\"},\"inLanguage\":\"en-GB\",\"potentialAction\":[{\"@type\":\"ReadAction\",\"target\":[\"https:\/\/job.szczecinek.pl\/produkty\/stacje-dezynfekujace\/bezdotykowa-stacja-dezynfekcji-rak-emdez-03-5l\/\"]}]},{\"@type\":\"ImageObject\",\"inLanguage\":\"en-GB\",\"@id\":\"https:\/\/job.szczecinek.pl\/produkty\/stacje-dezynfekujace\/bezdotykowa-stacja-dezynfekcji-rak-emdez-03-5l\/#primaryimage\",\"url\":\"https:\/\/job.szczecinek.pl\/wp-content\/uploads\/2022\/04\/zdjecie.jpg\",\"contentUrl\":\"https:\/\/job.szczecinek.pl\/wp-content\/uploads\/2022\/04\/zdjecie.jpg\",\"width\":1920,\"height\":1280},{\"@type\":\"BreadcrumbList\",\"@id\":\"https:\/\/job.szczecinek.pl\/produkty\/stacje-dezynfekujace\/bezdotykowa-stacja-dezynfekcji-rak-emdez-03-5l\/#breadcrumb\",\"itemListElement\":[{\"@type\":\"ListItem\",\"position\":1,\"name\":\"Produkty\",\"item\":\"https:\/\/job.szczecinek.pl\/produkty\/\"},{\"@type\":\"ListItem\",\"position\":2,\"name\":\"Stacje dezynfekuj\u0105ce\",\"item\":\"https:\/\/job.szczecinek.pl\/produkty\/stacje-dezynfekujace\/\"},{\"@type\":\"ListItem\",\"position\":3,\"name\":\"Bezdotykowa stacja dezynfekcji r\u0105k EMDEZ 03\/5L\"}]},{\"@type\":\"WebSite\",\"@id\":\"https:\/\/job.szczecinek.pl\/#website\",\"url\":\"https:\/\/job.szczecinek.pl\/\",\"name\":\"JOB Szczecinek\",\"description\":\"Wyroby metalowe\",\"publisher\":{\"@id\":\"https:\/\/job.szczecinek.pl\/#organization\"},\"potentialAction\":[{\"@type\":\"SearchAction\",\"target\":{\"@type\":\"EntryPoint\",\"urlTemplate\":\"https:\/\/job.szczecinek.pl\/?s={search_term_string}\"},\"query-input\":{\"@type\":\"PropertyValueSpecification\",\"valueRequired\":true,\"valueName\":\"search_term_string\"}}],\"inLanguage\":\"en-GB\"},{\"@type\":\"Organization\",\"@id\":\"https:\/\/job.szczecinek.pl\/#organization\",\"name\":\"JOB Szczecinek\",\"url\":\"https:\/\/job.szczecinek.pl\/\",\"logo\":{\"@type\":\"ImageObject\",\"inLanguage\":\"en-GB\",\"@id\":\"https:\/\/job.szczecinek.pl\/#\/schema\/logo\/image\/\",\"url\":\"https:\/\/job.szczecinek.pl\/wp-content\/uploads\/2022\/05\/job-szczecinek.jpg\",\"contentUrl\":\"https:\/\/job.szczecinek.pl\/wp-content\/uploads\/2022\/05\/job-szczecinek.jpg\",\"width\":1200,\"height\":630,\"caption\":\"JOB Szczecinek\"},\"image\":{\"@id\":\"https:\/\/job.szczecinek.pl\/#\/schema\/logo\/image\/\"}}]}<\/script>\n<!-- \/ Yoast SEO plugin. -->","yoast_head_json":{"title":"Bezdotykowa stacja dezynfekcji r\u0105k EMDEZ 03\/5L - JOB Szczecinek","description":"Specyfikacja w formacie PDFPobierz Kolejno\u015b\u0107 czynno\u015bci przygotowawczej przed pierwszym u\u017cyciemPobierz wykonany ze stali malowanej poliestrow\u0105 farb\u0105","robots":{"index":"index","follow":"follow","max-snippet":"max-snippet:-1","max-image-preview":"max-image-preview:large","max-video-preview":"max-video-preview:-1"},"canonical":"https:\/\/job.szczecinek.pl\/en\/produkty\/stacje-dezynfekujace\/bezdotykowa-stacja-dezynfekcji-rak-emdez-03-5l\/","og_locale":"en_GB","og_type":"article","og_title":"Bezdotykowa stacja dezynfekcji r\u0105k EMDEZ 03\/5L - JOB Szczecinek","og_description":"Specyfikacja w formacie PDFPobierz Kolejno\u015b\u0107 czynno\u015bci przygotowawczej przed pierwszym u\u017cyciemPobierz wykonany ze stali malowanej poliestrow\u0105 farb\u0105","og_url":"https:\/\/job.szczecinek.pl\/en\/produkty\/stacje-dezynfekujace\/bezdotykowa-stacja-dezynfekcji-rak-emdez-03-5l\/","og_site_name":"JOB Szczecinek","article_modified_time":"2022-04-25T11:34:57+00:00","og_image":[{"width":1920,"height":1280,"url":"https:\/\/job.szczecinek.pl\/wp-content\/uploads\/2022\/04\/zdjecie.jpg","type":"image\/jpeg"}],"twitter_card":"summary_large_image","twitter_misc":{"Estimated reading time":"1 minute"},"schema":{"@context":"https:\/\/schema.org","@graph":[{"@type":"WebPage","@id":"https:\/\/job.szczecinek.pl\/produkty\/stacje-dezynfekujace\/bezdotykowa-stacja-dezynfekcji-rak-emdez-03-5l\/","url":"https:\/\/job.szczecinek.pl\/produkty\/stacje-dezynfekujace\/bezdotykowa-stacja-dezynfekcji-rak-emdez-03-5l\/","name":"Bezdotykowa stacja dezynfekcji r\u0105k EMDEZ 03\/5L - JOB Szczecinek","isPartOf":{"@id":"https:\/\/job.szczecinek.pl\/#website"},"primaryImageOfPage":{"@id":"https:\/\/job.szczecinek.pl\/produkty\/stacje-dezynfekujace\/bezdotykowa-stacja-dezynfekcji-rak-emdez-03-5l\/#primaryimage"},"image":{"@id":"https:\/\/job.szczecinek.pl\/produkty\/stacje-dezynfekujace\/bezdotykowa-stacja-dezynfekcji-rak-emdez-03-5l\/#primaryimage"},"thumbnailUrl":"https:\/\/job.szczecinek.pl\/wp-content\/uploads\/2022\/04\/zdjecie.jpg","datePublished":"2020-07-06T20:23:57+00:00","dateModified":"2022-04-25T11:34:57+00:00","description":"Specyfikacja w formacie PDFPobierz Kolejno\u015b\u0107 czynno\u015bci przygotowawczej przed pierwszym u\u017cyciemPobierz wykonany ze stali malowanej poliestrow\u0105 farb\u0105","breadcrumb":{"@id":"https:\/\/job.szczecinek.pl\/produkty\/stacje-dezynfekujace\/bezdotykowa-stacja-dezynfekcji-rak-emdez-03-5l\/#breadcrumb"},"inLanguage":"en-GB","potentialAction":[{"@type":"ReadAction","target":["https:\/\/job.szczecinek.pl\/produkty\/stacje-dezynfekujace\/bezdotykowa-stacja-dezynfekcji-rak-emdez-03-5l\/"]}]},{"@type":"ImageObject","inLanguage":"en-GB","@id":"https:\/\/job.szczecinek.pl\/produkty\/stacje-dezynfekujace\/bezdotykowa-stacja-dezynfekcji-rak-emdez-03-5l\/#primaryimage","url":"https:\/\/job.szczecinek.pl\/wp-content\/uploads\/2022\/04\/zdjecie.jpg","contentUrl":"https:\/\/job.szczecinek.pl\/wp-content\/uploads\/2022\/04\/zdjecie.jpg","width":1920,"height":1280},{"@type":"BreadcrumbList","@id":"https:\/\/job.szczecinek.pl\/produkty\/stacje-dezynfekujace\/bezdotykowa-stacja-dezynfekcji-rak-emdez-03-5l\/#breadcrumb","itemListElement":[{"@type":"ListItem","position":1,"name":"Produkty","item":"https:\/\/job.szczecinek.pl\/produkty\/"},{"@type":"ListItem","position":2,"name":"Stacje dezynfekuj\u0105ce","item":"https:\/\/job.szczecinek.pl\/produkty\/stacje-dezynfekujace\/"},{"@type":"ListItem","position":3,"name":"Bezdotykowa stacja dezynfekcji r\u0105k EMDEZ 03\/5L"}]},{"@type":"WebSite","@id":"https:\/\/job.szczecinek.pl\/#website","url":"https:\/\/job.szczecinek.pl\/","name":"JOB Szczecinek","description":"Wyroby metalowe","publisher":{"@id":"https:\/\/job.szczecinek.pl\/#organization"},"potentialAction":[{"@type":"SearchAction","target":{"@type":"EntryPoint","urlTemplate":"https:\/\/job.szczecinek.pl\/?s={search_term_string}"},"query-input":{"@type":"PropertyValueSpecification","valueRequired":true,"valueName":"search_term_string"}}],"inLanguage":"en-GB"},{"@type":"Organization","@id":"https:\/\/job.szczecinek.pl\/#organization","name":"JOB Szczecinek","url":"https:\/\/job.szczecinek.pl\/","logo":{"@type":"ImageObject","inLanguage":"en-GB","@id":"https:\/\/job.szczecinek.pl\/#\/schema\/logo\/image\/","url":"https:\/\/job.szczecinek.pl\/wp-content\/uploads\/2022\/05\/job-szczecinek.jpg","contentUrl":"https:\/\/job.szczecinek.pl\/wp-content\/uploads\/2022\/05\/job-szczecinek.jpg","width":1200,"height":630,"caption":"JOB Szczecinek"},"image":{"@id":"https:\/\/job.szczecinek.pl\/#\/schema\/logo\/image\/"}}]}},"_links":{"self":[{"href":"https:\/\/job.szczecinek.pl\/en\/wp-json\/wp\/v2\/pages\/1001","targetHints":{"allow":["GET"]}}],"collection":[{"href":"https:\/\/job.szczecinek.pl\/en\/wp-json\/wp\/v2\/pages"}],"about":[{"href":"https:\/\/job.szczecinek.pl\/en\/wp-json\/wp\/v2\/types\/page"}],"author":[{"embeddable":true,"href":"https:\/\/job.szczecinek.pl\/en\/wp-json\/wp\/v2\/users\/1"}],"replies":[{"embeddable":true,"href":"https:\/\/job.szczecinek.pl\/en\/wp-json\/wp\/v2\/comments?post=1001"}],"version-history":[{"count":0,"href":"https:\/\/job.szczecinek.pl\/en\/wp-json\/wp\/v2\/pages\/1001\/revisions"}],"up":[{"embeddable":true,"href":"https:\/\/job.szczecinek.pl\/en\/wp-json\/wp\/v2\/pages\/303"}],"wp:featuredmedia":[{"embeddable":true,"href":"https:\/\/job.szczecinek.pl\/en\/wp-json\/wp\/v2\/media\/304"}],"wp:attachment":[{"href":"https:\/\/job.szczecinek.pl\/en\/wp-json\/wp\/v2\/media?parent=1001"}],"curies":[{"name":"wp","href":"https:\/\/api.w.org\/{rel}","templated":true}]}}