{"id":1145,"date":"2020-07-22T14:26:39","date_gmt":"2020-07-22T12:26:39","guid":{"rendered":"http:\/\/stacjadezynfekujaca.com.pl\/?page_id=1145"},"modified":"2022-04-25T13:34:51","modified_gmt":"2022-04-25T11:34:51","slug":"dozownik-z-obudowa-do-zawieszenia-emst-03-tp","status":"publish","type":"page","link":"https:\/\/job.szczecinek.pl\/en\/produkty\/stacje-dezynfekujace\/dozownik-z-obudowa-do-zawieszenia-emst-03-tp\/","title":{"rendered":"Dispenser with hanging housing EMST 03 TP (for public transport such as buses, trams, trains, metros, etc.) lockable with a key"},"content":{"rendered":"<figure class=\"wp-block-image size-full\"><img decoding=\"async\" src=\"https:\/\/stacjadezynfekujaca.com.pl\/wp-content\/uploads\/2020\/07\/produkt.jpg\" alt=\"\" class=\"wp-image-1165\"\/><\/figure>\n\n\n\n<div class=\"wp-block-file\"><a id=\"wp-block-file--media-5b373ab3-6f01-43d9-b4b6-8c8f0d1ef14c\" href=\"https:\/\/stacjadezynfekujaca.com.pl\/wp-content\/uploads\/2020\/08\/PDF-kompresja-6.pdf\">Specification in PDF format<\/a><a href=\"https:\/\/stacjadezynfekujaca.com.pl\/wp-content\/uploads\/2020\/08\/PDF-kompresja-6.pdf\" class=\"wp-block-file__button\" download aria-describedby=\"wp-block-file--media-5b373ab3-6f01-43d9-b4b6-8c8f0d1ef14c\">Pobierz<\/a><\/div>\n\n\n\n<ul class=\"wp-block-list\"><li>wykonany ze stali malowanej proszkowo w dowolnym kolorze RAL<\/li><li>solidna obudowa zabezpieczona zamkiem na klucz<\/li><li>do zawieszenia  (uchwyty w zestawie)<\/li><li>mo\u017cliwo\u015b\u0107 umieszczenia dowolnego LOGO dystrybutora<\/li><\/ul>\n\n\n\n<h3 class=\"wp-block-heading\">Parameters<\/h3>\n\n\n\n<p><\/p>\n\n\n\n<ul class=\"wp-block-list\"><li>pojemno\u015b\u0107 zbiornika p\u0142ynu dezynfekuj\u0105cego &#8211; 1000 ml.<\/li><li>zasilanie 4 baterie alkaliczne R14 lub zewn\u0119trzny zasilacz 6VDC\/1A EMST 02, EMST 03.<\/li><li>ilo\u015b\u0107 cykli na jednym komplecie baterii do 30 000<\/li><li>system: zaw\u00f3r niekapek\/ dyfuzor rozpylaj\u0105cy<\/li><li>dozowanie: automatyczne\/fotokom\u00f3rka<\/li><li>nape\u0142nianie: z kanistra<\/li><\/ul>\n\n\n\n<h2 class=\"wp-block-heading\"><strong>Technical data of the dispenser with hanging housing EMST 03 TP<\/strong><\/h2>\n\n\n\n<figure class=\"wp-block-image size-large\"><img decoding=\"async\" src=\"https:\/\/stacjadezynfekujaca.com.pl\/wp-content\/uploads\/2020\/07\/tech.png\" alt=\"\" class=\"wp-image-1160\"\/><\/figure>\n\n\n\n<h3 class=\"wp-block-heading\">Product gallery<\/h3>\n\n\n\n<figure class=\"wp-block-gallery has-nested-images columns-default wp-block-gallery-1 is-layout-flex wp-block-gallery-is-layout-flex\">\n<figure class=\"wp-block-image size-large\"><a href=\"https:\/\/stacjadezynfekujaca.com.pl\/wp-content\/uploads\/2020\/07\/4-3-348x629.jpg\"><img decoding=\"async\" data-id=\"1153\" src=\"https:\/\/stacjadezynfekujaca.com.pl\/wp-content\/uploads\/2020\/07\/4-3-348x629.jpg\" alt=\"\" class=\"wp-image-1153\"\/><\/a><\/figure>\n\n\n\n<figure class=\"wp-block-image size-large\"><a href=\"https:\/\/stacjadezynfekujaca.com.pl\/wp-content\/uploads\/2020\/07\/3-3-355x629.jpg\"><img decoding=\"async\" data-id=\"1154\" src=\"https:\/\/stacjadezynfekujaca.com.pl\/wp-content\/uploads\/2020\/07\/3-3-355x629.jpg\" alt=\"\" class=\"wp-image-1154\"\/><\/a><\/figure>\n\n\n\n<figure class=\"wp-block-image size-large\"><a href=\"https:\/\/stacjadezynfekujaca.com.pl\/wp-content\/uploads\/2020\/07\/1-313x629.jpg\"><img decoding=\"async\" data-id=\"1155\" src=\"https:\/\/stacjadezynfekujaca.com.pl\/wp-content\/uploads\/2020\/07\/1-313x629.jpg\" alt=\"\" class=\"wp-image-1155\"\/><\/a><\/figure>\n\n\n\n<figure class=\"wp-block-image size-large\"><a href=\"https:\/\/stacjadezynfekujaca.com.pl\/wp-content\/uploads\/2020\/07\/2-305x629.jpg\"><img decoding=\"async\" data-id=\"1156\" src=\"https:\/\/stacjadezynfekujaca.com.pl\/wp-content\/uploads\/2020\/07\/2-305x629.jpg\" alt=\"\" class=\"wp-image-1156\"\/><\/a><\/figure>\n<\/figure>\n\n\n\n<h3 class=\"wp-block-heading\">Technical drawing<\/h3>\n\n\n\n<figure class=\"wp-block-gallery has-nested-images columns-0 wp-block-gallery-2 is-layout-flex wp-block-gallery-is-layout-flex\">\n<figure class=\"wp-block-image size-large\"><a href=\"https:\/\/stacjadezynfekujaca.com.pl\/wp-content\/uploads\/2020\/07\/2020_07_22_14_13_52_E02_925_01.pdf-635x629.png\"><img decoding=\"async\" data-id=\"1157\" src=\"https:\/\/stacjadezynfekujaca.com.pl\/wp-content\/uploads\/2020\/07\/2020_07_22_14_13_52_E02_925_01.pdf-635x629.png\" alt=\"\" class=\"wp-image-1157\"\/><\/a><\/figure>\n\n\n\n<figure class=\"wp-block-image size-large\"><a href=\"https:\/\/stacjadezynfekujaca.com.pl\/wp-content\/uploads\/2020\/07\/2020_07_22_14_13_33_E02_925_01.pdf-627x629.png\"><img decoding=\"async\" data-id=\"1158\" src=\"https:\/\/stacjadezynfekujaca.com.pl\/wp-content\/uploads\/2020\/07\/2020_07_22_14_13_33_E02_925_01.pdf-627x629.png\" alt=\"\" class=\"wp-image-1158\"\/><\/a><\/figure>\n\n\n\n<figure class=\"wp-block-image size-large\"><a href=\"https:\/\/stacjadezynfekujaca.com.pl\/wp-content\/uploads\/2020\/07\/2020_07_22_14_14_11_E02_925_01.pdf-841x629.png\"><img decoding=\"async\" data-id=\"1159\" src=\"https:\/\/stacjadezynfekujaca.com.pl\/wp-content\/uploads\/2020\/07\/2020_07_22_14_14_11_E02_925_01.pdf-841x629.png\" alt=\"\" class=\"wp-image-1159\"\/><\/a><\/figure>\n<\/figure>","protected":false},"excerpt":{"rendered":"<p>wykonany ze stali malowanej proszkowo w dowolnym kolorze RAL solidna obudowa zabezpieczona zamkiem na klucz do zawieszenia (uchwyty w zestawie) mo\u017cliwo\u015b\u0107 umieszczenia dowolnego LOGO dystrybutora&#8230;<\/p>","protected":false},"author":1,"featured_media":304,"parent":303,"menu_order":0,"comment_status":"closed","ping_status":"closed","template":"","meta":{"_acf_changed":false,"footnotes":""},"class_list":["post-1145","page","type-page","status-publish","has-post-thumbnail","hentry"],"acf":[],"yoast_head":"<!-- This site is optimized with the Yoast SEO plugin v25.7 - https:\/\/yoast.com\/wordpress\/plugins\/seo\/ -->\n<title>Dozownik z obudow\u0105 do zawieszenia EMST 03 TP (do \u015brodk\u00f3w transportu publicznego autobus, tramwaj, poci\u0105g, metro itd.) zamykany na klucz - JOB Szczecinek<\/title>\n<meta name=\"description\" content=\"Specyfikacja w formacie PDFPobierz wykonany ze stali malowanej proszkowo w dowolnym kolorze RALsolidna obudowa zabezpieczona zamkiem na kluczdo\" \/>\n<meta name=\"robots\" content=\"index, follow, max-snippet:-1, max-image-preview:large, max-video-preview:-1\" \/>\n<link rel=\"canonical\" href=\"https:\/\/job.szczecinek.pl\/en\/produkty\/stacje-dezynfekujace\/dozownik-z-obudowa-do-zawieszenia-emst-03-tp\/\" \/>\n<meta property=\"og:locale\" content=\"en_GB\" \/>\n<meta property=\"og:type\" content=\"article\" \/>\n<meta property=\"og:title\" content=\"Dozownik z obudow\u0105 do zawieszenia EMST 03 TP (do \u015brodk\u00f3w transportu publicznego autobus, tramwaj, poci\u0105g, metro itd.) zamykany na klucz - JOB Szczecinek\" \/>\n<meta property=\"og:description\" content=\"Specyfikacja w formacie PDFPobierz wykonany ze stali malowanej proszkowo w dowolnym kolorze RALsolidna obudowa zabezpieczona zamkiem na kluczdo\" \/>\n<meta property=\"og:url\" content=\"https:\/\/job.szczecinek.pl\/en\/produkty\/stacje-dezynfekujace\/dozownik-z-obudowa-do-zawieszenia-emst-03-tp\/\" \/>\n<meta property=\"og:site_name\" content=\"JOB Szczecinek\" \/>\n<meta property=\"article:modified_time\" content=\"2022-04-25T11:34:51+00:00\" \/>\n<meta property=\"og:image\" content=\"https:\/\/job.szczecinek.pl\/wp-content\/uploads\/2022\/04\/zdjecie.jpg\" \/>\n\t<meta property=\"og:image:width\" content=\"1920\" \/>\n\t<meta property=\"og:image:height\" content=\"1280\" \/>\n\t<meta property=\"og:image:type\" content=\"image\/jpeg\" \/>\n<meta name=\"twitter:card\" content=\"summary_large_image\" \/>\n<script type=\"application\/ld+json\" class=\"yoast-schema-graph\">{\"@context\":\"https:\/\/schema.org\",\"@graph\":[{\"@type\":\"WebPage\",\"@id\":\"https:\/\/job.szczecinek.pl\/produkty\/stacje-dezynfekujace\/dozownik-z-obudowa-do-zawieszenia-emst-03-tp\/\",\"url\":\"https:\/\/job.szczecinek.pl\/produkty\/stacje-dezynfekujace\/dozownik-z-obudowa-do-zawieszenia-emst-03-tp\/\",\"name\":\"Dozownik z obudow\u0105 do zawieszenia EMST 03 TP (do \u015brodk\u00f3w transportu publicznego autobus, tramwaj, poci\u0105g, metro itd.) zamykany na klucz - JOB Szczecinek\",\"isPartOf\":{\"@id\":\"https:\/\/job.szczecinek.pl\/#website\"},\"primaryImageOfPage\":{\"@id\":\"https:\/\/job.szczecinek.pl\/produkty\/stacje-dezynfekujace\/dozownik-z-obudowa-do-zawieszenia-emst-03-tp\/#primaryimage\"},\"image\":{\"@id\":\"https:\/\/job.szczecinek.pl\/produkty\/stacje-dezynfekujace\/dozownik-z-obudowa-do-zawieszenia-emst-03-tp\/#primaryimage\"},\"thumbnailUrl\":\"https:\/\/job.szczecinek.pl\/wp-content\/uploads\/2022\/04\/zdjecie.jpg\",\"datePublished\":\"2020-07-22T12:26:39+00:00\",\"dateModified\":\"2022-04-25T11:34:51+00:00\",\"description\":\"Specyfikacja w formacie PDFPobierz wykonany ze stali malowanej proszkowo w dowolnym kolorze RALsolidna obudowa zabezpieczona zamkiem na kluczdo\",\"breadcrumb\":{\"@id\":\"https:\/\/job.szczecinek.pl\/produkty\/stacje-dezynfekujace\/dozownik-z-obudowa-do-zawieszenia-emst-03-tp\/#breadcrumb\"},\"inLanguage\":\"en-GB\",\"potentialAction\":[{\"@type\":\"ReadAction\",\"target\":[\"https:\/\/job.szczecinek.pl\/produkty\/stacje-dezynfekujace\/dozownik-z-obudowa-do-zawieszenia-emst-03-tp\/\"]}]},{\"@type\":\"ImageObject\",\"inLanguage\":\"en-GB\",\"@id\":\"https:\/\/job.szczecinek.pl\/produkty\/stacje-dezynfekujace\/dozownik-z-obudowa-do-zawieszenia-emst-03-tp\/#primaryimage\",\"url\":\"https:\/\/job.szczecinek.pl\/wp-content\/uploads\/2022\/04\/zdjecie.jpg\",\"contentUrl\":\"https:\/\/job.szczecinek.pl\/wp-content\/uploads\/2022\/04\/zdjecie.jpg\",\"width\":1920,\"height\":1280},{\"@type\":\"BreadcrumbList\",\"@id\":\"https:\/\/job.szczecinek.pl\/produkty\/stacje-dezynfekujace\/dozownik-z-obudowa-do-zawieszenia-emst-03-tp\/#breadcrumb\",\"itemListElement\":[{\"@type\":\"ListItem\",\"position\":1,\"name\":\"Produkty\",\"item\":\"https:\/\/job.szczecinek.pl\/produkty\/\"},{\"@type\":\"ListItem\",\"position\":2,\"name\":\"Stacje dezynfekuj\u0105ce\",\"item\":\"https:\/\/job.szczecinek.pl\/produkty\/stacje-dezynfekujace\/\"},{\"@type\":\"ListItem\",\"position\":3,\"name\":\"Dozownik z obudow\u0105 do zawieszenia EMST 03 TP (do \u015brodk\u00f3w transportu publicznego autobus, tramwaj, poci\u0105g, metro itd.) zamykany na klucz\"}]},{\"@type\":\"WebSite\",\"@id\":\"https:\/\/job.szczecinek.pl\/#website\",\"url\":\"https:\/\/job.szczecinek.pl\/\",\"name\":\"JOB Szczecinek\",\"description\":\"Wyroby metalowe\",\"publisher\":{\"@id\":\"https:\/\/job.szczecinek.pl\/#organization\"},\"potentialAction\":[{\"@type\":\"SearchAction\",\"target\":{\"@type\":\"EntryPoint\",\"urlTemplate\":\"https:\/\/job.szczecinek.pl\/?s={search_term_string}\"},\"query-input\":{\"@type\":\"PropertyValueSpecification\",\"valueRequired\":true,\"valueName\":\"search_term_string\"}}],\"inLanguage\":\"en-GB\"},{\"@type\":\"Organization\",\"@id\":\"https:\/\/job.szczecinek.pl\/#organization\",\"name\":\"JOB Szczecinek\",\"url\":\"https:\/\/job.szczecinek.pl\/\",\"logo\":{\"@type\":\"ImageObject\",\"inLanguage\":\"en-GB\",\"@id\":\"https:\/\/job.szczecinek.pl\/#\/schema\/logo\/image\/\",\"url\":\"https:\/\/job.szczecinek.pl\/wp-content\/uploads\/2022\/05\/job-szczecinek.jpg\",\"contentUrl\":\"https:\/\/job.szczecinek.pl\/wp-content\/uploads\/2022\/05\/job-szczecinek.jpg\",\"width\":1200,\"height\":630,\"caption\":\"JOB Szczecinek\"},\"image\":{\"@id\":\"https:\/\/job.szczecinek.pl\/#\/schema\/logo\/image\/\"}}]}<\/script>\n<!-- \/ Yoast SEO plugin. -->","yoast_head_json":{"title":"Dozownik z obudow\u0105 do zawieszenia EMST 03 TP (do \u015brodk\u00f3w transportu publicznego autobus, tramwaj, poci\u0105g, metro itd.) zamykany na klucz - JOB Szczecinek","description":"Specyfikacja w formacie PDFPobierz wykonany ze stali malowanej proszkowo w dowolnym kolorze RALsolidna obudowa zabezpieczona zamkiem na kluczdo","robots":{"index":"index","follow":"follow","max-snippet":"max-snippet:-1","max-image-preview":"max-image-preview:large","max-video-preview":"max-video-preview:-1"},"canonical":"https:\/\/job.szczecinek.pl\/en\/produkty\/stacje-dezynfekujace\/dozownik-z-obudowa-do-zawieszenia-emst-03-tp\/","og_locale":"en_GB","og_type":"article","og_title":"Dozownik z obudow\u0105 do zawieszenia EMST 03 TP (do \u015brodk\u00f3w transportu publicznego autobus, tramwaj, poci\u0105g, metro itd.) zamykany na klucz - JOB Szczecinek","og_description":"Specyfikacja w formacie PDFPobierz wykonany ze stali malowanej proszkowo w dowolnym kolorze RALsolidna obudowa zabezpieczona zamkiem na kluczdo","og_url":"https:\/\/job.szczecinek.pl\/en\/produkty\/stacje-dezynfekujace\/dozownik-z-obudowa-do-zawieszenia-emst-03-tp\/","og_site_name":"JOB Szczecinek","article_modified_time":"2022-04-25T11:34:51+00:00","og_image":[{"width":1920,"height":1280,"url":"https:\/\/job.szczecinek.pl\/wp-content\/uploads\/2022\/04\/zdjecie.jpg","type":"image\/jpeg"}],"twitter_card":"summary_large_image","schema":{"@context":"https:\/\/schema.org","@graph":[{"@type":"WebPage","@id":"https:\/\/job.szczecinek.pl\/produkty\/stacje-dezynfekujace\/dozownik-z-obudowa-do-zawieszenia-emst-03-tp\/","url":"https:\/\/job.szczecinek.pl\/produkty\/stacje-dezynfekujace\/dozownik-z-obudowa-do-zawieszenia-emst-03-tp\/","name":"Dozownik z obudow\u0105 do zawieszenia EMST 03 TP (do \u015brodk\u00f3w transportu publicznego autobus, tramwaj, poci\u0105g, metro itd.) zamykany na klucz - JOB Szczecinek","isPartOf":{"@id":"https:\/\/job.szczecinek.pl\/#website"},"primaryImageOfPage":{"@id":"https:\/\/job.szczecinek.pl\/produkty\/stacje-dezynfekujace\/dozownik-z-obudowa-do-zawieszenia-emst-03-tp\/#primaryimage"},"image":{"@id":"https:\/\/job.szczecinek.pl\/produkty\/stacje-dezynfekujace\/dozownik-z-obudowa-do-zawieszenia-emst-03-tp\/#primaryimage"},"thumbnailUrl":"https:\/\/job.szczecinek.pl\/wp-content\/uploads\/2022\/04\/zdjecie.jpg","datePublished":"2020-07-22T12:26:39+00:00","dateModified":"2022-04-25T11:34:51+00:00","description":"Specyfikacja w formacie PDFPobierz wykonany ze stali malowanej proszkowo w dowolnym kolorze RALsolidna obudowa zabezpieczona zamkiem na kluczdo","breadcrumb":{"@id":"https:\/\/job.szczecinek.pl\/produkty\/stacje-dezynfekujace\/dozownik-z-obudowa-do-zawieszenia-emst-03-tp\/#breadcrumb"},"inLanguage":"en-GB","potentialAction":[{"@type":"ReadAction","target":["https:\/\/job.szczecinek.pl\/produkty\/stacje-dezynfekujace\/dozownik-z-obudowa-do-zawieszenia-emst-03-tp\/"]}]},{"@type":"ImageObject","inLanguage":"en-GB","@id":"https:\/\/job.szczecinek.pl\/produkty\/stacje-dezynfekujace\/dozownik-z-obudowa-do-zawieszenia-emst-03-tp\/#primaryimage","url":"https:\/\/job.szczecinek.pl\/wp-content\/uploads\/2022\/04\/zdjecie.jpg","contentUrl":"https:\/\/job.szczecinek.pl\/wp-content\/uploads\/2022\/04\/zdjecie.jpg","width":1920,"height":1280},{"@type":"BreadcrumbList","@id":"https:\/\/job.szczecinek.pl\/produkty\/stacje-dezynfekujace\/dozownik-z-obudowa-do-zawieszenia-emst-03-tp\/#breadcrumb","itemListElement":[{"@type":"ListItem","position":1,"name":"Produkty","item":"https:\/\/job.szczecinek.pl\/produkty\/"},{"@type":"ListItem","position":2,"name":"Stacje dezynfekuj\u0105ce","item":"https:\/\/job.szczecinek.pl\/produkty\/stacje-dezynfekujace\/"},{"@type":"ListItem","position":3,"name":"Dozownik z obudow\u0105 do zawieszenia EMST 03 TP (do \u015brodk\u00f3w transportu publicznego autobus, tramwaj, poci\u0105g, metro itd.) zamykany na klucz"}]},{"@type":"WebSite","@id":"https:\/\/job.szczecinek.pl\/#website","url":"https:\/\/job.szczecinek.pl\/","name":"JOB Szczecinek","description":"Wyroby metalowe","publisher":{"@id":"https:\/\/job.szczecinek.pl\/#organization"},"potentialAction":[{"@type":"SearchAction","target":{"@type":"EntryPoint","urlTemplate":"https:\/\/job.szczecinek.pl\/?s={search_term_string}"},"query-input":{"@type":"PropertyValueSpecification","valueRequired":true,"valueName":"search_term_string"}}],"inLanguage":"en-GB"},{"@type":"Organization","@id":"https:\/\/job.szczecinek.pl\/#organization","name":"JOB Szczecinek","url":"https:\/\/job.szczecinek.pl\/","logo":{"@type":"ImageObject","inLanguage":"en-GB","@id":"https:\/\/job.szczecinek.pl\/#\/schema\/logo\/image\/","url":"https:\/\/job.szczecinek.pl\/wp-content\/uploads\/2022\/05\/job-szczecinek.jpg","contentUrl":"https:\/\/job.szczecinek.pl\/wp-content\/uploads\/2022\/05\/job-szczecinek.jpg","width":1200,"height":630,"caption":"JOB Szczecinek"},"image":{"@id":"https:\/\/job.szczecinek.pl\/#\/schema\/logo\/image\/"}}]}},"_links":{"self":[{"href":"https:\/\/job.szczecinek.pl\/en\/wp-json\/wp\/v2\/pages\/1145","targetHints":{"allow":["GET"]}}],"collection":[{"href":"https:\/\/job.szczecinek.pl\/en\/wp-json\/wp\/v2\/pages"}],"about":[{"href":"https:\/\/job.szczecinek.pl\/en\/wp-json\/wp\/v2\/types\/page"}],"author":[{"embeddable":true,"href":"https:\/\/job.szczecinek.pl\/en\/wp-json\/wp\/v2\/users\/1"}],"replies":[{"embeddable":true,"href":"https:\/\/job.szczecinek.pl\/en\/wp-json\/wp\/v2\/comments?post=1145"}],"version-history":[{"count":0,"href":"https:\/\/job.szczecinek.pl\/en\/wp-json\/wp\/v2\/pages\/1145\/revisions"}],"up":[{"embeddable":true,"href":"https:\/\/job.szczecinek.pl\/en\/wp-json\/wp\/v2\/pages\/303"}],"wp:featuredmedia":[{"embeddable":true,"href":"https:\/\/job.szczecinek.pl\/en\/wp-json\/wp\/v2\/media\/304"}],"wp:attachment":[{"href":"https:\/\/job.szczecinek.pl\/en\/wp-json\/wp\/v2\/media?parent=1145"}],"curies":[{"name":"wp","href":"https:\/\/api.w.org\/{rel}","templated":true}]}}