{"id":81,"date":"2022-04-25T10:27:00","date_gmt":"2022-04-25T08:27:00","guid":{"rendered":"https:\/\/job.szczecinek.pl\/?page_id=81"},"modified":"2024-06-18T11:40:48","modified_gmt":"2024-06-18T09:40:48","slug":"o-firmie","status":"publish","type":"page","link":"https:\/\/job.szczecinek.pl\/en\/about-us\/","title":{"rendered":"About Us"},"content":{"rendered":"<p class=\"translation-block\">The JOB company guarantees services and production of elements for finished metal products in a wide range.<\/p>\n\n\n\n<p>Our products are used in the electrical energy industry, air conditioning and ventilation industry, machine production industry, info kiosk and terminal industry, vending industry, advertising industry, lighting industry, furniture industry, cable television, energy industry, trade, etc.<\/p>\n\n\n\n<h2 class=\"wp-block-heading\">Why us?<\/h2>\n\n\n\n<p>We operate according to the principle WE WORK FOR YOU. From the moment the order is placed, we guarantee the customer confirmed high quality of services, punctuality and compliance with the terms of arrangements and concluded contracts.<\/p>\n\n\n\n<p>We can boast of millions of manufactured parts in accordance with the highest quality control requirements, which are sold by our customers in Europe, Africa, Eastern Markets and the United States.<\/p>\n\n\n\n<p>Through our contribution to building our clients' brands, we have been recognized for helping them achieve the highest distinctions on global markets and industry competitions.\n<br><br>\nWe are recommended by many companies, including corporate ones of global importance in their industry\n<br><br>\nOur company is competitive on the market because we are characterized by:<\/p>\n\n\n\n<ul class=\"wp-block-list\">\n<li>availability,<\/li>\n\n\n\n<li>short order fulfillment times,<\/li>\n\n\n\n<li>high quality of manufactured elements and services,<\/li>\n\n\n\n<li>small series and large series,<\/li>\n\n\n\n<li>good prices,<\/li>\n\n\n\n<li>favorable payment terms,<\/li>\n\n\n\n<li>modern machinery,<\/li>\n\n\n\n<li>quality control of manufactured products in accordance with ISO standards.<\/li>\n\n\n\n<li>optimization of service costs,<\/li>\n\n\n\n<li>high order organization culture in line with ISO standards,<\/li>\n\n\n\n<li>access to specialists in many fields.<\/li>\n\n\n\n<li>By choosing us, you can be sure that WE WORK FOR YOU.<\/li>\n\n\n\n<li>.<\/li>\n\n\n\n<li>.<\/li>\n<\/ul>\n\n\n\n<p class=\"translation-block\">Our company has the <strong><a href=\"https:\/\/wizytowka.rzetelnafirma.pl\/H82927WE\" target=\"_blank\" rel=\"noreferrer noopener nofollow\">Reliable Company Certificate<\/a><\/strong><\/p>","protected":false},"excerpt":{"rendered":"<p>Firma JOB gwarantuje us\u0142ugi i produkcj\u0119 element\u00f3w gotowych wyrob\u00f3w z metalu w szerokim zakresie. Nasze produkty ,wykorzystywane s\u0105 w bran\u017cy elektro-energetycznej, klimatyzacyjno-wentylacyjnej, bran\u017cy produkcji maszyn,&#8230;<\/p>","protected":false},"author":1,"featured_media":74,"parent":0,"menu_order":0,"comment_status":"closed","ping_status":"closed","template":"","meta":{"_acf_changed":false,"footnotes":""},"class_list":["post-81","page","type-page","status-publish","has-post-thumbnail","hentry"],"acf":[],"yoast_head":"<!-- This site is optimized with the Yoast SEO plugin v25.7 - https:\/\/yoast.com\/wordpress\/plugins\/seo\/ -->\n<title>O firmie - JOB Szczecinek<\/title>\n<meta name=\"description\" content=\"Firma JOB gwarantuje us\u0142ugi i produkcj\u0119 element\u00f3w gotowych wyrob\u00f3w z metalu w szerokim zakresie. Nasze produkty ,wykorzystywane s\u0105 w bran\u017cy\" \/>\n<meta name=\"robots\" content=\"index, follow, max-snippet:-1, max-image-preview:large, max-video-preview:-1\" \/>\n<link rel=\"canonical\" href=\"https:\/\/job.szczecinek.pl\/en\/about-us\/\" \/>\n<meta property=\"og:locale\" content=\"en_GB\" \/>\n<meta property=\"og:type\" content=\"article\" \/>\n<meta property=\"og:title\" content=\"O firmie - JOB Szczecinek\" \/>\n<meta property=\"og:description\" content=\"Firma JOB gwarantuje us\u0142ugi i produkcj\u0119 element\u00f3w gotowych wyrob\u00f3w z metalu w szerokim zakresie. Nasze produkty ,wykorzystywane s\u0105 w bran\u017cy\" \/>\n<meta property=\"og:url\" content=\"https:\/\/job.szczecinek.pl\/en\/about-us\/\" \/>\n<meta property=\"og:site_name\" content=\"JOB Szczecinek\" \/>\n<meta property=\"article:modified_time\" content=\"2024-06-18T09:40:48+00:00\" \/>\n<meta property=\"og:image\" content=\"https:\/\/job.szczecinek.pl\/wp-content\/uploads\/2022\/04\/header-1.jpg\" \/>\n\t<meta property=\"og:image:width\" content=\"1920\" \/>\n\t<meta property=\"og:image:height\" content=\"900\" \/>\n\t<meta property=\"og:image:type\" content=\"image\/jpeg\" \/>\n<meta name=\"twitter:card\" content=\"summary_large_image\" \/>\n<meta name=\"twitter:label1\" content=\"Estimated reading time\" \/>\n\t<meta name=\"twitter:data1\" content=\"1 minute\" \/>\n<script type=\"application\/ld+json\" class=\"yoast-schema-graph\">{\"@context\":\"https:\/\/schema.org\",\"@graph\":[{\"@type\":\"WebPage\",\"@id\":\"https:\/\/job.szczecinek.pl\/o-firmie\/\",\"url\":\"https:\/\/job.szczecinek.pl\/o-firmie\/\",\"name\":\"O firmie - JOB Szczecinek\",\"isPartOf\":{\"@id\":\"https:\/\/job.szczecinek.pl\/#website\"},\"primaryImageOfPage\":{\"@id\":\"https:\/\/job.szczecinek.pl\/o-firmie\/#primaryimage\"},\"image\":{\"@id\":\"https:\/\/job.szczecinek.pl\/o-firmie\/#primaryimage\"},\"thumbnailUrl\":\"https:\/\/job.szczecinek.pl\/wp-content\/uploads\/2022\/04\/header-1.jpg\",\"datePublished\":\"2022-04-25T08:27:00+00:00\",\"dateModified\":\"2024-06-18T09:40:48+00:00\",\"description\":\"Firma JOB gwarantuje us\u0142ugi i produkcj\u0119 element\u00f3w gotowych wyrob\u00f3w z metalu w szerokim zakresie. Nasze produkty ,wykorzystywane s\u0105 w bran\u017cy\",\"inLanguage\":\"en-GB\",\"potentialAction\":[{\"@type\":\"ReadAction\",\"target\":[\"https:\/\/job.szczecinek.pl\/o-firmie\/\"]}]},{\"@type\":\"ImageObject\",\"inLanguage\":\"en-GB\",\"@id\":\"https:\/\/job.szczecinek.pl\/o-firmie\/#primaryimage\",\"url\":\"https:\/\/job.szczecinek.pl\/wp-content\/uploads\/2022\/04\/header-1.jpg\",\"contentUrl\":\"https:\/\/job.szczecinek.pl\/wp-content\/uploads\/2022\/04\/header-1.jpg\",\"width\":1920,\"height\":900},{\"@type\":\"WebSite\",\"@id\":\"https:\/\/job.szczecinek.pl\/#website\",\"url\":\"https:\/\/job.szczecinek.pl\/\",\"name\":\"JOB Szczecinek\",\"description\":\"Wyroby metalowe\",\"publisher\":{\"@id\":\"https:\/\/job.szczecinek.pl\/#organization\"},\"potentialAction\":[{\"@type\":\"SearchAction\",\"target\":{\"@type\":\"EntryPoint\",\"urlTemplate\":\"https:\/\/job.szczecinek.pl\/?s={search_term_string}\"},\"query-input\":{\"@type\":\"PropertyValueSpecification\",\"valueRequired\":true,\"valueName\":\"search_term_string\"}}],\"inLanguage\":\"en-GB\"},{\"@type\":\"Organization\",\"@id\":\"https:\/\/job.szczecinek.pl\/#organization\",\"name\":\"JOB Szczecinek\",\"url\":\"https:\/\/job.szczecinek.pl\/\",\"logo\":{\"@type\":\"ImageObject\",\"inLanguage\":\"en-GB\",\"@id\":\"https:\/\/job.szczecinek.pl\/#\/schema\/logo\/image\/\",\"url\":\"https:\/\/job.szczecinek.pl\/wp-content\/uploads\/2022\/05\/job-szczecinek.jpg\",\"contentUrl\":\"https:\/\/job.szczecinek.pl\/wp-content\/uploads\/2022\/05\/job-szczecinek.jpg\",\"width\":1200,\"height\":630,\"caption\":\"JOB Szczecinek\"},\"image\":{\"@id\":\"https:\/\/job.szczecinek.pl\/#\/schema\/logo\/image\/\"}}]}<\/script>\n<!-- \/ Yoast SEO plugin. -->","yoast_head_json":{"title":"O firmie - JOB Szczecinek","description":"Firma JOB gwarantuje us\u0142ugi i produkcj\u0119 element\u00f3w gotowych wyrob\u00f3w z metalu w szerokim zakresie. Nasze produkty ,wykorzystywane s\u0105 w bran\u017cy","robots":{"index":"index","follow":"follow","max-snippet":"max-snippet:-1","max-image-preview":"max-image-preview:large","max-video-preview":"max-video-preview:-1"},"canonical":"https:\/\/job.szczecinek.pl\/en\/about-us\/","og_locale":"en_GB","og_type":"article","og_title":"O firmie - JOB Szczecinek","og_description":"Firma JOB gwarantuje us\u0142ugi i produkcj\u0119 element\u00f3w gotowych wyrob\u00f3w z metalu w szerokim zakresie. Nasze produkty ,wykorzystywane s\u0105 w bran\u017cy","og_url":"https:\/\/job.szczecinek.pl\/en\/about-us\/","og_site_name":"JOB Szczecinek","article_modified_time":"2024-06-18T09:40:48+00:00","og_image":[{"width":1920,"height":900,"url":"https:\/\/job.szczecinek.pl\/wp-content\/uploads\/2022\/04\/header-1.jpg","type":"image\/jpeg"}],"twitter_card":"summary_large_image","twitter_misc":{"Estimated reading time":"1 minute"},"schema":{"@context":"https:\/\/schema.org","@graph":[{"@type":"WebPage","@id":"https:\/\/job.szczecinek.pl\/o-firmie\/","url":"https:\/\/job.szczecinek.pl\/o-firmie\/","name":"O firmie - JOB Szczecinek","isPartOf":{"@id":"https:\/\/job.szczecinek.pl\/#website"},"primaryImageOfPage":{"@id":"https:\/\/job.szczecinek.pl\/o-firmie\/#primaryimage"},"image":{"@id":"https:\/\/job.szczecinek.pl\/o-firmie\/#primaryimage"},"thumbnailUrl":"https:\/\/job.szczecinek.pl\/wp-content\/uploads\/2022\/04\/header-1.jpg","datePublished":"2022-04-25T08:27:00+00:00","dateModified":"2024-06-18T09:40:48+00:00","description":"Firma JOB gwarantuje us\u0142ugi i produkcj\u0119 element\u00f3w gotowych wyrob\u00f3w z metalu w szerokim zakresie. Nasze produkty ,wykorzystywane s\u0105 w bran\u017cy","inLanguage":"en-GB","potentialAction":[{"@type":"ReadAction","target":["https:\/\/job.szczecinek.pl\/o-firmie\/"]}]},{"@type":"ImageObject","inLanguage":"en-GB","@id":"https:\/\/job.szczecinek.pl\/o-firmie\/#primaryimage","url":"https:\/\/job.szczecinek.pl\/wp-content\/uploads\/2022\/04\/header-1.jpg","contentUrl":"https:\/\/job.szczecinek.pl\/wp-content\/uploads\/2022\/04\/header-1.jpg","width":1920,"height":900},{"@type":"WebSite","@id":"https:\/\/job.szczecinek.pl\/#website","url":"https:\/\/job.szczecinek.pl\/","name":"JOB Szczecinek","description":"Wyroby metalowe","publisher":{"@id":"https:\/\/job.szczecinek.pl\/#organization"},"potentialAction":[{"@type":"SearchAction","target":{"@type":"EntryPoint","urlTemplate":"https:\/\/job.szczecinek.pl\/?s={search_term_string}"},"query-input":{"@type":"PropertyValueSpecification","valueRequired":true,"valueName":"search_term_string"}}],"inLanguage":"en-GB"},{"@type":"Organization","@id":"https:\/\/job.szczecinek.pl\/#organization","name":"JOB Szczecinek","url":"https:\/\/job.szczecinek.pl\/","logo":{"@type":"ImageObject","inLanguage":"en-GB","@id":"https:\/\/job.szczecinek.pl\/#\/schema\/logo\/image\/","url":"https:\/\/job.szczecinek.pl\/wp-content\/uploads\/2022\/05\/job-szczecinek.jpg","contentUrl":"https:\/\/job.szczecinek.pl\/wp-content\/uploads\/2022\/05\/job-szczecinek.jpg","width":1200,"height":630,"caption":"JOB Szczecinek"},"image":{"@id":"https:\/\/job.szczecinek.pl\/#\/schema\/logo\/image\/"}}]}},"_links":{"self":[{"href":"https:\/\/job.szczecinek.pl\/en\/wp-json\/wp\/v2\/pages\/81","targetHints":{"allow":["GET"]}}],"collection":[{"href":"https:\/\/job.szczecinek.pl\/en\/wp-json\/wp\/v2\/pages"}],"about":[{"href":"https:\/\/job.szczecinek.pl\/en\/wp-json\/wp\/v2\/types\/page"}],"author":[{"embeddable":true,"href":"https:\/\/job.szczecinek.pl\/en\/wp-json\/wp\/v2\/users\/1"}],"replies":[{"embeddable":true,"href":"https:\/\/job.szczecinek.pl\/en\/wp-json\/wp\/v2\/comments?post=81"}],"version-history":[{"count":0,"href":"https:\/\/job.szczecinek.pl\/en\/wp-json\/wp\/v2\/pages\/81\/revisions"}],"wp:featuredmedia":[{"embeddable":true,"href":"https:\/\/job.szczecinek.pl\/en\/wp-json\/wp\/v2\/media\/74"}],"wp:attachment":[{"href":"https:\/\/job.szczecinek.pl\/en\/wp-json\/wp\/v2\/media?parent=81"}],"curies":[{"name":"wp","href":"https:\/\/api.w.org\/{rel}","templated":true}]}}