{"id":86,"date":"2022-04-25T10:27:54","date_gmt":"2022-04-25T08:27:54","guid":{"rendered":"https:\/\/job.szczecinek.pl\/?page_id=86"},"modified":"2022-05-12T09:38:38","modified_gmt":"2022-05-12T07:38:38","slug":"do-pobrania","status":"publish","type":"page","link":"https:\/\/job.szczecinek.pl\/en\/download\/","title":{"rendered":"Download"},"content":{"rendered":"<p>You can download our company's business profile in PDF format. We will make every effort to include other files showcasing our company's capabilities.<\/p>\n\n\n\n<p><strong>We invite you to familiarize yourself with the profile of JOB Szczecinek company:<\/strong><\/p>\n\n\n\n<p class=\"do-pobrania\"><a href=\"https:\/\/job.szczecinek.pl\/wp-content\/uploads\/2022\/05\/park-maszynowy.pdf\" target=\"_blank\" rel=\"noreferrer noopener\">Polish<\/a><\/p>\n\n\n\n<p class=\"do-pobrania\"><a href=\"https:\/\/job.szczecinek.pl\/wp-content\/uploads\/2022\/05\/park-maszynowa-wersja-angielska.pdf\" target=\"_blank\" rel=\"noreferrer noopener\">English<\/a><\/p>\n\n\n\n<p class=\"do-pobrania\"><a href=\"https:\/\/job.szczecinek.pl\/wp-content\/uploads\/2022\/05\/park-maszynowa-wersja-niemiecka.pdf\" target=\"_blank\" rel=\"noreferrer noopener\">German<\/a><\/p>\n\n\n\n<h3 class=\"wp-block-heading\">Disinfection stations - product cards for download<\/h3>\n\n\n\n<p class=\"do-pobrania\"><a href=\"https:\/\/job.szczecinek.pl\/wp-content\/uploads\/2022\/05\/PDF-kompresja-6.pdf\" target=\"_blank\" rel=\"noreferrer noopener\">Dispenser with hanging housing EMST 03 TP<\/a><\/p>\n\n\n\n<p class=\"do-pobrania\"><a href=\"https:\/\/job.szczecinek.pl\/wp-content\/uploads\/2022\/05\/PDF-kompresja-5.pdf\" target=\"_blank\" rel=\"noreferrer noopener\">SMYK - dispenser for disinfecting liquids for children EMST 02, EMST 03<\/a><\/p>\n\n\n\n<p class=\"do-pobrania\"><a href=\"https:\/\/job.szczecinek.pl\/wp-content\/uploads\/2022\/05\/EMDN01_PL.pdf\" target=\"_blank\" rel=\"noreferrer noopener\">Hand disinfection station - foot dispenser EMDN 01<\/a><\/p>\n\n\n\n<p class=\"do-pobrania\"><a href=\"https:\/\/job.szczecinek.pl\/wp-content\/uploads\/2022\/05\/Sterylizator-kompresja.pdf\" target=\"_blank\" rel=\"noreferrer noopener\">Air sterilizer EMSP 01<\/a><\/p>\n\n\n\n<p class=\"do-pobrania\"><a href=\"https:\/\/job.szczecinek.pl\/wp-content\/uploads\/2022\/05\/PDF-kompresja-3.pdf\" target=\"_blank\" rel=\"noreferrer noopener\">Universal hand disinfection station EMDEZ 02<\/a><\/p>\n\n\n\n<p class=\"do-pobrania\"><a href=\"https:\/\/job.szczecinek.pl\/wp-content\/uploads\/2022\/05\/PDF-kompresja-7.pdf\" target=\"_blank\" rel=\"noreferrer noopener\">Universal waste bin<\/a><\/p>","protected":false},"excerpt":{"rendered":"<p>Mog\u0105 Pa\u0144stwo pobra\u0107 profil dzia\u0142alno\u015bci naszej firmy w formacie PDF, do\u0142o\u017cymy wszelkich stara\u0144 aby znalaz\u0142y si\u0119 tu r\u00f3wnie\u017c inne pliki prezentuj\u0105ce mo\u017cliwo\u015bci naszej firmy: Zapraszamy&#8230;<\/p>","protected":false},"author":1,"featured_media":74,"parent":0,"menu_order":0,"comment_status":"closed","ping_status":"closed","template":"","meta":{"_acf_changed":false,"footnotes":""},"class_list":["post-86","page","type-page","status-publish","has-post-thumbnail","hentry"],"acf":[],"yoast_head":"<!-- This site is optimized with the Yoast SEO plugin v25.7 - https:\/\/yoast.com\/wordpress\/plugins\/seo\/ -->\n<title>Do pobrania - JOB Szczecinek<\/title>\n<meta name=\"description\" content=\"Mog\u0105 Pa\u0144stwo pobra\u0107 profil dzia\u0142alno\u015bci naszej firmy w formacie PDF, do\u0142o\u017cymy wszelkich stara\u0144 aby znalaz\u0142y si\u0119 tu r\u00f3wnie\u017c inne pliki prezentuj\u0105ce\" \/>\n<meta name=\"robots\" content=\"index, follow, max-snippet:-1, max-image-preview:large, max-video-preview:-1\" \/>\n<link rel=\"canonical\" href=\"https:\/\/job.szczecinek.pl\/en\/download\/\" \/>\n<meta property=\"og:locale\" content=\"en_GB\" \/>\n<meta property=\"og:type\" content=\"article\" \/>\n<meta property=\"og:title\" content=\"Do pobrania - JOB Szczecinek\" \/>\n<meta property=\"og:description\" content=\"Mog\u0105 Pa\u0144stwo pobra\u0107 profil dzia\u0142alno\u015bci naszej firmy w formacie PDF, do\u0142o\u017cymy wszelkich stara\u0144 aby znalaz\u0142y si\u0119 tu r\u00f3wnie\u017c inne pliki prezentuj\u0105ce\" \/>\n<meta property=\"og:url\" content=\"https:\/\/job.szczecinek.pl\/en\/download\/\" \/>\n<meta property=\"og:site_name\" content=\"JOB Szczecinek\" \/>\n<meta property=\"article:modified_time\" content=\"2022-05-12T07:38:38+00:00\" \/>\n<meta property=\"og:image\" content=\"https:\/\/job.szczecinek.pl\/wp-content\/uploads\/2022\/04\/header-1.jpg\" \/>\n\t<meta property=\"og:image:width\" content=\"1920\" \/>\n\t<meta property=\"og:image:height\" content=\"900\" \/>\n\t<meta property=\"og:image:type\" content=\"image\/jpeg\" \/>\n<meta name=\"twitter:card\" content=\"summary_large_image\" \/>\n<meta name=\"twitter:label1\" content=\"Estimated reading time\" \/>\n\t<meta name=\"twitter:data1\" content=\"1 minute\" \/>\n<script type=\"application\/ld+json\" class=\"yoast-schema-graph\">{\"@context\":\"https:\/\/schema.org\",\"@graph\":[{\"@type\":\"WebPage\",\"@id\":\"https:\/\/job.szczecinek.pl\/do-pobrania\/\",\"url\":\"https:\/\/job.szczecinek.pl\/do-pobrania\/\",\"name\":\"Do pobrania - JOB Szczecinek\",\"isPartOf\":{\"@id\":\"https:\/\/job.szczecinek.pl\/#website\"},\"primaryImageOfPage\":{\"@id\":\"https:\/\/job.szczecinek.pl\/do-pobrania\/#primaryimage\"},\"image\":{\"@id\":\"https:\/\/job.szczecinek.pl\/do-pobrania\/#primaryimage\"},\"thumbnailUrl\":\"https:\/\/job.szczecinek.pl\/wp-content\/uploads\/2022\/04\/header-1.jpg\",\"datePublished\":\"2022-04-25T08:27:54+00:00\",\"dateModified\":\"2022-05-12T07:38:38+00:00\",\"description\":\"Mog\u0105 Pa\u0144stwo pobra\u0107 profil dzia\u0142alno\u015bci naszej firmy w formacie PDF, do\u0142o\u017cymy wszelkich stara\u0144 aby znalaz\u0142y si\u0119 tu r\u00f3wnie\u017c inne pliki prezentuj\u0105ce\",\"inLanguage\":\"en-GB\",\"potentialAction\":[{\"@type\":\"ReadAction\",\"target\":[\"https:\/\/job.szczecinek.pl\/do-pobrania\/\"]}]},{\"@type\":\"ImageObject\",\"inLanguage\":\"en-GB\",\"@id\":\"https:\/\/job.szczecinek.pl\/do-pobrania\/#primaryimage\",\"url\":\"https:\/\/job.szczecinek.pl\/wp-content\/uploads\/2022\/04\/header-1.jpg\",\"contentUrl\":\"https:\/\/job.szczecinek.pl\/wp-content\/uploads\/2022\/04\/header-1.jpg\",\"width\":1920,\"height\":900},{\"@type\":\"WebSite\",\"@id\":\"https:\/\/job.szczecinek.pl\/#website\",\"url\":\"https:\/\/job.szczecinek.pl\/\",\"name\":\"JOB Szczecinek\",\"description\":\"Wyroby metalowe\",\"publisher\":{\"@id\":\"https:\/\/job.szczecinek.pl\/#organization\"},\"potentialAction\":[{\"@type\":\"SearchAction\",\"target\":{\"@type\":\"EntryPoint\",\"urlTemplate\":\"https:\/\/job.szczecinek.pl\/?s={search_term_string}\"},\"query-input\":{\"@type\":\"PropertyValueSpecification\",\"valueRequired\":true,\"valueName\":\"search_term_string\"}}],\"inLanguage\":\"en-GB\"},{\"@type\":\"Organization\",\"@id\":\"https:\/\/job.szczecinek.pl\/#organization\",\"name\":\"JOB Szczecinek\",\"url\":\"https:\/\/job.szczecinek.pl\/\",\"logo\":{\"@type\":\"ImageObject\",\"inLanguage\":\"en-GB\",\"@id\":\"https:\/\/job.szczecinek.pl\/#\/schema\/logo\/image\/\",\"url\":\"https:\/\/job.szczecinek.pl\/wp-content\/uploads\/2022\/05\/job-szczecinek.jpg\",\"contentUrl\":\"https:\/\/job.szczecinek.pl\/wp-content\/uploads\/2022\/05\/job-szczecinek.jpg\",\"width\":1200,\"height\":630,\"caption\":\"JOB Szczecinek\"},\"image\":{\"@id\":\"https:\/\/job.szczecinek.pl\/#\/schema\/logo\/image\/\"}}]}<\/script>\n<!-- \/ Yoast SEO plugin. -->","yoast_head_json":{"title":"Do pobrania - JOB Szczecinek","description":"Mog\u0105 Pa\u0144stwo pobra\u0107 profil dzia\u0142alno\u015bci naszej firmy w formacie PDF, do\u0142o\u017cymy wszelkich stara\u0144 aby znalaz\u0142y si\u0119 tu r\u00f3wnie\u017c inne pliki prezentuj\u0105ce","robots":{"index":"index","follow":"follow","max-snippet":"max-snippet:-1","max-image-preview":"max-image-preview:large","max-video-preview":"max-video-preview:-1"},"canonical":"https:\/\/job.szczecinek.pl\/en\/download\/","og_locale":"en_GB","og_type":"article","og_title":"Do pobrania - JOB Szczecinek","og_description":"Mog\u0105 Pa\u0144stwo pobra\u0107 profil dzia\u0142alno\u015bci naszej firmy w formacie PDF, do\u0142o\u017cymy wszelkich stara\u0144 aby znalaz\u0142y si\u0119 tu r\u00f3wnie\u017c inne pliki prezentuj\u0105ce","og_url":"https:\/\/job.szczecinek.pl\/en\/download\/","og_site_name":"JOB Szczecinek","article_modified_time":"2022-05-12T07:38:38+00:00","og_image":[{"width":1920,"height":900,"url":"https:\/\/job.szczecinek.pl\/wp-content\/uploads\/2022\/04\/header-1.jpg","type":"image\/jpeg"}],"twitter_card":"summary_large_image","twitter_misc":{"Estimated reading time":"1 minute"},"schema":{"@context":"https:\/\/schema.org","@graph":[{"@type":"WebPage","@id":"https:\/\/job.szczecinek.pl\/do-pobrania\/","url":"https:\/\/job.szczecinek.pl\/do-pobrania\/","name":"Do pobrania - JOB Szczecinek","isPartOf":{"@id":"https:\/\/job.szczecinek.pl\/#website"},"primaryImageOfPage":{"@id":"https:\/\/job.szczecinek.pl\/do-pobrania\/#primaryimage"},"image":{"@id":"https:\/\/job.szczecinek.pl\/do-pobrania\/#primaryimage"},"thumbnailUrl":"https:\/\/job.szczecinek.pl\/wp-content\/uploads\/2022\/04\/header-1.jpg","datePublished":"2022-04-25T08:27:54+00:00","dateModified":"2022-05-12T07:38:38+00:00","description":"Mog\u0105 Pa\u0144stwo pobra\u0107 profil dzia\u0142alno\u015bci naszej firmy w formacie PDF, do\u0142o\u017cymy wszelkich stara\u0144 aby znalaz\u0142y si\u0119 tu r\u00f3wnie\u017c inne pliki prezentuj\u0105ce","inLanguage":"en-GB","potentialAction":[{"@type":"ReadAction","target":["https:\/\/job.szczecinek.pl\/do-pobrania\/"]}]},{"@type":"ImageObject","inLanguage":"en-GB","@id":"https:\/\/job.szczecinek.pl\/do-pobrania\/#primaryimage","url":"https:\/\/job.szczecinek.pl\/wp-content\/uploads\/2022\/04\/header-1.jpg","contentUrl":"https:\/\/job.szczecinek.pl\/wp-content\/uploads\/2022\/04\/header-1.jpg","width":1920,"height":900},{"@type":"WebSite","@id":"https:\/\/job.szczecinek.pl\/#website","url":"https:\/\/job.szczecinek.pl\/","name":"JOB Szczecinek","description":"Wyroby metalowe","publisher":{"@id":"https:\/\/job.szczecinek.pl\/#organization"},"potentialAction":[{"@type":"SearchAction","target":{"@type":"EntryPoint","urlTemplate":"https:\/\/job.szczecinek.pl\/?s={search_term_string}"},"query-input":{"@type":"PropertyValueSpecification","valueRequired":true,"valueName":"search_term_string"}}],"inLanguage":"en-GB"},{"@type":"Organization","@id":"https:\/\/job.szczecinek.pl\/#organization","name":"JOB Szczecinek","url":"https:\/\/job.szczecinek.pl\/","logo":{"@type":"ImageObject","inLanguage":"en-GB","@id":"https:\/\/job.szczecinek.pl\/#\/schema\/logo\/image\/","url":"https:\/\/job.szczecinek.pl\/wp-content\/uploads\/2022\/05\/job-szczecinek.jpg","contentUrl":"https:\/\/job.szczecinek.pl\/wp-content\/uploads\/2022\/05\/job-szczecinek.jpg","width":1200,"height":630,"caption":"JOB Szczecinek"},"image":{"@id":"https:\/\/job.szczecinek.pl\/#\/schema\/logo\/image\/"}}]}},"_links":{"self":[{"href":"https:\/\/job.szczecinek.pl\/en\/wp-json\/wp\/v2\/pages\/86","targetHints":{"allow":["GET"]}}],"collection":[{"href":"https:\/\/job.szczecinek.pl\/en\/wp-json\/wp\/v2\/pages"}],"about":[{"href":"https:\/\/job.szczecinek.pl\/en\/wp-json\/wp\/v2\/types\/page"}],"author":[{"embeddable":true,"href":"https:\/\/job.szczecinek.pl\/en\/wp-json\/wp\/v2\/users\/1"}],"replies":[{"embeddable":true,"href":"https:\/\/job.szczecinek.pl\/en\/wp-json\/wp\/v2\/comments?post=86"}],"version-history":[{"count":0,"href":"https:\/\/job.szczecinek.pl\/en\/wp-json\/wp\/v2\/pages\/86\/revisions"}],"wp:featuredmedia":[{"embeddable":true,"href":"https:\/\/job.szczecinek.pl\/en\/wp-json\/wp\/v2\/media\/74"}],"wp:attachment":[{"href":"https:\/\/job.szczecinek.pl\/en\/wp-json\/wp\/v2\/media?parent=86"}],"curies":[{"name":"wp","href":"https:\/\/api.w.org\/{rel}","templated":true}]}}